{"id":1074,"date":"2024-07-08T19:26:16","date_gmt":"2024-07-08T17:26:16","guid":{"rendered":"https:\/\/www.fundacionindex.com\/casamagina\/?page_id=1074"},"modified":"2024-07-08T19:26:32","modified_gmt":"2024-07-08T17:26:32","slug":"rosa-justicia-gonzalez","status":"publish","type":"page","link":"https:\/\/casamagina.fundacionindex.com\/?page_id=1074","title":{"rendered":"Rosa Justicia Gonz\u00e1lez"},"content":{"rendered":"\t\t<div data-elementor-type=\"wp-page\" data-elementor-id=\"1074\" class=\"elementor elementor-1074\">\n\t\t\t\t\t\t<section class=\"elementor-section elementor-top-section elementor-element elementor-element-eb053c7 elementor-section-boxed elementor-section-height-default elementor-section-height-default\" data-id=\"eb053c7\" data-element_type=\"section\" data-e-type=\"section\">\n\t\t\t\t\t\t<div class=\"elementor-container elementor-column-gap-default\">\n\t\t\t\t\t<div class=\"elementor-column elementor-col-33 elementor-top-column elementor-element elementor-element-94e8987\" data-id=\"94e8987\" data-element_type=\"column\" data-e-type=\"column\">\n\t\t\t<div class=\"elementor-widget-wrap\">\n\t\t\t\t\t\t\t<\/div>\n\t\t<\/div>\n\t\t\t\t<div class=\"elementor-column elementor-col-66 elementor-top-column elementor-element elementor-element-90dbbd3\" data-id=\"90dbbd3\" data-element_type=\"column\" data-e-type=\"column\">\n\t\t\t<div class=\"elementor-widget-wrap elementor-element-populated\">\n\t\t\t\t\t\t<div class=\"elementor-element elementor-element-a8554a7 elementor-widget elementor-widget-text-editor\" data-id=\"a8554a7\" data-element_type=\"widget\" data-e-type=\"widget\" data-widget_type=\"text-editor.default\">\n\t\t\t\t<div class=\"elementor-widget-container\">\n\t\t\t\t\t\t\t\t\t<p><em>Antes viv\u00edamos de lo que daba el campo. La naturaleza se respetaba.<\/em><\/p>\t\t\t\t\t\t\t\t<\/div>\n\t\t\t\t<\/div>\n\t\t\t\t\t<\/div>\n\t\t<\/div>\n\t\t\t\t\t<\/div>\n\t\t<\/section>\n\t\t\t\t<section class=\"elementor-section elementor-top-section elementor-element elementor-element-8f98e7d elementor-section-boxed elementor-section-height-default elementor-section-height-default\" data-id=\"8f98e7d\" data-element_type=\"section\" data-e-type=\"section\">\n\t\t\t\t\t\t<div class=\"elementor-container elementor-column-gap-default\">\n\t\t\t\t\t<div class=\"elementor-column elementor-col-50 elementor-top-column elementor-element elementor-element-98b81c5\" data-id=\"98b81c5\" data-element_type=\"column\" data-e-type=\"column\">\n\t\t\t<div class=\"elementor-widget-wrap elementor-element-populated\">\n\t\t\t\t\t\t<div class=\"elementor-element elementor-element-6769afa elementor-widget elementor-widget-image\" data-id=\"6769afa\" data-element_type=\"widget\" data-e-type=\"widget\" data-widget_type=\"image.default\">\n\t\t\t\t<div class=\"elementor-widget-container\">\n\t\t\t\t\t\t\t\t\t\t\t\t\t\t\t<img fetchpriority=\"high\" decoding=\"async\" width=\"604\" height=\"854\" src=\"https:\/\/casamagina.fundacionindex.com\/wp-content\/uploads\/2024\/07\/Copia-de-Copia-de-Poster-exposicion-de-arte-minimalista-blanco-y-negro-724x1024.png\" class=\"attachment-large size-large wp-image-1077\" alt=\"\" srcset=\"https:\/\/casamagina.fundacionindex.com\/wp-content\/uploads\/2024\/07\/Copia-de-Copia-de-Poster-exposicion-de-arte-minimalista-blanco-y-negro-724x1024.png 724w, https:\/\/casamagina.fundacionindex.com\/wp-content\/uploads\/2024\/07\/Copia-de-Copia-de-Poster-exposicion-de-arte-minimalista-blanco-y-negro-212x300.png 212w, https:\/\/casamagina.fundacionindex.com\/wp-content\/uploads\/2024\/07\/Copia-de-Copia-de-Poster-exposicion-de-arte-minimalista-blanco-y-negro-768x1086.png 768w, https:\/\/casamagina.fundacionindex.com\/wp-content\/uploads\/2024\/07\/Copia-de-Copia-de-Poster-exposicion-de-arte-minimalista-blanco-y-negro-1086x1536.png 1086w, https:\/\/casamagina.fundacionindex.com\/wp-content\/uploads\/2024\/07\/Copia-de-Copia-de-Poster-exposicion-de-arte-minimalista-blanco-y-negro-1448x2048.png 1448w, https:\/\/casamagina.fundacionindex.com\/wp-content\/uploads\/2024\/07\/Copia-de-Copia-de-Poster-exposicion-de-arte-minimalista-blanco-y-negro.png 1587w\" sizes=\"(max-width: 604px) 100vw, 604px\" \/>\t\t\t\t\t\t\t\t\t\t\t\t\t\t\t<\/div>\n\t\t\t\t<\/div>\n\t\t\t\t\t<\/div>\n\t\t<\/div>\n\t\t\t\t<div class=\"elementor-column elementor-col-50 elementor-top-column elementor-element elementor-element-8251346\" data-id=\"8251346\" data-element_type=\"column\" data-e-type=\"column\">\n\t\t\t<div class=\"elementor-widget-wrap elementor-element-populated\">\n\t\t\t\t\t\t<div class=\"elementor-element elementor-element-9377dd9 elementor-widget elementor-widget-text-editor\" data-id=\"9377dd9\" data-element_type=\"widget\" data-e-type=\"widget\" data-widget_type=\"text-editor.default\">\n\t\t\t\t<div class=\"elementor-widget-container\">\n\t\t\t\t\t\t\t\t\t<p>Rosa Justicia Gonz\u00e1lez, a sus 77 a\u00f1os y oriunda de Cabra del Santo Cristo (Ja\u00e9n), nos revela con su historia c\u00f3mo el camino se forja a trav\u00e9s de la p\u00e9rdida y el sacrificio. Guiada por la sabidur\u00eda transmitida por sus padres, quienes le inculcaron un profundo respeto por la naturaleza, Rosa ha enfrentado enfermedades y adversidades con una fortaleza admirable. Su relato es un testimonio vivo de perseverancia y adaptaci\u00f3n a tiempos cambiantes, pero siempre arraigada en las profundas ra\u00edces familiares.\u00a0<\/p>\t\t\t\t\t\t\t\t<\/div>\n\t\t\t\t<\/div>\n\t\t\t\t\t<\/div>\n\t\t<\/div>\n\t\t\t\t\t<\/div>\n\t\t<\/section>\n\t\t\t\t<section class=\"elementor-section elementor-top-section elementor-element elementor-element-f12adf5 elementor-section-boxed elementor-section-height-default elementor-section-height-default\" data-id=\"f12adf5\" data-element_type=\"section\" data-e-type=\"section\">\n\t\t\t\t\t\t<div class=\"elementor-container elementor-column-gap-default\">\n\t\t\t\t\t<div class=\"elementor-column elementor-col-100 elementor-top-column elementor-element elementor-element-f07d9af\" data-id=\"f07d9af\" data-element_type=\"column\" data-e-type=\"column\">\n\t\t\t<div class=\"elementor-widget-wrap elementor-element-populated\">\n\t\t\t\t\t\t<div class=\"elementor-element elementor-element-e09b73a elementor-widget elementor-widget-text-editor\" data-id=\"e09b73a\" data-element_type=\"widget\" data-e-type=\"widget\" data-widget_type=\"text-editor.default\">\n\t\t\t\t<div class=\"elementor-widget-container\">\n\t\t\t\t\t\t\t\t\t<p>La hija de Rosa abri\u00f3 la puerta de la casa en el d\u00eda de la entrevista. Rosa estaba sentada, algo fatigada por las tareas cotidianas del hogar. Mientras narraba su vida, la hija de Rosa no pod\u00eda ocultar su sorpresa, pues desconoc\u00eda por completo los remedios que su madre hab\u00eda usado durante toda su vida. Y as\u00ed, con la sabidur\u00eda de quien ha vivido mucho, Rosa le dijo: \u00abla vida moderna ya llevo otro ritmo\u00bb.<\/p>\t\t\t\t\t\t\t\t<\/div>\n\t\t\t\t<\/div>\n\t\t\t\t\t<\/div>\n\t\t<\/div>\n\t\t\t\t\t<\/div>\n\t\t<\/section>\n\t\t\t\t<section class=\"elementor-section elementor-top-section elementor-element elementor-element-3d20e42 elementor-section-boxed elementor-section-height-default elementor-section-height-default\" data-id=\"3d20e42\" data-element_type=\"section\" data-e-type=\"section\">\n\t\t\t\t\t\t<div class=\"elementor-container elementor-column-gap-default\">\n\t\t\t\t\t<div class=\"elementor-column elementor-col-100 elementor-top-column elementor-element elementor-element-5838cc5\" data-id=\"5838cc5\" data-element_type=\"column\" data-e-type=\"column\">\n\t\t\t<div class=\"elementor-widget-wrap elementor-element-populated\">\n\t\t\t\t\t\t<div class=\"elementor-element elementor-element-130d62a elementor-arrows-position-inside elementor-pagination-position-outside elementor-widget elementor-widget-image-carousel\" data-id=\"130d62a\" data-element_type=\"widget\" data-e-type=\"widget\" data-settings=\"{&quot;slides_to_show&quot;:&quot;1&quot;,&quot;navigation&quot;:&quot;both&quot;,&quot;autoplay&quot;:&quot;yes&quot;,&quot;pause_on_hover&quot;:&quot;yes&quot;,&quot;pause_on_interaction&quot;:&quot;yes&quot;,&quot;autoplay_speed&quot;:5000,&quot;infinite&quot;:&quot;yes&quot;,&quot;effect&quot;:&quot;slide&quot;,&quot;speed&quot;:500}\" data-widget_type=\"image-carousel.default\">\n\t\t\t\t<div class=\"elementor-widget-container\">\n\t\t\t\t\t\t\t<div class=\"elementor-image-carousel-wrapper swiper\" role=\"region\" aria-roledescription=\"carousel\" aria-label=\"Carrusel de im\u00e1genes\" dir=\"ltr\">\n\t\t\t<div class=\"elementor-image-carousel swiper-wrapper\" aria-live=\"off\">\n\t\t\t\t\t\t\t\t<div class=\"swiper-slide\" role=\"group\" aria-roledescription=\"slide\" aria-label=\"1 de 2\"><figure class=\"swiper-slide-inner\"><img decoding=\"async\" class=\"swiper-slide-image\" src=\"https:\/\/casamagina.fundacionindex.com\/wp-content\/uploads\/2024\/07\/Familia-de-Rosa.jpeg\" alt=\"Familia de Rosa\" \/><\/figure><\/div><div class=\"swiper-slide\" role=\"group\" aria-roledescription=\"slide\" aria-label=\"2 de 2\"><figure class=\"swiper-slide-inner\"><img decoding=\"async\" class=\"swiper-slide-image\" src=\"https:\/\/casamagina.fundacionindex.com\/wp-content\/uploads\/2024\/07\/Boda-de-Rosa.jpeg\" alt=\"Boda de Rosa\" \/><\/figure><\/div>\t\t\t<\/div>\n\t\t\t\t\t\t\t\t\t\t\t\t<div class=\"elementor-swiper-button elementor-swiper-button-prev\" role=\"button\" tabindex=\"0\">\n\t\t\t\t\t\t<i aria-hidden=\"true\" class=\"eicon-chevron-left\"><\/i>\t\t\t\t\t<\/div>\n\t\t\t\t\t<div class=\"elementor-swiper-button elementor-swiper-button-next\" role=\"button\" tabindex=\"0\">\n\t\t\t\t\t\t<i aria-hidden=\"true\" class=\"eicon-chevron-right\"><\/i>\t\t\t\t\t<\/div>\n\t\t\t\t\n\t\t\t\t\t\t\t\t\t<div class=\"swiper-pagination\"><\/div>\n\t\t\t\t\t\t\t\t\t<\/div>\n\t\t\t\t\t\t<\/div>\n\t\t\t\t<\/div>\n\t\t\t\t\t<\/div>\n\t\t<\/div>\n\t\t\t\t\t<\/div>\n\t\t<\/section>\n\t\t\t\t<section class=\"elementor-section elementor-top-section elementor-element elementor-element-9371f9d elementor-section-boxed elementor-section-height-default elementor-section-height-default\" data-id=\"9371f9d\" data-element_type=\"section\" data-e-type=\"section\">\n\t\t\t\t\t\t<div class=\"elementor-container elementor-column-gap-default\">\n\t\t\t\t\t<div class=\"elementor-column elementor-col-33 elementor-top-column elementor-element elementor-element-2e3e0a7\" data-id=\"2e3e0a7\" data-element_type=\"column\" data-e-type=\"column\">\n\t\t\t<div class=\"elementor-widget-wrap elementor-element-populated\">\n\t\t\t\t\t\t<div class=\"elementor-element elementor-element-064cb27 elementor-widget elementor-widget-image\" data-id=\"064cb27\" data-element_type=\"widget\" data-e-type=\"widget\" data-widget_type=\"image.default\">\n\t\t\t\t<div class=\"elementor-widget-container\">\n\t\t\t\t\t\t\t\t\t\t\t\t<figure class=\"wp-caption\">\n\t\t\t\t\t\t\t\t\t\t\t<a href=\"https:\/\/www.fundacionindex.com\/casamagina\/?p=1067\">\n\t\t\t\t\t\t\t<img decoding=\"async\" width=\"464\" height=\"563\" src=\"https:\/\/casamagina.fundacionindex.com\/wp-content\/uploads\/2024\/07\/Rosa-1.png\" class=\"elementor-animation-grow attachment-large size-large wp-image-1071\" alt=\"\" srcset=\"https:\/\/casamagina.fundacionindex.com\/wp-content\/uploads\/2024\/07\/Rosa-1.png 464w, https:\/\/casamagina.fundacionindex.com\/wp-content\/uploads\/2024\/07\/Rosa-1-247x300.png 247w\" sizes=\"(max-width: 464px) 100vw, 464px\" \/>\t\t\t\t\t\t\t\t<\/a>\n\t\t\t\t\t\t\t\t\t\t\t<figcaption class=\"widget-image-caption wp-caption-text\">Mi historia<\/figcaption>\n\t\t\t\t\t\t\t\t\t\t<\/figure>\n\t\t\t\t\t\t\t\t\t<\/div>\n\t\t\t\t<\/div>\n\t\t\t\t\t<\/div>\n\t\t<\/div>\n\t\t\t\t<div class=\"elementor-column elementor-col-33 elementor-top-column elementor-element elementor-element-30db3f9\" data-id=\"30db3f9\" data-element_type=\"column\" data-e-type=\"column\">\n\t\t\t<div class=\"elementor-widget-wrap\">\n\t\t\t\t\t\t\t<\/div>\n\t\t<\/div>\n\t\t\t\t<div class=\"elementor-column elementor-col-33 elementor-top-column elementor-element elementor-element-82ef39f\" data-id=\"82ef39f\" data-element_type=\"column\" data-e-type=\"column\">\n\t\t\t<div class=\"elementor-widget-wrap\">\n\t\t\t\t\t\t\t<\/div>\n\t\t<\/div>\n\t\t\t\t\t<\/div>\n\t\t<\/section>\n\t\t\t\t<\/div>\n\t\t","protected":false},"excerpt":{"rendered":"<p>Antes viv\u00edamos de lo que daba el campo. La naturaleza se respetaba. Rosa Justicia Gonz\u00e1lez, a sus 77 a\u00f1os y oriunda de Cabra del Santo Cristo (Ja\u00e9n), nos revela con su historia c\u00f3mo el camino se forja a trav\u00e9s de la p\u00e9rdida y el sacrificio. Guiada por la sabidur\u00eda transmitida por sus padres, quienes le &hellip; <a href=\"https:\/\/casamagina.fundacionindex.com\/?page_id=1074\" class=\"more-link\">Seguir leyendo <span class=\"screen-reader-text\">Rosa Justicia Gonz\u00e1lez<\/span> <span class=\"meta-nav\">&rarr;<\/span><\/a><\/p>\n","protected":false},"author":5,"featured_media":0,"parent":0,"menu_order":0,"comment_status":"closed","ping_status":"closed","template":"","meta":{"footnotes":""},"class_list":["post-1074","page","type-page","status-publish","hentry"],"_links":{"self":[{"href":"https:\/\/casamagina.fundacionindex.com\/index.php?rest_route=\/wp\/v2\/pages\/1074","targetHints":{"allow":["GET"]}}],"collection":[{"href":"https:\/\/casamagina.fundacionindex.com\/index.php?rest_route=\/wp\/v2\/pages"}],"about":[{"href":"https:\/\/casamagina.fundacionindex.com\/index.php?rest_route=\/wp\/v2\/types\/page"}],"author":[{"embeddable":true,"href":"https:\/\/casamagina.fundacionindex.com\/index.php?rest_route=\/wp\/v2\/users\/5"}],"replies":[{"embeddable":true,"href":"https:\/\/casamagina.fundacionindex.com\/index.php?rest_route=%2Fwp%2Fv2%2Fcomments&post=1074"}],"version-history":[{"count":4,"href":"https:\/\/casamagina.fundacionindex.com\/index.php?rest_route=\/wp\/v2\/pages\/1074\/revisions"}],"predecessor-version":[{"id":1082,"href":"https:\/\/casamagina.fundacionindex.com\/index.php?rest_route=\/wp\/v2\/pages\/1074\/revisions\/1082"}],"wp:attachment":[{"href":"https:\/\/casamagina.fundacionindex.com\/index.php?rest_route=%2Fwp%2Fv2%2Fmedia&parent=1074"}],"curies":[{"name":"wp","href":"https:\/\/api.w.org\/{rel}","templated":true}]}}