{"id":1128,"date":"2024-07-09T18:39:19","date_gmt":"2024-07-09T16:39:19","guid":{"rendered":"https:\/\/www.fundacionindex.com\/casamagina\/?page_id=1128"},"modified":"2024-07-19T12:43:48","modified_gmt":"2024-07-19T10:43:48","slug":"ajo","status":"publish","type":"page","link":"https:\/\/casamagina.fundacionindex.com\/?page_id=1128","title":{"rendered":"Ajo"},"content":{"rendered":"\t\t<div data-elementor-type=\"wp-page\" data-elementor-id=\"1128\" class=\"elementor elementor-1128\">\n\t\t\t\t\t\t<section class=\"elementor-section elementor-top-section elementor-element elementor-element-c5d1742 elementor-section-boxed elementor-section-height-default elementor-section-height-default\" data-id=\"c5d1742\" data-element_type=\"section\" data-e-type=\"section\">\n\t\t\t\t\t\t<div class=\"elementor-container elementor-column-gap-default\">\n\t\t\t\t\t<div class=\"elementor-column elementor-col-100 elementor-top-column elementor-element elementor-element-93237cc\" data-id=\"93237cc\" data-element_type=\"column\" data-e-type=\"column\">\n\t\t\t<div class=\"elementor-widget-wrap elementor-element-populated\">\n\t\t\t\t\t\t<div class=\"elementor-element elementor-element-e892708 elementor-widget elementor-widget-heading\" data-id=\"e892708\" data-element_type=\"widget\" data-e-type=\"widget\" data-widget_type=\"heading.default\">\n\t\t\t\t<div class=\"elementor-widget-container\">\n\t\t\t\t\t<h3 class=\"elementor-heading-title elementor-size-default\">M\u00e1s que un condimento, un aliado para la salud<\/h3>\t\t\t\t<\/div>\n\t\t\t\t<\/div>\n\t\t\t\t\t<\/div>\n\t\t<\/div>\n\t\t\t\t\t<\/div>\n\t\t<\/section>\n\t\t\t\t<section class=\"elementor-section elementor-top-section elementor-element elementor-element-bd3a30d elementor-section-boxed elementor-section-height-default elementor-section-height-default\" data-id=\"bd3a30d\" data-element_type=\"section\" data-e-type=\"section\">\n\t\t\t\t\t\t<div class=\"elementor-container elementor-column-gap-default\">\n\t\t\t\t\t<div class=\"elementor-column elementor-col-50 elementor-top-column elementor-element elementor-element-f7ad591\" data-id=\"f7ad591\" data-element_type=\"column\" data-e-type=\"column\">\n\t\t\t<div class=\"elementor-widget-wrap elementor-element-populated\">\n\t\t\t\t\t\t<div class=\"elementor-element elementor-element-76b0453 elementor-widget elementor-widget-image\" data-id=\"76b0453\" data-element_type=\"widget\" data-e-type=\"widget\" data-widget_type=\"image.default\">\n\t\t\t\t<div class=\"elementor-widget-container\">\n\t\t\t\t\t\t\t\t\t\t\t\t<figure class=\"wp-caption\">\n\t\t\t\t\t\t\t\t\t\t<img fetchpriority=\"high\" decoding=\"async\" width=\"263\" height=\"435\" src=\"https:\/\/casamagina.fundacionindex.com\/wp-content\/uploads\/2024\/07\/Allium_sativum_Woodwill_1793.jpg\" class=\"attachment-large size-large wp-image-1130\" alt=\"\" srcset=\"https:\/\/casamagina.fundacionindex.com\/wp-content\/uploads\/2024\/07\/Allium_sativum_Woodwill_1793.jpg 263w, https:\/\/casamagina.fundacionindex.com\/wp-content\/uploads\/2024\/07\/Allium_sativum_Woodwill_1793-181x300.jpg 181w\" sizes=\"(max-width: 263px) 100vw, 263px\" \/>\t\t\t\t\t\t\t\t\t\t\t<figcaption class=\"widget-image-caption wp-caption-text\">James Phillips, 1793<\/figcaption>\n\t\t\t\t\t\t\t\t\t\t<\/figure>\n\t\t\t\t\t\t\t\t\t<\/div>\n\t\t\t\t<\/div>\n\t\t\t\t\t<\/div>\n\t\t<\/div>\n\t\t\t\t<div class=\"elementor-column elementor-col-50 elementor-top-column elementor-element elementor-element-9b11462\" data-id=\"9b11462\" data-element_type=\"column\" data-e-type=\"column\">\n\t\t\t<div class=\"elementor-widget-wrap elementor-element-populated\">\n\t\t\t\t\t\t<div class=\"elementor-element elementor-element-48bc44b elementor-widget elementor-widget-text-editor\" data-id=\"48bc44b\" data-element_type=\"widget\" data-e-type=\"widget\" data-widget_type=\"text-editor.default\">\n\t\t\t\t<div class=\"elementor-widget-container\">\n\t\t\t\t\t\t\t\t\t<h4><em><strong>\u00bfSab\u00edas qu\u00e9?<\/strong><\/em><\/h4><p>En la antig\u00fcedad, se consideraba sagrado en Egipto y se daba a los constructores de pir\u00e1mides para aumentar su resistencia. Tambi\u00e9n se utilizaba en Roma para repeler malos esp\u00edritus. Hoy, el ajo es conocido por ser antibacteriano y vasodilatador. Adem\u00e1s, contiene alicina, su componente activo, m\u00e1s eficaz cuando se consume crudo. Y para evitar su efecto en el aliento, masticar perejil o granos de caf\u00e9 es una soluci\u00f3n eficaz.<\/p>\t\t\t\t\t\t\t\t<\/div>\n\t\t\t\t<\/div>\n\t\t\t\t\t<\/div>\n\t\t<\/div>\n\t\t\t\t\t<\/div>\n\t\t<\/section>\n\t\t\t\t<section class=\"elementor-section elementor-top-section elementor-element elementor-element-396ffab elementor-section-boxed elementor-section-height-default elementor-section-height-default\" data-id=\"396ffab\" data-element_type=\"section\" data-e-type=\"section\">\n\t\t\t\t\t\t<div class=\"elementor-container elementor-column-gap-default\">\n\t\t\t\t\t<div class=\"elementor-column elementor-col-100 elementor-top-column elementor-element elementor-element-fb4c4d3\" data-id=\"fb4c4d3\" data-element_type=\"column\" data-e-type=\"column\">\n\t\t\t<div class=\"elementor-widget-wrap elementor-element-populated\">\n\t\t\t\t\t\t<div class=\"elementor-element elementor-element-07fa214 elementor-widget elementor-widget-image\" data-id=\"07fa214\" data-element_type=\"widget\" data-e-type=\"widget\" data-widget_type=\"image.default\">\n\t\t\t\t<div class=\"elementor-widget-container\">\n\t\t\t\t\t\t\t\t\t\t\t\t\t\t\t<img decoding=\"async\" width=\"604\" height=\"201\" src=\"https:\/\/casamagina.fundacionindex.com\/wp-content\/uploads\/2024\/07\/ajos-1024x341.png\" class=\"attachment-large size-large wp-image-1131\" alt=\"\" srcset=\"https:\/\/casamagina.fundacionindex.com\/wp-content\/uploads\/2024\/07\/ajos-1024x341.png 1024w, https:\/\/casamagina.fundacionindex.com\/wp-content\/uploads\/2024\/07\/ajos-300x100.png 300w, https:\/\/casamagina.fundacionindex.com\/wp-content\/uploads\/2024\/07\/ajos-768x256.png 768w, https:\/\/casamagina.fundacionindex.com\/wp-content\/uploads\/2024\/07\/ajos.png 1500w\" sizes=\"(max-width: 604px) 100vw, 604px\" \/>\t\t\t\t\t\t\t\t\t\t\t\t\t\t\t<\/div>\n\t\t\t\t<\/div>\n\t\t\t\t\t<\/div>\n\t\t<\/div>\n\t\t\t\t\t<\/div>\n\t\t<\/section>\n\t\t\t\t<section class=\"elementor-section elementor-top-section elementor-element elementor-element-1892d0d elementor-section-boxed elementor-section-height-default elementor-section-height-default\" data-id=\"1892d0d\" data-element_type=\"section\" data-e-type=\"section\">\n\t\t\t\t\t\t<div class=\"elementor-container elementor-column-gap-default\">\n\t\t\t\t\t<div class=\"elementor-column elementor-col-33 elementor-top-column elementor-element elementor-element-2d74a63\" data-id=\"2d74a63\" data-element_type=\"column\" data-e-type=\"column\">\n\t\t\t<div class=\"elementor-widget-wrap elementor-element-populated\">\n\t\t\t\t\t\t<div class=\"elementor-element elementor-element-95df754 elementor-widget elementor-widget-text-editor\" data-id=\"95df754\" data-element_type=\"widget\" data-e-type=\"widget\" data-widget_type=\"text-editor.default\">\n\t\t\t\t<div class=\"elementor-widget-container\">\n\t\t\t\t\t\t\t\t\t<p><strong>Ingredientes<\/strong><\/p><ul><li>Cabeza de ajos<\/li><li>Az\u00facar<\/li><li>1\/2 de agua<\/li><\/ul>\t\t\t\t\t\t\t\t<\/div>\n\t\t\t\t<\/div>\n\t\t\t\t\t<\/div>\n\t\t<\/div>\n\t\t\t\t<div class=\"elementor-column elementor-col-66 elementor-top-column elementor-element elementor-element-fe9a935\" data-id=\"fe9a935\" data-element_type=\"column\" data-e-type=\"column\" data-settings=\"{&quot;background_background&quot;:&quot;gradient&quot;}\">\n\t\t\t<div class=\"elementor-widget-wrap elementor-element-populated\">\n\t\t\t\t\t\t<div class=\"elementor-element elementor-element-ffb15e9 elementor-widget elementor-widget-text-editor\" data-id=\"ffb15e9\" data-element_type=\"widget\" data-e-type=\"widget\" data-widget_type=\"text-editor.default\">\n\t\t\t\t<div class=\"elementor-widget-container\">\n\t\t\t\t\t\t\t\t\t<p>Se pone en un cazo medio litro de agua y la cabeza de ajos. Se cuece durante 30 minutos a fuego lento. Pasado ese tiempo, se pelan los ajos, se machacan y se pone igual cantidad de ajos y az\u00facar. Dejar reposar y colar en un tarro.<\/p>\n<p>Para bajar la tensi\u00f3n es recomendable tomar una cucharada sopera tres veces al d\u00eda.<\/p>\t\t\t\t\t\t\t\t<\/div>\n\t\t\t\t<\/div>\n\t\t\t\t\t<\/div>\n\t\t<\/div>\n\t\t\t\t\t<\/div>\n\t\t<\/section>\n\t\t\t\t<section class=\"elementor-section elementor-top-section elementor-element elementor-element-ea51fb9 elementor-section-boxed elementor-section-height-default elementor-section-height-default\" data-id=\"ea51fb9\" data-element_type=\"section\" data-e-type=\"section\">\n\t\t\t\t\t\t<div class=\"elementor-container elementor-column-gap-default\">\n\t\t\t\t\t<div class=\"elementor-column elementor-col-100 elementor-top-column elementor-element elementor-element-409d1f8\" data-id=\"409d1f8\" data-element_type=\"column\" data-e-type=\"column\">\n\t\t\t<div class=\"elementor-widget-wrap elementor-element-populated\">\n\t\t\t\t\t\t<div class=\"elementor-element elementor-element-3d2df4a elementor-widget elementor-widget-text-editor\" data-id=\"3d2df4a\" data-element_type=\"widget\" data-e-type=\"widget\" data-widget_type=\"text-editor.default\">\n\t\t\t\t<div class=\"elementor-widget-container\">\n\t\t\t\t\t\t\t\t\t<p><strong>Remedio de<\/strong>: Antonia L\u00f3pez Galindo. Cabra del Santo Cristo (Ja\u00e9n).<\/p><p><img decoding=\"async\" class=\"wp-image-736 aligncenter\" src=\"http:\/\/www.fundacionindex.com\/casamagina\/wp-content\/uploads\/2023\/05\/Savias-300x169.png\" alt=\"\" width=\"101\" height=\"57\" srcset=\"https:\/\/casamagina.fundacionindex.com\/wp-content\/uploads\/2023\/05\/Savias-300x169.png 300w, https:\/\/casamagina.fundacionindex.com\/wp-content\/uploads\/2023\/05\/Savias.png 666w\" sizes=\"(max-width: 101px) 100vw, 101px\" \/><\/p>\t\t\t\t\t\t\t\t<\/div>\n\t\t\t\t<\/div>\n\t\t\t\t\t<\/div>\n\t\t<\/div>\n\t\t\t\t\t<\/div>\n\t\t<\/section>\n\t\t\t\t<section class=\"elementor-section elementor-top-section elementor-element elementor-element-70f159c elementor-section-boxed elementor-section-height-default elementor-section-height-default\" data-id=\"70f159c\" data-element_type=\"section\" data-e-type=\"section\">\n\t\t\t\t\t\t<div class=\"elementor-container elementor-column-gap-default\">\n\t\t\t\t\t<div class=\"elementor-column elementor-col-33 elementor-top-column elementor-element elementor-element-62c4e2c\" data-id=\"62c4e2c\" data-element_type=\"column\" data-e-type=\"column\">\n\t\t\t<div class=\"elementor-widget-wrap elementor-element-populated\">\n\t\t\t\t\t\t<div class=\"elementor-element elementor-element-645b3da elementor-widget elementor-widget-text-editor\" data-id=\"645b3da\" data-element_type=\"widget\" data-e-type=\"widget\" data-widget_type=\"text-editor.default\">\n\t\t\t\t<div class=\"elementor-widget-container\">\n\t\t\t\t\t\t\t\t\t<p>Ingredientes<\/p><ul><li>Ajos pelados<\/li><li>Aguardiente seco<\/li><li>Bote de cristal<\/li><li>Hoyo de tierra o macetero<\/li><\/ul>\t\t\t\t\t\t\t\t<\/div>\n\t\t\t\t<\/div>\n\t\t\t\t\t<\/div>\n\t\t<\/div>\n\t\t\t\t<div class=\"elementor-column elementor-col-66 elementor-top-column elementor-element elementor-element-635573e\" data-id=\"635573e\" data-element_type=\"column\" data-e-type=\"column\" data-settings=\"{&quot;background_background&quot;:&quot;gradient&quot;}\">\n\t\t\t<div class=\"elementor-widget-wrap elementor-element-populated\">\n\t\t\t\t\t\t<div class=\"elementor-element elementor-element-c6fea27 elementor-widget elementor-widget-text-editor\" data-id=\"c6fea27\" data-element_type=\"widget\" data-e-type=\"widget\" data-widget_type=\"text-editor.default\">\n\t\t\t\t<div class=\"elementor-widget-container\">\n\t\t\t\t\t\t\t\t\t<p>Se pelan los ajos, hasta llenar el bote. Se a\u00f1ade el aguardiente y se cierra el bote. Se entierra en el hoyo y se cubre con tierra. Dejar macerar 40 d\u00edas. Sacar el bote, limpiar y colar el aguardiente. Poner en una botella y reservar de la luz.<\/p><p>Para fortalecer tu organismo, poner unas gotas debajo de la lengua cada d\u00eda en ayunas hasta llegar a las 11 gotas. Cuando has llegado a 11,\u00a0 restar hasta llegar a una gota.\u00a0<\/p>\t\t\t\t\t\t\t\t<\/div>\n\t\t\t\t<\/div>\n\t\t\t\t\t<\/div>\n\t\t<\/div>\n\t\t\t\t\t<\/div>\n\t\t<\/section>\n\t\t\t\t<section class=\"elementor-section elementor-top-section elementor-element elementor-element-c2faf08 elementor-section-boxed elementor-section-height-default elementor-section-height-default\" data-id=\"c2faf08\" data-element_type=\"section\" data-e-type=\"section\">\n\t\t\t\t\t\t<div class=\"elementor-container elementor-column-gap-default\">\n\t\t\t\t\t<div class=\"elementor-column elementor-col-100 elementor-top-column elementor-element elementor-element-bbcb799\" data-id=\"bbcb799\" data-element_type=\"column\" data-e-type=\"column\">\n\t\t\t<div class=\"elementor-widget-wrap elementor-element-populated\">\n\t\t\t\t\t\t<div class=\"elementor-element elementor-element-8bbf61d elementor-widget elementor-widget-text-editor\" data-id=\"8bbf61d\" data-element_type=\"widget\" data-e-type=\"widget\" data-widget_type=\"text-editor.default\">\n\t\t\t\t<div class=\"elementor-widget-container\">\n\t\t\t\t\t\t\t\t\t<p><strong>Remedio de:<\/strong> Antonia Hern\u00e1ndez L\u00f3pez. Cabra del Santo Cristo (Ja\u00e9n).<\/p><p><img decoding=\"async\" class=\"wp-image-736 aligncenter\" src=\"http:\/\/www.fundacionindex.com\/casamagina\/wp-content\/uploads\/2023\/05\/Savias-300x169.png\" alt=\"\" width=\"101\" height=\"57\" srcset=\"https:\/\/casamagina.fundacionindex.com\/wp-content\/uploads\/2023\/05\/Savias-300x169.png 300w, https:\/\/casamagina.fundacionindex.com\/wp-content\/uploads\/2023\/05\/Savias.png 666w\" sizes=\"(max-width: 101px) 100vw, 101px\" \/><\/p>\t\t\t\t\t\t\t\t<\/div>\n\t\t\t\t<\/div>\n\t\t\t\t\t<\/div>\n\t\t<\/div>\n\t\t\t\t\t<\/div>\n\t\t<\/section>\n\t\t\t\t<section class=\"elementor-section elementor-top-section elementor-element elementor-element-ae69de2 elementor-section-boxed elementor-section-height-default elementor-section-height-default\" data-id=\"ae69de2\" data-element_type=\"section\" data-e-type=\"section\">\n\t\t\t\t\t\t<div class=\"elementor-container elementor-column-gap-default\">\n\t\t\t\t\t<div class=\"elementor-column elementor-col-66 elementor-top-column elementor-element elementor-element-46cb3cb\" data-id=\"46cb3cb\" data-element_type=\"column\" data-e-type=\"column\">\n\t\t\t<div class=\"elementor-widget-wrap\">\n\t\t\t\t\t\t\t<\/div>\n\t\t<\/div>\n\t\t\t\t<div class=\"elementor-column elementor-col-33 elementor-top-column elementor-element elementor-element-7a25a25\" data-id=\"7a25a25\" data-element_type=\"column\" data-e-type=\"column\">\n\t\t\t<div class=\"elementor-widget-wrap elementor-element-populated\">\n\t\t\t\t\t\t<div class=\"elementor-element elementor-element-0a6d046 elementor-widget elementor-widget-text-editor\" data-id=\"0a6d046\" data-element_type=\"widget\" data-e-type=\"widget\" data-widget_type=\"text-editor.default\">\n\t\t\t\t<div class=\"elementor-widget-container\">\n\t\t\t\t\t\t\t\t\t<p><strong><a href=\"https:\/\/www.fundacionindex.com\/casamagina\/?page_id=1208\">Volver a Remedios de Savias<\/a><\/strong><\/p>\t\t\t\t\t\t\t\t<\/div>\n\t\t\t\t<\/div>\n\t\t\t\t\t<\/div>\n\t\t<\/div>\n\t\t\t\t\t<\/div>\n\t\t<\/section>\n\t\t\t\t<\/div>\n\t\t","protected":false},"excerpt":{"rendered":"<p>M\u00e1s que un condimento, un aliado para la salud James Phillips, 1793 \u00bfSab\u00edas qu\u00e9? En la antig\u00fcedad, se consideraba sagrado en Egipto y se daba a los constructores de pir\u00e1mides para aumentar su resistencia. Tambi\u00e9n se utilizaba en Roma para repeler malos esp\u00edritus. Hoy, el ajo es conocido por ser antibacteriano y vasodilatador. Adem\u00e1s, contiene &hellip; <a href=\"https:\/\/casamagina.fundacionindex.com\/?page_id=1128\" class=\"more-link\">Seguir leyendo <span class=\"screen-reader-text\">Ajo<\/span> <span class=\"meta-nav\">&rarr;<\/span><\/a><\/p>\n","protected":false},"author":5,"featured_media":0,"parent":0,"menu_order":0,"comment_status":"closed","ping_status":"closed","template":"","meta":{"footnotes":""},"class_list":["post-1128","page","type-page","status-publish","hentry"],"_links":{"self":[{"href":"https:\/\/casamagina.fundacionindex.com\/index.php?rest_route=\/wp\/v2\/pages\/1128","targetHints":{"allow":["GET"]}}],"collection":[{"href":"https:\/\/casamagina.fundacionindex.com\/index.php?rest_route=\/wp\/v2\/pages"}],"about":[{"href":"https:\/\/casamagina.fundacionindex.com\/index.php?rest_route=\/wp\/v2\/types\/page"}],"author":[{"embeddable":true,"href":"https:\/\/casamagina.fundacionindex.com\/index.php?rest_route=\/wp\/v2\/users\/5"}],"replies":[{"embeddable":true,"href":"https:\/\/casamagina.fundacionindex.com\/index.php?rest_route=%2Fwp%2Fv2%2Fcomments&post=1128"}],"version-history":[{"count":10,"href":"https:\/\/casamagina.fundacionindex.com\/index.php?rest_route=\/wp\/v2\/pages\/1128\/revisions"}],"predecessor-version":[{"id":1454,"href":"https:\/\/casamagina.fundacionindex.com\/index.php?rest_route=\/wp\/v2\/pages\/1128\/revisions\/1454"}],"wp:attachment":[{"href":"https:\/\/casamagina.fundacionindex.com\/index.php?rest_route=%2Fwp%2Fv2%2Fmedia&parent=1128"}],"curies":[{"name":"wp","href":"https:\/\/api.w.org\/{rel}","templated":true}]}}