{"id":1208,"date":"2024-07-10T17:14:26","date_gmt":"2024-07-10T15:14:26","guid":{"rendered":"https:\/\/www.fundacionindex.com\/casamagina\/?page_id=1208"},"modified":"2024-07-19T12:25:06","modified_gmt":"2024-07-19T10:25:06","slug":"remedios","status":"publish","type":"page","link":"https:\/\/casamagina.fundacionindex.com\/?page_id=1208","title":{"rendered":"Remedios de Savias"},"content":{"rendered":"\t\t<div data-elementor-type=\"wp-page\" data-elementor-id=\"1208\" class=\"elementor elementor-1208\">\n\t\t\t\t\t\t<section class=\"elementor-section elementor-top-section elementor-element elementor-element-1cabc8a elementor-section-boxed elementor-section-height-default elementor-section-height-default\" data-id=\"1cabc8a\" data-element_type=\"section\" data-e-type=\"section\">\n\t\t\t\t\t\t<div class=\"elementor-container elementor-column-gap-default\">\n\t\t\t\t\t<div class=\"elementor-column elementor-col-100 elementor-top-column elementor-element elementor-element-66893cf\" data-id=\"66893cf\" data-element_type=\"column\" data-e-type=\"column\" data-settings=\"{&quot;background_background&quot;:&quot;gradient&quot;}\">\n\t\t\t<div class=\"elementor-widget-wrap elementor-element-populated\">\n\t\t\t\t\t\t<div class=\"elementor-element elementor-element-dd300cf elementor-widget elementor-widget-text-editor\" data-id=\"dd300cf\" data-element_type=\"widget\" data-e-type=\"widget\" data-widget_type=\"text-editor.default\">\n\t\t\t\t<div class=\"elementor-widget-container\">\n\t\t\t\t\t\t\t\t\t<p>En &#8216;Remedios de Savias&#8217; encontrar\u00e1s una colecci\u00f3n de remedios populares donados por mujeres de todas las edades, que han compartido su sabidur\u00eda para el cuidado de la salud. Explora consejos y recetas tradicionales respaldados por la experiencia de generaciones de familias.<img decoding=\"async\" class=\"wp-image-736 aligncenter\" src=\"http:\/\/www.fundacionindex.com\/casamagina\/wp-content\/uploads\/2023\/05\/Savias-300x169.png\" sizes=\"(max-width: 101px) 100vw, 101px\" srcset=\"https:\/\/www.fundacionindex.com\/casamagina\/wp-content\/uploads\/2023\/05\/Savias-300x169.png 300w, https:\/\/www.fundacionindex.com\/casamagina\/wp-content\/uploads\/2023\/05\/Savias.png 666w\" alt=\"\" width=\"101\" height=\"57\" \/><\/p>\t\t\t\t\t\t\t\t<\/div>\n\t\t\t\t<\/div>\n\t\t\t\t\t<\/div>\n\t\t<\/div>\n\t\t\t\t\t<\/div>\n\t\t<\/section>\n\t\t\t\t<section class=\"elementor-section elementor-top-section elementor-element elementor-element-f254108 elementor-section-boxed elementor-section-height-default elementor-section-height-default\" data-id=\"f254108\" data-element_type=\"section\" data-e-type=\"section\">\n\t\t\t\t\t\t<div class=\"elementor-container elementor-column-gap-default\">\n\t\t\t\t\t<div class=\"elementor-column elementor-col-100 elementor-top-column elementor-element elementor-element-3c1760d\" data-id=\"3c1760d\" data-element_type=\"column\" data-e-type=\"column\">\n\t\t\t<div class=\"elementor-widget-wrap\">\n\t\t\t\t\t\t\t<\/div>\n\t\t<\/div>\n\t\t\t\t\t<\/div>\n\t\t<\/section>\n\t\t\t\t<section class=\"elementor-section elementor-top-section elementor-element elementor-element-9bd9808 elementor-section-boxed elementor-section-height-default elementor-section-height-default\" data-id=\"9bd9808\" data-element_type=\"section\" data-e-type=\"section\">\n\t\t\t\t\t\t<div class=\"elementor-container elementor-column-gap-default\">\n\t\t\t\t\t<div class=\"elementor-column elementor-col-33 elementor-top-column elementor-element elementor-element-c7990f7\" data-id=\"c7990f7\" data-element_type=\"column\" data-e-type=\"column\">\n\t\t\t<div class=\"elementor-widget-wrap elementor-element-populated\">\n\t\t\t\t\t\t<div class=\"elementor-element elementor-element-9407e1c elementor-widget elementor-widget-text-editor\" data-id=\"9407e1c\" data-element_type=\"widget\" data-e-type=\"widget\" data-widget_type=\"text-editor.default\">\n\t\t\t\t<div class=\"elementor-widget-container\">\n\t\t\t\t\t\t\t\t\t<ul><li><a href=\"https:\/\/www.fundacionindex.com\/casamagina\/?page_id=1226\">Aceite lavado<\/a><\/li><li><a href=\"https:\/\/www.fundacionindex.com\/casamagina\/?page_id=1139\">Aceite\/Alcohol de Lavanda<\/a><\/li><li><a href=\"https:\/\/www.fundacionindex.com\/casamagina\/?page_id=1089\">Aceite\/Alcohol de Romero<\/a><\/li><li><a href=\"https:\/\/www.fundacionindex.com\/casamagina\/?page_id=1396\">Cataplasma de Romero<\/a><\/li><li><a href=\"https:\/\/www.fundacionindex.com\/casamagina\/?page_id=1234\">Cataplasma de Malva<\/a><\/li><li><a href=\"https:\/\/www.fundacionindex.com\/casamagina\/?page_id=1097\">Infusi\u00f3n de Hierbaluisa<\/a><\/li><li><a href=\"https:\/\/www.fundacionindex.com\/casamagina\/?page_id=1295\">Infusi\u00f3n de Hierbabuena<\/a><\/li><li><a href=\"https:\/\/www.fundacionindex.com\/casamagina\/?page_id=1058\">Infusi\u00f3n de Hinojo<\/a><\/li><li><a href=\"https:\/\/www.fundacionindex.com\/casamagina\/?page_id=1158\">Infusi\u00f3n de hojas de Olivo<\/a><\/li><li><a href=\"https:\/\/www.fundacionindex.com\/casamagina\/?page_id=1165\">Infusi\u00f3n de Laurel<\/a><\/li><li><a href=\"https:\/\/www.fundacionindex.com\/casamagina\/?page_id=1147\">Infusi\u00f3n de Manzanilla<\/a><\/li><li><a href=\"https:\/\/www.fundacionindex.com\/casamagina\/?page_id=1249\">Infusi\u00f3n de Mejorana<\/a><\/li><li><a href=\"https:\/\/www.fundacionindex.com\/casamagina\/?page_id=1107\">Infusi\u00f3n de Salvia<\/a><\/li><li><a href=\"https:\/\/www.fundacionindex.com\/casamagina\/?page_id=1172\">Infusi\u00f3n de Tomillo<\/a><\/li><li><a href=\"https:\/\/www.fundacionindex.com\/casamagina\/?page_id=1118\">Infusi\u00f3n de Zahare\u00f1a<\/a><\/li><li><a href=\"https:\/\/www.fundacionindex.com\/casamagina\/?page_id=1128\">Jarabe de Ajos<\/a><\/li><li><a href=\"https:\/\/www.fundacionindex.com\/casamagina\/?page_id=1191\">Jarabe de Amapola<\/a><\/li><li><a href=\"https:\/\/www.fundacionindex.com\/casamagina\/?page_id=1182\">Jarabe de Or\u00e9gano<\/a><\/li><li><a href=\"https:\/\/www.fundacionindex.com\/casamagina\/?page_id=1198\">Vapor de Eucalipto<\/a><\/li><\/ul>\t\t\t\t\t\t\t\t<\/div>\n\t\t\t\t<\/div>\n\t\t\t\t\t<\/div>\n\t\t<\/div>\n\t\t\t\t<div class=\"elementor-column elementor-col-66 elementor-top-column elementor-element elementor-element-9a7359f\" data-id=\"9a7359f\" data-element_type=\"column\" data-e-type=\"column\">\n\t\t\t<div class=\"elementor-widget-wrap elementor-element-populated\">\n\t\t\t\t\t\t<div class=\"elementor-element elementor-element-f586501 elementor-widget elementor-widget-image\" data-id=\"f586501\" data-element_type=\"widget\" data-e-type=\"widget\" data-widget_type=\"image.default\">\n\t\t\t\t<div class=\"elementor-widget-container\">\n\t\t\t\t\t\t\t\t\t\t\t\t\t\t\t<img fetchpriority=\"high\" decoding=\"async\" width=\"604\" height=\"854\" src=\"https:\/\/casamagina.fundacionindex.com\/wp-content\/uploads\/2024\/07\/Copia-de-Copia-de-Poster-exposicion-de-arte-minimalista-blanco-y-negro-1-724x1024.png\" class=\"attachment-large size-large wp-image-1212\" alt=\"\" srcset=\"https:\/\/casamagina.fundacionindex.com\/wp-content\/uploads\/2024\/07\/Copia-de-Copia-de-Poster-exposicion-de-arte-minimalista-blanco-y-negro-1-724x1024.png 724w, https:\/\/casamagina.fundacionindex.com\/wp-content\/uploads\/2024\/07\/Copia-de-Copia-de-Poster-exposicion-de-arte-minimalista-blanco-y-negro-1-212x300.png 212w, https:\/\/casamagina.fundacionindex.com\/wp-content\/uploads\/2024\/07\/Copia-de-Copia-de-Poster-exposicion-de-arte-minimalista-blanco-y-negro-1-768x1086.png 768w, https:\/\/casamagina.fundacionindex.com\/wp-content\/uploads\/2024\/07\/Copia-de-Copia-de-Poster-exposicion-de-arte-minimalista-blanco-y-negro-1-1086x1536.png 1086w, https:\/\/casamagina.fundacionindex.com\/wp-content\/uploads\/2024\/07\/Copia-de-Copia-de-Poster-exposicion-de-arte-minimalista-blanco-y-negro-1-1448x2048.png 1448w, https:\/\/casamagina.fundacionindex.com\/wp-content\/uploads\/2024\/07\/Copia-de-Copia-de-Poster-exposicion-de-arte-minimalista-blanco-y-negro-1.png 1587w\" sizes=\"(max-width: 604px) 100vw, 604px\" \/>\t\t\t\t\t\t\t\t\t\t\t\t\t\t\t<\/div>\n\t\t\t\t<\/div>\n\t\t\t\t\t<\/div>\n\t\t<\/div>\n\t\t\t\t\t<\/div>\n\t\t<\/section>\n\t\t\t\t<section class=\"elementor-section elementor-top-section elementor-element elementor-element-155f664 elementor-section-boxed elementor-section-height-default elementor-section-height-default\" data-id=\"155f664\" data-element_type=\"section\" data-e-type=\"section\">\n\t\t\t\t\t\t<div class=\"elementor-container elementor-column-gap-default\">\n\t\t\t\t\t<div class=\"elementor-column elementor-col-50 elementor-top-column elementor-element elementor-element-2c3db34\" data-id=\"2c3db34\" data-element_type=\"column\" data-e-type=\"column\">\n\t\t\t<div class=\"elementor-widget-wrap\">\n\t\t\t\t\t\t\t<\/div>\n\t\t<\/div>\n\t\t\t\t<div class=\"elementor-column elementor-col-50 elementor-top-column elementor-element elementor-element-7467de0\" data-id=\"7467de0\" data-element_type=\"column\" data-e-type=\"column\">\n\t\t\t<div class=\"elementor-widget-wrap elementor-element-populated\">\n\t\t\t\t\t\t<div class=\"elementor-element elementor-element-e727cd4 elementor-widget elementor-widget-text-editor\" data-id=\"e727cd4\" data-element_type=\"widget\" data-e-type=\"widget\" data-widget_type=\"text-editor.default\">\n\t\t\t\t<div class=\"elementor-widget-container\">\n\t\t\t\t\t\t\t\t\t<p><strong>Ir a <a href=\"https:\/\/www.fundacionindex.com\/casamagina\/?page_id=1261\">\u00bfQu\u00e9 es Savias?<\/a><\/strong><\/p><p><strong>Ir a <a href=\"https:\/\/www.fundacionindex.com\/casamagina\/?page_id=1218\">Voces de Savias<\/a><\/strong><\/p>\t\t\t\t\t\t\t\t<\/div>\n\t\t\t\t<\/div>\n\t\t\t\t\t<\/div>\n\t\t<\/div>\n\t\t\t\t\t<\/div>\n\t\t<\/section>\n\t\t\t\t<\/div>\n\t\t","protected":false},"excerpt":{"rendered":"<p>En &#8216;Remedios de Savias&#8217; encontrar\u00e1s una colecci\u00f3n de remedios populares donados por mujeres de todas las edades, que han compartido su sabidur\u00eda para el cuidado de la salud. Explora consejos y recetas tradicionales respaldados por la experiencia de generaciones de familias. Aceite lavado Aceite\/Alcohol de Lavanda Aceite\/Alcohol de Romero Cataplasma de Romero Cataplasma de Malva &hellip; <a href=\"https:\/\/casamagina.fundacionindex.com\/?page_id=1208\" class=\"more-link\">Seguir leyendo <span class=\"screen-reader-text\">Remedios de Savias<\/span> <span class=\"meta-nav\">&rarr;<\/span><\/a><\/p>\n","protected":false},"author":5,"featured_media":0,"parent":0,"menu_order":0,"comment_status":"closed","ping_status":"closed","template":"","meta":{"footnotes":""},"class_list":["post-1208","page","type-page","status-publish","hentry"],"_links":{"self":[{"href":"https:\/\/casamagina.fundacionindex.com\/index.php?rest_route=\/wp\/v2\/pages\/1208","targetHints":{"allow":["GET"]}}],"collection":[{"href":"https:\/\/casamagina.fundacionindex.com\/index.php?rest_route=\/wp\/v2\/pages"}],"about":[{"href":"https:\/\/casamagina.fundacionindex.com\/index.php?rest_route=\/wp\/v2\/types\/page"}],"author":[{"embeddable":true,"href":"https:\/\/casamagina.fundacionindex.com\/index.php?rest_route=\/wp\/v2\/users\/5"}],"replies":[{"embeddable":true,"href":"https:\/\/casamagina.fundacionindex.com\/index.php?rest_route=%2Fwp%2Fv2%2Fcomments&post=1208"}],"version-history":[{"count":26,"href":"https:\/\/casamagina.fundacionindex.com\/index.php?rest_route=\/wp\/v2\/pages\/1208\/revisions"}],"predecessor-version":[{"id":1406,"href":"https:\/\/casamagina.fundacionindex.com\/index.php?rest_route=\/wp\/v2\/pages\/1208\/revisions\/1406"}],"wp:attachment":[{"href":"https:\/\/casamagina.fundacionindex.com\/index.php?rest_route=%2Fwp%2Fv2%2Fmedia&parent=1208"}],"curies":[{"name":"wp","href":"https:\/\/api.w.org\/{rel}","templated":true}]}}