{"id":1218,"date":"2024-07-10T17:53:02","date_gmt":"2024-07-10T15:53:02","guid":{"rendered":"https:\/\/www.fundacionindex.com\/casamagina\/?page_id=1218"},"modified":"2024-07-15T13:57:34","modified_gmt":"2024-07-15T11:57:34","slug":"voces-de-savias","status":"publish","type":"page","link":"https:\/\/casamagina.fundacionindex.com\/?page_id=1218","title":{"rendered":"Voces de Savias"},"content":{"rendered":"\t\t<div data-elementor-type=\"wp-page\" data-elementor-id=\"1218\" class=\"elementor elementor-1218\">\n\t\t\t\t\t\t<section class=\"elementor-section elementor-top-section elementor-element elementor-element-0900dbd elementor-section-boxed elementor-section-height-default elementor-section-height-default\" data-id=\"0900dbd\" data-element_type=\"section\" data-e-type=\"section\">\n\t\t\t\t\t\t<div class=\"elementor-container elementor-column-gap-default\">\n\t\t\t\t\t<div class=\"elementor-column elementor-col-50 elementor-top-column elementor-element elementor-element-d7d7d3d\" data-id=\"d7d7d3d\" data-element_type=\"column\" data-e-type=\"column\">\n\t\t\t<div class=\"elementor-widget-wrap elementor-element-populated\">\n\t\t\t\t\t\t<div class=\"elementor-element elementor-element-bbdf229 elementor-widget elementor-widget-image\" data-id=\"bbdf229\" data-element_type=\"widget\" data-e-type=\"widget\" data-widget_type=\"image.default\">\n\t\t\t\t<div class=\"elementor-widget-container\">\n\t\t\t\t\t\t\t\t\t\t\t\t\t\t\t<img fetchpriority=\"high\" decoding=\"async\" width=\"1333\" height=\"2000\" src=\"https:\/\/casamagina.fundacionindex.com\/wp-content\/uploads\/2024\/07\/savias.png\" class=\"attachment-full size-full wp-image-1220\" alt=\"\" srcset=\"https:\/\/casamagina.fundacionindex.com\/wp-content\/uploads\/2024\/07\/savias.png 1333w, https:\/\/casamagina.fundacionindex.com\/wp-content\/uploads\/2024\/07\/savias-200x300.png 200w, https:\/\/casamagina.fundacionindex.com\/wp-content\/uploads\/2024\/07\/savias-682x1024.png 682w, https:\/\/casamagina.fundacionindex.com\/wp-content\/uploads\/2024\/07\/savias-768x1152.png 768w, https:\/\/casamagina.fundacionindex.com\/wp-content\/uploads\/2024\/07\/savias-1024x1536.png 1024w\" sizes=\"(max-width: 1333px) 100vw, 1333px\" \/>\t\t\t\t\t\t\t\t\t\t\t\t\t\t\t<\/div>\n\t\t\t\t<\/div>\n\t\t\t\t\t<\/div>\n\t\t<\/div>\n\t\t\t\t<div class=\"elementor-column elementor-col-50 elementor-top-column elementor-element elementor-element-6b95ba1\" data-id=\"6b95ba1\" data-element_type=\"column\" data-e-type=\"column\">\n\t\t\t<div class=\"elementor-widget-wrap elementor-element-populated\">\n\t\t\t\t\t\t<div class=\"elementor-element elementor-element-58b26ef elementor-widget elementor-widget-text-editor\" data-id=\"58b26ef\" data-element_type=\"widget\" data-e-type=\"widget\" data-widget_type=\"text-editor.default\">\n\t\t\t\t<div class=\"elementor-widget-container\">\n\t\t\t\t\t\t\t\t\t<div class=\"flex flex-grow flex-col max-w-full\"><div class=\"min-h-[20px] text-message flex flex-col items-start whitespace-pre-wrap break-words [.text-message+&amp;]:mt-5 juice:w-full juice:items-end overflow-x-auto gap-2\" dir=\"auto\" data-message-author-role=\"assistant\" data-message-id=\"4bcce85b-fcd1-48c2-a89b-a623b4470cff\"><div class=\"flex w-full flex-col gap-1 juice:empty:hidden juice:first:pt-[3px]\"><div class=\"markdown prose w-full break-words dark:prose-invert light\"><p>Mujeres cuya experiencia y sabidur\u00eda han dado cobijo a la vida de varias generaciones. Mujeres rurales que, conociendo el sacrificio, representan la voz de familias que hoy conviven con nosotros. Sus conocimientos, transmitidos a trav\u00e9s del tiempo, merecen ser rescatados para que no caigan en el olvido. Por eso, en Voces de Savias encontrar\u00e1s sus historias de vida, su experiencia vital, y los remedios y cuidados que han velado por la salud de quienes hoy estamos vivos.<\/p><\/div><\/div><\/div><\/div><div class=\"mt-1 flex gap-3 empty:hidden juice:-ml-3\"><div class=\"items-center justify-start rounded-xl p-1 flex\"><div class=\"flex items-center\">\u00a0<\/div><\/div><\/div>\t\t\t\t\t\t\t\t<\/div>\n\t\t\t\t<\/div>\n\t\t\t\t\t<\/div>\n\t\t<\/div>\n\t\t\t\t\t<\/div>\n\t\t<\/section>\n\t\t\t\t<section class=\"elementor-section elementor-top-section elementor-element elementor-element-d1777b7 elementor-section-boxed elementor-section-height-default elementor-section-height-default\" data-id=\"d1777b7\" data-element_type=\"section\" data-e-type=\"section\">\n\t\t\t\t\t\t<div class=\"elementor-container elementor-column-gap-default\">\n\t\t\t\t\t<div class=\"elementor-column elementor-col-50 elementor-top-column elementor-element elementor-element-bee020f\" data-id=\"bee020f\" data-element_type=\"column\" data-e-type=\"column\">\n\t\t\t<div class=\"elementor-widget-wrap elementor-element-populated\">\n\t\t\t\t\t\t<div class=\"elementor-element elementor-element-b9ec341 elementor-widget elementor-widget-text-editor\" data-id=\"b9ec341\" data-element_type=\"widget\" data-e-type=\"widget\" data-widget_type=\"text-editor.default\">\n\t\t\t\t<div class=\"elementor-widget-container\">\n\t\t\t\t\t\t\t\t\t<ul><li><a href=\"https:\/\/www.fundacionindex.com\/casamagina\/?page_id=558\">\u00c1ngeles L\u00f3pez L\u00f3pez<\/a><\/li><li><a href=\"https:\/\/www.fundacionindex.com\/casamagina\/?page_id=737\">Antonia del R\u00edo Rodr\u00edguez<\/a><\/li><li><a href=\"https:\/\/www.fundacionindex.com\/casamagina\/?page_id=676\">Natalia Perea Hidalgo<\/a><\/li><li><a href=\"https:\/\/www.fundacionindex.com\/casamagina\/?page_id=908\">M.\u00aa Teresa P\u00e9rez Garc\u00eda<\/a><\/li><li><a href=\"https:\/\/www.fundacionindex.com\/casamagina\/?page_id=961\">M\u00aa\u00a0 Josefa P\u00e9rez P\u00e9rez<\/a><\/li><\/ul>\t\t\t\t\t\t\t\t<\/div>\n\t\t\t\t<\/div>\n\t\t\t\t\t<\/div>\n\t\t<\/div>\n\t\t\t\t<div class=\"elementor-column elementor-col-50 elementor-top-column elementor-element elementor-element-fb73548\" data-id=\"fb73548\" data-element_type=\"column\" data-e-type=\"column\">\n\t\t\t<div class=\"elementor-widget-wrap elementor-element-populated\">\n\t\t\t\t\t\t<div class=\"elementor-element elementor-element-cdbb8ea elementor-widget elementor-widget-text-editor\" data-id=\"cdbb8ea\" data-element_type=\"widget\" data-e-type=\"widget\" data-widget_type=\"text-editor.default\">\n\t\t\t\t<div class=\"elementor-widget-container\">\n\t\t\t\t\t\t\t\t\t<ul><li><a href=\"https:\/\/www.fundacionindex.com\/casamagina\/?page_id=983\">Isabel Antonia Justicia Arias<\/a><\/li><li><a href=\"https:\/\/www.fundacionindex.com\/casamagina\/?page_id=1006\">Basilisa Justicia Mill\u00e1n<\/a><\/li><li><a href=\"https:\/\/www.fundacionindex.com\/casamagina\/?page_id=1020\">M.\u00aa T\u00edscar Guerrero Gonz\u00e1lez<\/a><\/li><li><a href=\"https:\/\/www.fundacionindex.com\/casamagina\/?page_id=1043\">Catalina Villanueva Ru\u00edz<\/a><\/li><li><a href=\"https:\/\/www.fundacionindex.com\/casamagina\/?page_id=1074\">Rosa Justicia Gonz\u00e1lez<\/a><\/li><\/ul>\t\t\t\t\t\t\t\t<\/div>\n\t\t\t\t<\/div>\n\t\t\t\t\t<\/div>\n\t\t<\/div>\n\t\t\t\t\t<\/div>\n\t\t<\/section>\n\t\t\t\t<section class=\"elementor-section elementor-top-section elementor-element elementor-element-eafcb65 elementor-section-boxed elementor-section-height-default elementor-section-height-default\" data-id=\"eafcb65\" data-element_type=\"section\" data-e-type=\"section\">\n\t\t\t\t\t\t<div class=\"elementor-container elementor-column-gap-default\">\n\t\t\t\t\t<div class=\"elementor-column elementor-col-50 elementor-top-column elementor-element elementor-element-9effef7\" data-id=\"9effef7\" data-element_type=\"column\" data-e-type=\"column\">\n\t\t\t<div class=\"elementor-widget-wrap\">\n\t\t\t\t\t\t\t<\/div>\n\t\t<\/div>\n\t\t\t\t<div class=\"elementor-column elementor-col-50 elementor-top-column elementor-element elementor-element-26ed4a3\" data-id=\"26ed4a3\" data-element_type=\"column\" data-e-type=\"column\">\n\t\t\t<div class=\"elementor-widget-wrap elementor-element-populated\">\n\t\t\t\t\t\t<div class=\"elementor-element elementor-element-b180477 elementor-widget elementor-widget-text-editor\" data-id=\"b180477\" data-element_type=\"widget\" data-e-type=\"widget\" data-widget_type=\"text-editor.default\">\n\t\t\t\t<div class=\"elementor-widget-container\">\n\t\t\t\t\t\t\t\t\t<p>Ir a <strong><a href=\"https:\/\/www.fundacionindex.com\/casamagina\/?page_id=1208\">Remedios de Savias<\/a><\/strong><\/p><p>Ir a <strong><a href=\"https:\/\/www.fundacionindex.com\/casamagina\/?page_id=1261\">\u00bfQu\u00e9 es Savias?<\/a><\/strong><\/p>\t\t\t\t\t\t\t\t<\/div>\n\t\t\t\t<\/div>\n\t\t\t\t\t<\/div>\n\t\t<\/div>\n\t\t\t\t\t<\/div>\n\t\t<\/section>\n\t\t\t\t<\/div>\n\t\t","protected":false},"excerpt":{"rendered":"<p>Mujeres cuya experiencia y sabidur\u00eda han dado cobijo a la vida de varias generaciones. Mujeres rurales que, conociendo el sacrificio, representan la voz de familias que hoy conviven con nosotros. Sus conocimientos, transmitidos a trav\u00e9s del tiempo, merecen ser rescatados para que no caigan en el olvido. Por eso, en Voces de Savias encontrar\u00e1s sus &hellip; <a href=\"https:\/\/casamagina.fundacionindex.com\/?page_id=1218\" class=\"more-link\">Seguir leyendo <span class=\"screen-reader-text\">Voces de Savias<\/span> <span class=\"meta-nav\">&rarr;<\/span><\/a><\/p>\n","protected":false},"author":5,"featured_media":0,"parent":0,"menu_order":0,"comment_status":"closed","ping_status":"closed","template":"","meta":{"footnotes":""},"class_list":["post-1218","page","type-page","status-publish","hentry"],"_links":{"self":[{"href":"https:\/\/casamagina.fundacionindex.com\/index.php?rest_route=\/wp\/v2\/pages\/1218","targetHints":{"allow":["GET"]}}],"collection":[{"href":"https:\/\/casamagina.fundacionindex.com\/index.php?rest_route=\/wp\/v2\/pages"}],"about":[{"href":"https:\/\/casamagina.fundacionindex.com\/index.php?rest_route=\/wp\/v2\/types\/page"}],"author":[{"embeddable":true,"href":"https:\/\/casamagina.fundacionindex.com\/index.php?rest_route=\/wp\/v2\/users\/5"}],"replies":[{"embeddable":true,"href":"https:\/\/casamagina.fundacionindex.com\/index.php?rest_route=%2Fwp%2Fv2%2Fcomments&post=1218"}],"version-history":[{"count":7,"href":"https:\/\/casamagina.fundacionindex.com\/index.php?rest_route=\/wp\/v2\/pages\/1218\/revisions"}],"predecessor-version":[{"id":1345,"href":"https:\/\/casamagina.fundacionindex.com\/index.php?rest_route=\/wp\/v2\/pages\/1218\/revisions\/1345"}],"wp:attachment":[{"href":"https:\/\/casamagina.fundacionindex.com\/index.php?rest_route=%2Fwp%2Fv2%2Fmedia&parent=1218"}],"curies":[{"name":"wp","href":"https:\/\/api.w.org\/{rel}","templated":true}]}}