{"id":1261,"date":"2024-07-11T18:23:55","date_gmt":"2024-07-11T16:23:55","guid":{"rendered":"https:\/\/www.fundacionindex.com\/casamagina\/?page_id=1261"},"modified":"2024-07-19T12:14:26","modified_gmt":"2024-07-19T10:14:26","slug":"savias","status":"publish","type":"page","link":"https:\/\/casamagina.fundacionindex.com\/?page_id=1261","title":{"rendered":"\u00bfQu\u00e9 es SAVIAS?"},"content":{"rendered":"\t\t<div data-elementor-type=\"wp-page\" data-elementor-id=\"1261\" class=\"elementor elementor-1261\">\n\t\t\t\t\t\t<section class=\"elementor-section elementor-top-section elementor-element elementor-element-2bd38cc elementor-section-boxed elementor-section-height-default elementor-section-height-default\" data-id=\"2bd38cc\" data-element_type=\"section\" data-e-type=\"section\">\n\t\t\t\t\t\t<div class=\"elementor-container elementor-column-gap-default\">\n\t\t\t\t\t<div class=\"elementor-column elementor-col-100 elementor-top-column elementor-element elementor-element-476c6f3\" data-id=\"476c6f3\" data-element_type=\"column\" data-e-type=\"column\">\n\t\t\t<div class=\"elementor-widget-wrap elementor-element-populated\">\n\t\t\t\t\t\t<div class=\"elementor-element elementor-element-3233428 elementor-widget elementor-widget-image\" data-id=\"3233428\" data-element_type=\"widget\" data-e-type=\"widget\" data-widget_type=\"image.default\">\n\t\t\t\t<div class=\"elementor-widget-container\">\n\t\t\t\t\t\t\t\t\t\t\t\t\t\t\t<img fetchpriority=\"high\" decoding=\"async\" width=\"1500\" height=\"500\" src=\"https:\/\/casamagina.fundacionindex.com\/wp-content\/uploads\/2024\/07\/White-Minimalist-Simple-Aesthetic-Name-Twitter-Header-6.png\" class=\"attachment-full size-full wp-image-1265\" alt=\"\" srcset=\"https:\/\/casamagina.fundacionindex.com\/wp-content\/uploads\/2024\/07\/White-Minimalist-Simple-Aesthetic-Name-Twitter-Header-6.png 1500w, https:\/\/casamagina.fundacionindex.com\/wp-content\/uploads\/2024\/07\/White-Minimalist-Simple-Aesthetic-Name-Twitter-Header-6-300x100.png 300w, https:\/\/casamagina.fundacionindex.com\/wp-content\/uploads\/2024\/07\/White-Minimalist-Simple-Aesthetic-Name-Twitter-Header-6-1024x341.png 1024w, https:\/\/casamagina.fundacionindex.com\/wp-content\/uploads\/2024\/07\/White-Minimalist-Simple-Aesthetic-Name-Twitter-Header-6-768x256.png 768w\" sizes=\"(max-width: 1500px) 100vw, 1500px\" \/>\t\t\t\t\t\t\t\t\t\t\t\t\t\t\t<\/div>\n\t\t\t\t<\/div>\n\t\t\t\t\t<\/div>\n\t\t<\/div>\n\t\t\t\t\t<\/div>\n\t\t<\/section>\n\t\t\t\t<section class=\"elementor-section elementor-top-section elementor-element elementor-element-4040805 elementor-section-boxed elementor-section-height-default elementor-section-height-default\" data-id=\"4040805\" data-element_type=\"section\" data-e-type=\"section\">\n\t\t\t\t\t\t<div class=\"elementor-container elementor-column-gap-default\">\n\t\t\t\t\t<div class=\"elementor-column elementor-col-100 elementor-top-column elementor-element elementor-element-ef69dbb\" data-id=\"ef69dbb\" data-element_type=\"column\" data-e-type=\"column\">\n\t\t\t<div class=\"elementor-widget-wrap elementor-element-populated\">\n\t\t\t\t\t\t<div class=\"elementor-element elementor-element-55ef8d1 elementor-widget elementor-widget-video\" data-id=\"55ef8d1\" data-element_type=\"widget\" data-e-type=\"widget\" data-settings=\"{&quot;youtube_url&quot;:&quot;https:\\\/\\\/www.youtube.com\\\/watch?v=3vi0g0VPlag&quot;,&quot;autoplay&quot;:&quot;yes&quot;,&quot;play_on_mobile&quot;:&quot;yes&quot;,&quot;video_type&quot;:&quot;youtube&quot;,&quot;controls&quot;:&quot;yes&quot;}\" data-widget_type=\"video.default\">\n\t\t\t\t<div class=\"elementor-widget-container\">\n\t\t\t\t\t\t\t<div class=\"elementor-wrapper elementor-open-inline\">\n\t\t\t<div class=\"elementor-video\"><\/div>\t\t<\/div>\n\t\t\t\t\t\t<\/div>\n\t\t\t\t<\/div>\n\t\t\t\t\t<\/div>\n\t\t<\/div>\n\t\t\t\t\t<\/div>\n\t\t<\/section>\n\t\t\t\t<section class=\"elementor-section elementor-top-section elementor-element elementor-element-e41855b elementor-section-boxed elementor-section-height-default elementor-section-height-default\" data-id=\"e41855b\" data-element_type=\"section\" data-e-type=\"section\">\n\t\t\t\t\t\t<div class=\"elementor-container elementor-column-gap-default\">\n\t\t\t\t\t<div class=\"elementor-column elementor-col-100 elementor-top-column elementor-element elementor-element-3a78f76\" data-id=\"3a78f76\" data-element_type=\"column\" data-e-type=\"column\">\n\t\t\t<div class=\"elementor-widget-wrap elementor-element-populated\">\n\t\t\t\t\t\t<div class=\"elementor-element elementor-element-b975e7c elementor-widget elementor-widget-text-editor\" data-id=\"b975e7c\" data-element_type=\"widget\" data-e-type=\"widget\" data-widget_type=\"text-editor.default\">\n\t\t\t\t<div class=\"elementor-widget-container\">\n\t\t\t\t\t\t\t\t\t<h4>\u00bfQu\u00e9 es SAVIAS?<\/h4><p>Es una iniciativa de la Fundaci\u00f3n Index destinada a reconocer y poner en valor los saberes populares en el cuidado de la salud.<\/p><p>El proyecto se inscribe dentro del movimiento de ciencia ciudadana, avalado por las principales organizaciones internacionales (UNESCO, OCDE, ERA, Horizonte Europa, EOSC, etc.).<\/p>\t\t\t\t\t\t\t\t<\/div>\n\t\t\t\t<\/div>\n\t\t\t\t\t<\/div>\n\t\t<\/div>\n\t\t\t\t\t<\/div>\n\t\t<\/section>\n\t\t\t\t<section class=\"elementor-section elementor-top-section elementor-element elementor-element-65f6da4 elementor-section-boxed elementor-section-height-default elementor-section-height-default\" data-id=\"65f6da4\" data-element_type=\"section\" data-e-type=\"section\">\n\t\t\t\t\t\t<div class=\"elementor-container elementor-column-gap-default\">\n\t\t\t\t\t<div class=\"elementor-column elementor-col-100 elementor-top-column elementor-element elementor-element-bbd85f3\" data-id=\"bbd85f3\" data-element_type=\"column\" data-e-type=\"column\" data-settings=\"{&quot;background_background&quot;:&quot;gradient&quot;}\">\n\t\t\t<div class=\"elementor-widget-wrap elementor-element-populated\">\n\t\t\t\t\t\t<div class=\"elementor-element elementor-element-fdce2ce elementor-widget elementor-widget-text-editor\" data-id=\"fdce2ce\" data-element_type=\"widget\" data-e-type=\"widget\" data-widget_type=\"text-editor.default\">\n\t\t\t\t<div class=\"elementor-widget-container\">\n\t\t\t\t\t\t\t\t\t<h4>\u00bfPor qu\u00e9 SAVIAS?<\/h4><ul><li>Es una cuesti\u00f3n de <strong>justicia social<\/strong> visibilizar y reconocer la labor cuidadora de la mujer, con especial referencia al mundo rural. Estos cuidados familiares garantizaron la supervivencia y la salud de generaciones desde los inicios de la humanidad.<img decoding=\"async\" class=\"size-medium wp-image-1267 alignright\" src=\"http:\/\/www.fundacionindex.com\/casamagina\/wp-content\/uploads\/2024\/07\/catalina2-300x256.jpg\" alt=\"\" width=\"300\" height=\"256\" srcset=\"https:\/\/casamagina.fundacionindex.com\/wp-content\/uploads\/2024\/07\/catalina2-300x256.jpg 300w, https:\/\/casamagina.fundacionindex.com\/wp-content\/uploads\/2024\/07\/catalina2-1024x874.jpg 1024w, https:\/\/casamagina.fundacionindex.com\/wp-content\/uploads\/2024\/07\/catalina2-768x656.jpg 768w, https:\/\/casamagina.fundacionindex.com\/wp-content\/uploads\/2024\/07\/catalina2.jpg 1080w\" sizes=\"(max-width: 300px) 100vw, 300px\" \/><\/li><li>Es <strong>urgente el rescate<\/strong> de los saberes heredados y adaptarlos al presente para devolver una mayor autonom\u00eda a las familias.<\/li><li>Es <strong>imprescindible reescribir<\/strong> estos saberes para las generaciones futuras, fomentando el intercambio generacional y reforzando las redes de apoyo familiar, concienciando de su importancia a la ciudadan\u00eda.<\/li><\/ul>\t\t\t\t\t\t\t\t<\/div>\n\t\t\t\t<\/div>\n\t\t\t\t\t<\/div>\n\t\t<\/div>\n\t\t\t\t\t<\/div>\n\t\t<\/section>\n\t\t\t\t<section class=\"elementor-section elementor-top-section elementor-element elementor-element-8211c9d elementor-section-boxed elementor-section-height-default elementor-section-height-default\" data-id=\"8211c9d\" data-element_type=\"section\" data-e-type=\"section\">\n\t\t\t\t\t\t<div class=\"elementor-container elementor-column-gap-default\">\n\t\t\t\t\t<div class=\"elementor-column elementor-col-100 elementor-top-column elementor-element elementor-element-c36bf67\" data-id=\"c36bf67\" data-element_type=\"column\" data-e-type=\"column\">\n\t\t\t<div class=\"elementor-widget-wrap elementor-element-populated\">\n\t\t\t\t\t\t<div class=\"elementor-element elementor-element-4030d27 elementor-widget elementor-widget-text-editor\" data-id=\"4030d27\" data-element_type=\"widget\" data-e-type=\"widget\" data-widget_type=\"text-editor.default\">\n\t\t\t\t<div class=\"elementor-widget-container\">\n\t\t\t\t\t\t\t\t\t<h4>\u00bfQu\u00e9 vas a encontrar en SAVIAS?<\/h4>\n<ul>\n<li><a href=\"https:\/\/www.fundacionindex.com\/casamagina\/?page_id=1218\" target=\"_blank\">Historias de vida:&nbsp;<\/a>testimonios de mujeres y hombres sobre su vivencia ante acontecimientos cotidianos y, especialmente, sobre la experiencia del cuidar.<\/li>\n<li><a href=\"https:\/\/www.fundacionindex.com\/casamagina\/?page_id=1208\" target=\"_blank\">Recopilaci\u00f3n de saberes populares:&nbsp;<\/a>principalmente recetas sobre remedios o alimentos, habilidades para la econom\u00eda dom\u00e9stica, pero tambi\u00e9n sobre otras expresiones de la cultura popular, narrados por mujeres y hombres de distintas generaciones.<\/li>\n<\/ul>\t\t\t\t\t\t\t\t<\/div>\n\t\t\t\t<\/div>\n\t\t\t\t\t<\/div>\n\t\t<\/div>\n\t\t\t\t\t<\/div>\n\t\t<\/section>\n\t\t\t\t<section class=\"elementor-section elementor-top-section elementor-element elementor-element-fd365a1 elementor-section-boxed elementor-section-height-default elementor-section-height-default\" data-id=\"fd365a1\" data-element_type=\"section\" data-e-type=\"section\">\n\t\t\t\t\t\t<div class=\"elementor-container elementor-column-gap-default\">\n\t\t\t\t\t<div class=\"elementor-column elementor-col-33 elementor-top-column elementor-element elementor-element-03578b3\" data-id=\"03578b3\" data-element_type=\"column\" data-e-type=\"column\">\n\t\t\t<div class=\"elementor-widget-wrap elementor-element-populated\">\n\t\t\t\t\t\t<div class=\"elementor-element elementor-element-7893a1c elementor-widget elementor-widget-text-editor\" data-id=\"7893a1c\" data-element_type=\"widget\" data-e-type=\"widget\" data-widget_type=\"text-editor.default\">\n\t\t\t\t<div class=\"elementor-widget-container\">\n\t\t\t\t\t\t\t\t\t<p>Coordina: Sonia Herrera Justicia<\/p><p>Colabora: Asociaci\u00f3n de Mujeres Sierra Cruzada, Cabra del Santo Cristo (Ja\u00e9n).<\/p>\t\t\t\t\t\t\t\t<\/div>\n\t\t\t\t<\/div>\n\t\t\t\t\t<\/div>\n\t\t<\/div>\n\t\t\t\t<div class=\"elementor-column elementor-col-66 elementor-top-column elementor-element elementor-element-a8c618a\" data-id=\"a8c618a\" data-element_type=\"column\" data-e-type=\"column\" data-settings=\"{&quot;background_background&quot;:&quot;gradient&quot;}\">\n\t\t\t<div class=\"elementor-widget-wrap elementor-element-populated\">\n\t\t\t\t\t\t<div class=\"elementor-element elementor-element-e7d27fc elementor-widget elementor-widget-text-editor\" data-id=\"e7d27fc\" data-element_type=\"widget\" data-e-type=\"widget\" data-widget_type=\"text-editor.default\">\n\t\t\t\t<div class=\"elementor-widget-container\">\n\t\t\t\t\t\t\t\t\t<h4>\u00bfQuieres colaborar con esta iniciativa?<\/h4><p>Si conoces recetas sobre remedios familiares relacionados con la salud, cumplimenta este formulario. Nos pondremos en contacto contigo.<\/p><p><strong><a href=\"https:\/\/forms.gle\/u4oiqZiHhz4NNtRz5\">Acceso al formulario<\/a><\/strong><\/p>\t\t\t\t\t\t\t\t<\/div>\n\t\t\t\t<\/div>\n\t\t\t\t\t<\/div>\n\t\t<\/div>\n\t\t\t\t\t<\/div>\n\t\t<\/section>\n\t\t\t\t<section class=\"elementor-section elementor-top-section elementor-element elementor-element-aa2ccfa elementor-section-boxed elementor-section-height-default elementor-section-height-default\" data-id=\"aa2ccfa\" data-element_type=\"section\" data-e-type=\"section\">\n\t\t\t\t\t\t<div class=\"elementor-container elementor-column-gap-default\">\n\t\t\t\t\t<div class=\"elementor-column elementor-col-100 elementor-top-column elementor-element elementor-element-579fdad\" data-id=\"579fdad\" data-element_type=\"column\" data-e-type=\"column\">\n\t\t\t<div class=\"elementor-widget-wrap elementor-element-populated\">\n\t\t\t\t\t\t<div class=\"elementor-element elementor-element-9777a8b elementor-arrows-position-inside elementor-pagination-position-outside elementor-widget elementor-widget-image-carousel\" data-id=\"9777a8b\" data-element_type=\"widget\" data-e-type=\"widget\" data-settings=\"{&quot;slides_to_show&quot;:&quot;1&quot;,&quot;navigation&quot;:&quot;both&quot;,&quot;autoplay&quot;:&quot;yes&quot;,&quot;pause_on_hover&quot;:&quot;yes&quot;,&quot;pause_on_interaction&quot;:&quot;yes&quot;,&quot;autoplay_speed&quot;:5000,&quot;infinite&quot;:&quot;yes&quot;,&quot;effect&quot;:&quot;slide&quot;,&quot;speed&quot;:500}\" data-widget_type=\"image-carousel.default\">\n\t\t\t\t<div class=\"elementor-widget-container\">\n\t\t\t\t\t\t\t<div class=\"elementor-image-carousel-wrapper swiper\" role=\"region\" aria-roledescription=\"carousel\" aria-label=\"Carrusel de im\u00e1genes\" dir=\"ltr\">\n\t\t\t<div class=\"elementor-image-carousel swiper-wrapper\" aria-live=\"off\">\n\t\t\t\t\t\t\t\t<div class=\"swiper-slide\" role=\"group\" aria-roledescription=\"slide\" aria-label=\"1 de 7\"><figure class=\"swiper-slide-inner\"><img decoding=\"async\" class=\"swiper-slide-image\" src=\"https:\/\/casamagina.fundacionindex.com\/wp-content\/uploads\/2024\/07\/WhatsApp-Image-2023-10-12-at-21.51.01-3-604x270.jpeg\" alt=\"Reuni\u00f3n de trabajo con la Asociaci\u00f3n de Mujeres Sierra Cruzada\" \/><figcaption class=\"elementor-image-carousel-caption\">Reuni\u00f3n de trabajo con la Asociaci\u00f3n de Mujeres Sierra Cruzada<\/figcaption><\/figure><\/div><div class=\"swiper-slide\" role=\"group\" aria-roledescription=\"slide\" aria-label=\"2 de 7\"><figure class=\"swiper-slide-inner\"><img decoding=\"async\" class=\"swiper-slide-image\" src=\"https:\/\/casamagina.fundacionindex.com\/wp-content\/uploads\/2024\/07\/1683454112713-1-604x270.jpg\" alt=\"Presentaci\u00f3n del Proyecto SAVIAS\" \/><figcaption class=\"elementor-image-carousel-caption\">Presentaci\u00f3n del Proyecto SAVIAS<\/figcaption><\/figure><\/div><div class=\"swiper-slide\" role=\"group\" aria-roledescription=\"slide\" aria-label=\"3 de 7\"><figure class=\"swiper-slide-inner\"><img decoding=\"async\" class=\"swiper-slide-image\" src=\"https:\/\/casamagina.fundacionindex.com\/wp-content\/uploads\/2024\/07\/Entrevista-Antonia-604x270.jpeg\" alt=\"Entrevista  Antonia\" \/><figcaption class=\"elementor-image-carousel-caption\">Entrevista  Antonia<\/figcaption><\/figure><\/div><div class=\"swiper-slide\" role=\"group\" aria-roledescription=\"slide\" aria-label=\"4 de 7\"><figure class=\"swiper-slide-inner\"><img decoding=\"async\" class=\"swiper-slide-image\" src=\"https:\/\/casamagina.fundacionindex.com\/wp-content\/uploads\/2024\/07\/Entrevista-Natalia-3-604x270.jpeg\" alt=\"Entrevista a Natalia\" \/><figcaption class=\"elementor-image-carousel-caption\">Entrevista a Natalia<\/figcaption><\/figure><\/div><div class=\"swiper-slide\" role=\"group\" aria-roledescription=\"slide\" aria-label=\"5 de 7\"><figure class=\"swiper-slide-inner\"><img decoding=\"async\" class=\"swiper-slide-image\" src=\"https:\/\/casamagina.fundacionindex.com\/wp-content\/uploads\/2024\/07\/Entrevista-con-Rosa4-604x270.jpeg\" alt=\"Entrevista a Rosa\" \/><figcaption class=\"elementor-image-carousel-caption\">Entrevista a Rosa <\/figcaption><\/figure><\/div><div class=\"swiper-slide\" role=\"group\" aria-roledescription=\"slide\" aria-label=\"6 de 7\"><figure class=\"swiper-slide-inner\"><img decoding=\"async\" class=\"swiper-slide-image\" src=\"https:\/\/casamagina.fundacionindex.com\/wp-content\/uploads\/2024\/07\/WhatsApp-Image-2024-07-11-at-19.55.14-604x270.jpeg\" alt=\"Mujeres de la Asociaci\u00f3n recolectando plantas medicinales\" \/><figcaption class=\"elementor-image-carousel-caption\">Mujeres de la Asociaci\u00f3n recolectando plantas medicinales<\/figcaption><\/figure><\/div><div class=\"swiper-slide\" role=\"group\" aria-roledescription=\"slide\" aria-label=\"7 de 7\"><figure class=\"swiper-slide-inner\"><img decoding=\"async\" class=\"swiper-slide-image\" src=\"https:\/\/casamagina.fundacionindex.com\/wp-content\/uploads\/2024\/07\/WhatsApp-Image-2024-07-11-at-19.55.18-604x270.jpeg\" alt=\"Recolecta de plantas medicinales\" \/><figcaption class=\"elementor-image-carousel-caption\">Recolecta de plantas medicinales<\/figcaption><\/figure><\/div>\t\t\t<\/div>\n\t\t\t\t\t\t\t\t\t\t\t\t<div class=\"elementor-swiper-button elementor-swiper-button-prev\" role=\"button\" tabindex=\"0\">\n\t\t\t\t\t\t<i aria-hidden=\"true\" class=\"eicon-chevron-left\"><\/i>\t\t\t\t\t<\/div>\n\t\t\t\t\t<div class=\"elementor-swiper-button elementor-swiper-button-next\" role=\"button\" tabindex=\"0\">\n\t\t\t\t\t\t<i aria-hidden=\"true\" class=\"eicon-chevron-right\"><\/i>\t\t\t\t\t<\/div>\n\t\t\t\t\n\t\t\t\t\t\t\t\t\t<div class=\"swiper-pagination\"><\/div>\n\t\t\t\t\t\t\t\t\t<\/div>\n\t\t\t\t\t\t<\/div>\n\t\t\t\t<\/div>\n\t\t\t\t\t<\/div>\n\t\t<\/div>\n\t\t\t\t\t<\/div>\n\t\t<\/section>\n\t\t\t\t<section class=\"elementor-section elementor-top-section elementor-element elementor-element-d1a4895 elementor-section-boxed elementor-section-height-default elementor-section-height-default\" data-id=\"d1a4895\" data-element_type=\"section\" data-e-type=\"section\">\n\t\t\t\t\t\t<div class=\"elementor-container elementor-column-gap-default\">\n\t\t\t\t\t<div class=\"elementor-column elementor-col-50 elementor-top-column elementor-element elementor-element-c3ef9c9\" data-id=\"c3ef9c9\" data-element_type=\"column\" data-e-type=\"column\">\n\t\t\t<div class=\"elementor-widget-wrap\">\n\t\t\t\t\t\t\t<\/div>\n\t\t<\/div>\n\t\t\t\t<div class=\"elementor-column elementor-col-50 elementor-top-column elementor-element elementor-element-e0de314\" data-id=\"e0de314\" data-element_type=\"column\" data-e-type=\"column\">\n\t\t\t<div class=\"elementor-widget-wrap elementor-element-populated\">\n\t\t\t\t\t\t<div class=\"elementor-element elementor-element-d46fc76 elementor-widget elementor-widget-text-editor\" data-id=\"d46fc76\" data-element_type=\"widget\" data-e-type=\"widget\" data-widget_type=\"text-editor.default\">\n\t\t\t\t<div class=\"elementor-widget-container\">\n\t\t\t\t\t\t\t\t\t<p><strong>Ir a <a href=\"https:\/\/www.fundacionindex.com\/casamagina\/?page_id=1208\">Remedios de Savias<\/a><\/strong><\/p><p><strong>Ir a <a href=\"https:\/\/www.fundacionindex.com\/casamagina\/?page_id=1218\">Voces de Savias<\/a><\/strong><\/p>\t\t\t\t\t\t\t\t<\/div>\n\t\t\t\t<\/div>\n\t\t\t\t\t<\/div>\n\t\t<\/div>\n\t\t\t\t\t<\/div>\n\t\t<\/section>\n\t\t\t\t<\/div>\n\t\t","protected":false},"excerpt":{"rendered":"<p>https:\/\/www.youtube.com\/watch?v=3vi0g0VPlag \u00bfQu\u00e9 es SAVIAS? Es una iniciativa de la Fundaci\u00f3n Index destinada a reconocer y poner en valor los saberes populares en el cuidado de la salud. El proyecto se inscribe dentro del movimiento de ciencia ciudadana, avalado por las principales organizaciones internacionales (UNESCO, OCDE, ERA, Horizonte Europa, EOSC, etc.). \u00bfPor qu\u00e9 SAVIAS? Es una &hellip; <a href=\"https:\/\/casamagina.fundacionindex.com\/?page_id=1261\" class=\"more-link\">Seguir leyendo <span class=\"screen-reader-text\">\u00bfQu\u00e9 es SAVIAS?<\/span> <span class=\"meta-nav\">&rarr;<\/span><\/a><\/p>\n","protected":false},"author":5,"featured_media":0,"parent":0,"menu_order":0,"comment_status":"closed","ping_status":"closed","template":"","meta":{"footnotes":""},"class_list":["post-1261","page","type-page","status-publish","hentry"],"_links":{"self":[{"href":"https:\/\/casamagina.fundacionindex.com\/index.php?rest_route=\/wp\/v2\/pages\/1261","targetHints":{"allow":["GET"]}}],"collection":[{"href":"https:\/\/casamagina.fundacionindex.com\/index.php?rest_route=\/wp\/v2\/pages"}],"about":[{"href":"https:\/\/casamagina.fundacionindex.com\/index.php?rest_route=\/wp\/v2\/types\/page"}],"author":[{"embeddable":true,"href":"https:\/\/casamagina.fundacionindex.com\/index.php?rest_route=\/wp\/v2\/users\/5"}],"replies":[{"embeddable":true,"href":"https:\/\/casamagina.fundacionindex.com\/index.php?rest_route=%2Fwp%2Fv2%2Fcomments&post=1261"}],"version-history":[{"count":25,"href":"https:\/\/casamagina.fundacionindex.com\/index.php?rest_route=\/wp\/v2\/pages\/1261\/revisions"}],"predecessor-version":[{"id":1395,"href":"https:\/\/casamagina.fundacionindex.com\/index.php?rest_route=\/wp\/v2\/pages\/1261\/revisions\/1395"}],"wp:attachment":[{"href":"https:\/\/casamagina.fundacionindex.com\/index.php?rest_route=%2Fwp%2Fv2%2Fmedia&parent=1261"}],"curies":[{"name":"wp","href":"https:\/\/api.w.org\/{rel}","templated":true}]}}