{"id":1396,"date":"2024-07-19T12:23:04","date_gmt":"2024-07-19T10:23:04","guid":{"rendered":"https:\/\/www.fundacionindex.com\/casamagina\/?page_id=1396"},"modified":"2024-07-19T12:26:19","modified_gmt":"2024-07-19T10:26:19","slug":"cataplasma-de-romero","status":"publish","type":"page","link":"https:\/\/casamagina.fundacionindex.com\/?page_id=1396","title":{"rendered":"Cataplasma de Romero"},"content":{"rendered":"\t\t<div data-elementor-type=\"wp-page\" data-elementor-id=\"1396\" class=\"elementor elementor-1396\">\n\t\t\t\t\t\t<section class=\"elementor-section elementor-top-section elementor-element elementor-element-40b3034 elementor-section-boxed elementor-section-height-default elementor-section-height-default\" data-id=\"40b3034\" data-element_type=\"section\" data-e-type=\"section\">\n\t\t\t\t\t\t<div class=\"elementor-container elementor-column-gap-default\">\n\t\t\t\t\t<div class=\"elementor-column elementor-col-100 elementor-top-column elementor-element elementor-element-e0b6593\" data-id=\"e0b6593\" data-element_type=\"column\" data-e-type=\"column\">\n\t\t\t<div class=\"elementor-widget-wrap elementor-element-populated\">\n\t\t\t\t\t\t<div class=\"elementor-element elementor-element-f6be445 elementor-widget elementor-widget-image\" data-id=\"f6be445\" data-element_type=\"widget\" data-e-type=\"widget\" data-widget_type=\"image.default\">\n\t\t\t\t<div class=\"elementor-widget-container\">\n\t\t\t\t\t\t\t\t\t\t\t\t\t\t\t<img fetchpriority=\"high\" decoding=\"async\" width=\"604\" height=\"201\" src=\"https:\/\/casamagina.fundacionindex.com\/wp-content\/uploads\/2024\/07\/White-Minimalist-Simple-Aesthetic-Name-Twitter-Header-2-1024x341.png\" class=\"attachment-large size-large wp-image-1241\" alt=\"\" srcset=\"https:\/\/casamagina.fundacionindex.com\/wp-content\/uploads\/2024\/07\/White-Minimalist-Simple-Aesthetic-Name-Twitter-Header-2-1024x341.png 1024w, https:\/\/casamagina.fundacionindex.com\/wp-content\/uploads\/2024\/07\/White-Minimalist-Simple-Aesthetic-Name-Twitter-Header-2-300x100.png 300w, https:\/\/casamagina.fundacionindex.com\/wp-content\/uploads\/2024\/07\/White-Minimalist-Simple-Aesthetic-Name-Twitter-Header-2-768x256.png 768w, https:\/\/casamagina.fundacionindex.com\/wp-content\/uploads\/2024\/07\/White-Minimalist-Simple-Aesthetic-Name-Twitter-Header-2.png 1500w\" sizes=\"(max-width: 604px) 100vw, 604px\" \/>\t\t\t\t\t\t\t\t\t\t\t\t\t\t\t<\/div>\n\t\t\t\t<\/div>\n\t\t\t\t\t<\/div>\n\t\t<\/div>\n\t\t\t\t\t<\/div>\n\t\t<\/section>\n\t\t\t\t<section class=\"elementor-section elementor-top-section elementor-element elementor-element-84dec05 elementor-section-boxed elementor-section-height-default elementor-section-height-default\" data-id=\"84dec05\" data-element_type=\"section\" data-e-type=\"section\">\n\t\t\t\t\t\t<div class=\"elementor-container elementor-column-gap-default\">\n\t\t\t\t\t<div class=\"elementor-column elementor-col-33 elementor-top-column elementor-element elementor-element-01656b5\" data-id=\"01656b5\" data-element_type=\"column\" data-e-type=\"column\">\n\t\t\t<div class=\"elementor-widget-wrap elementor-element-populated\">\n\t\t\t\t\t\t<div class=\"elementor-element elementor-element-62e24cf elementor-widget elementor-widget-text-editor\" data-id=\"62e24cf\" data-element_type=\"widget\" data-e-type=\"widget\" data-widget_type=\"text-editor.default\">\n\t\t\t\t<div class=\"elementor-widget-container\">\n\t\t\t\t\t\t\t\t\t<p><strong>Ingredientes<\/strong><\/p><ul><li>Hojas de Romero<\/li><li>Ceniza<\/li><li>Aguarr\u00e1s<\/li><\/ul>\t\t\t\t\t\t\t\t<\/div>\n\t\t\t\t<\/div>\n\t\t\t\t\t<\/div>\n\t\t<\/div>\n\t\t\t\t<div class=\"elementor-column elementor-col-66 elementor-top-column elementor-element elementor-element-db93674\" data-id=\"db93674\" data-element_type=\"column\" data-e-type=\"column\" data-settings=\"{&quot;background_background&quot;:&quot;gradient&quot;}\">\n\t\t\t<div class=\"elementor-widget-wrap elementor-element-populated\">\n\t\t\t\t\t\t<div class=\"elementor-element elementor-element-c0df5ea elementor-widget elementor-widget-text-editor\" data-id=\"c0df5ea\" data-element_type=\"widget\" data-e-type=\"widget\" data-widget_type=\"text-editor.default\">\n\t\t\t\t<div class=\"elementor-widget-container\">\n\t\t\t\t\t\t\t\t\t<p>En un recipiente se echa un chorrito de aguarr\u00e1s, hojas de romero y un poco de ceniza.<\/p><p>Se mezcla hasta conseguir una consistencia parecida a la de una crema.\u00a0<\/p><p>Esa mezcla, la ponemos en un pa\u00f1o y lo tapamos.\u00a0<\/p><p>Se coloca el pa\u00f1o en la garganta, durante 3o minutos, para rebajar inflamaci\u00f3n y lograr expulsar mucosidad.\u00a0<\/p>\t\t\t\t\t\t\t\t<\/div>\n\t\t\t\t<\/div>\n\t\t\t\t\t<\/div>\n\t\t<\/div>\n\t\t\t\t\t<\/div>\n\t\t<\/section>\n\t\t\t\t<section class=\"elementor-section elementor-top-section elementor-element elementor-element-cc31e2d elementor-section-boxed elementor-section-height-default elementor-section-height-default\" data-id=\"cc31e2d\" data-element_type=\"section\" data-e-type=\"section\">\n\t\t\t\t\t\t<div class=\"elementor-container elementor-column-gap-default\">\n\t\t\t\t\t<div class=\"elementor-column elementor-col-100 elementor-top-column elementor-element elementor-element-97429f0\" data-id=\"97429f0\" data-element_type=\"column\" data-e-type=\"column\">\n\t\t\t<div class=\"elementor-widget-wrap elementor-element-populated\">\n\t\t\t\t\t\t<div class=\"elementor-element elementor-element-64548a1 elementor-widget elementor-widget-text-editor\" data-id=\"64548a1\" data-element_type=\"widget\" data-e-type=\"widget\" data-widget_type=\"text-editor.default\">\n\t\t\t\t<div class=\"elementor-widget-container\">\n\t\t\t\t\t\t\t\t\t<p><strong>Remedio de:<\/strong> Mar\u00eda Garc\u00eda Justicia. Cabra del Santo Cristo (Ja\u00e9n)<\/p><p><img decoding=\"async\" class=\"wp-image-736 aligncenter\" src=\"http:\/\/www.fundacionindex.com\/casamagina\/wp-content\/uploads\/2023\/05\/Savias-300x169.png\" alt=\"\" width=\"101\" height=\"57\" srcset=\"https:\/\/casamagina.fundacionindex.com\/wp-content\/uploads\/2023\/05\/Savias-300x169.png 300w, https:\/\/casamagina.fundacionindex.com\/wp-content\/uploads\/2023\/05\/Savias.png 666w\" sizes=\"(max-width: 101px) 100vw, 101px\" \/><\/p>\t\t\t\t\t\t\t\t<\/div>\n\t\t\t\t<\/div>\n\t\t\t\t\t<\/div>\n\t\t<\/div>\n\t\t\t\t\t<\/div>\n\t\t<\/section>\n\t\t\t\t<section class=\"elementor-section elementor-top-section elementor-element elementor-element-21df5ec elementor-section-boxed elementor-section-height-default elementor-section-height-default\" data-id=\"21df5ec\" data-element_type=\"section\" data-e-type=\"section\">\n\t\t\t\t\t\t<div class=\"elementor-container elementor-column-gap-default\">\n\t\t\t\t\t<div class=\"elementor-column elementor-col-66 elementor-top-column elementor-element elementor-element-138ad79\" data-id=\"138ad79\" data-element_type=\"column\" data-e-type=\"column\">\n\t\t\t<div class=\"elementor-widget-wrap\">\n\t\t\t\t\t\t\t<\/div>\n\t\t<\/div>\n\t\t\t\t<div class=\"elementor-column elementor-col-33 elementor-top-column elementor-element elementor-element-7100f83\" data-id=\"7100f83\" data-element_type=\"column\" data-e-type=\"column\">\n\t\t\t<div class=\"elementor-widget-wrap elementor-element-populated\">\n\t\t\t\t\t\t<div class=\"elementor-element elementor-element-128c6b1 elementor-widget elementor-widget-text-editor\" data-id=\"128c6b1\" data-element_type=\"widget\" data-e-type=\"widget\" data-widget_type=\"text-editor.default\">\n\t\t\t\t<div class=\"elementor-widget-container\">\n\t\t\t\t\t\t\t\t\t<p><strong><a href=\"https:\/\/www.fundacionindex.com\/casamagina\/?page_id=1089\">Ver m\u00e1s remedios con Romero<\/a><\/strong><\/p>\t\t\t\t\t\t\t\t<\/div>\n\t\t\t\t<\/div>\n\t\t\t\t\t<\/div>\n\t\t<\/div>\n\t\t\t\t\t<\/div>\n\t\t<\/section>\n\t\t\t\t<\/div>\n\t\t","protected":false},"excerpt":{"rendered":"<p>Ingredientes Hojas de Romero Ceniza Aguarr\u00e1s En un recipiente se echa un chorrito de aguarr\u00e1s, hojas de romero y un poco de ceniza. Se mezcla hasta conseguir una consistencia parecida a la de una crema.\u00a0 Esa mezcla, la ponemos en un pa\u00f1o y lo tapamos.\u00a0 Se coloca el pa\u00f1o en la garganta, durante 3o minutos, &hellip; <a href=\"https:\/\/casamagina.fundacionindex.com\/?page_id=1396\" class=\"more-link\">Seguir leyendo <span class=\"screen-reader-text\">Cataplasma de Romero<\/span> <span class=\"meta-nav\">&rarr;<\/span><\/a><\/p>\n","protected":false},"author":5,"featured_media":0,"parent":0,"menu_order":0,"comment_status":"closed","ping_status":"closed","template":"","meta":{"footnotes":""},"class_list":["post-1396","page","type-page","status-publish","hentry"],"_links":{"self":[{"href":"https:\/\/casamagina.fundacionindex.com\/index.php?rest_route=\/wp\/v2\/pages\/1396","targetHints":{"allow":["GET"]}}],"collection":[{"href":"https:\/\/casamagina.fundacionindex.com\/index.php?rest_route=\/wp\/v2\/pages"}],"about":[{"href":"https:\/\/casamagina.fundacionindex.com\/index.php?rest_route=\/wp\/v2\/types\/page"}],"author":[{"embeddable":true,"href":"https:\/\/casamagina.fundacionindex.com\/index.php?rest_route=\/wp\/v2\/users\/5"}],"replies":[{"embeddable":true,"href":"https:\/\/casamagina.fundacionindex.com\/index.php?rest_route=%2Fwp%2Fv2%2Fcomments&post=1396"}],"version-history":[{"count":7,"href":"https:\/\/casamagina.fundacionindex.com\/index.php?rest_route=\/wp\/v2\/pages\/1396\/revisions"}],"predecessor-version":[{"id":1409,"href":"https:\/\/casamagina.fundacionindex.com\/index.php?rest_route=\/wp\/v2\/pages\/1396\/revisions\/1409"}],"wp:attachment":[{"href":"https:\/\/casamagina.fundacionindex.com\/index.php?rest_route=%2Fwp%2Fv2%2Fmedia&parent=1396"}],"curies":[{"name":"wp","href":"https:\/\/api.w.org\/{rel}","templated":true}]}}