{"id":1476,"date":"2024-12-20T08:53:23","date_gmt":"2024-12-20T07:53:23","guid":{"rendered":"https:\/\/www.fundacionindex.com\/casamagina\/?page_id=1476"},"modified":"2024-12-20T09:09:27","modified_gmt":"2024-12-20T08:09:27","slug":"y-dijo-dios-hagase-la-luz","status":"publish","type":"page","link":"https:\/\/casamagina.fundacionindex.com\/?page_id=1476","title":{"rendered":"Y dijo Dios: h\u00e1gase la luz"},"content":{"rendered":"\n<figure class=\"wp-block-image size-large\"><img fetchpriority=\"high\" decoding=\"async\" width=\"1024\" height=\"696\" src=\"https:\/\/casamagina.fundacionindex.com\/wp-content\/uploads\/2024\/12\/luzsolera-1024x696.jpg\" alt=\"\" class=\"wp-image-1477\" srcset=\"https:\/\/casamagina.fundacionindex.com\/wp-content\/uploads\/2024\/12\/luzsolera-1024x696.jpg 1024w, https:\/\/casamagina.fundacionindex.com\/wp-content\/uploads\/2024\/12\/luzsolera-300x204.jpg 300w, https:\/\/casamagina.fundacionindex.com\/wp-content\/uploads\/2024\/12\/luzsolera-768x522.jpg 768w, https:\/\/casamagina.fundacionindex.com\/wp-content\/uploads\/2024\/12\/luzsolera-1536x1043.jpg 1536w, https:\/\/casamagina.fundacionindex.com\/wp-content\/uploads\/2024\/12\/luzsolera-2048x1391.jpg 2048w\" sizes=\"(max-width: 1024px) 100vw, 1024px\" \/><figcaption class=\"wp-element-caption\">Foto de Manuel Amezcua<\/figcaption><\/figure>\n\n\n\n<p class=\"has-medium-brown-color has-text-color has-medium-font-size\">\u201cY dijo Dios: h\u00e1gase la luz\u201d. Y la luz cay\u00f3 en un destello certero sobre el blanco caser\u00edo de Solera. Y Solera, apaciblemente recostada en la umbr\u00eda de su Morr\u00f3n se visti\u00f3 de domingo y se asom\u00f3 como una doncella engalanada al balc\u00f3n de su castillo. Presumiendo de donaire ante los fugaces transe\u00fantes que vagan por el valle del Jandulilla. Hasta las cumbres del bronco Gargant\u00f3n se han paralizado ante la blancura que hoy brota como un espejismo entre los olivares. As\u00ed es Solera, discreta y sola, dispuesta a estremecer la sensibilidad de aquel que repara en su existencia.<\/p>\n\n\n\n<p class=\"has-small-font-size\">&#8230;&#8230;&#8230;&#8230;&#8230;&#8230;&#8230;&#8230;&#8230;&#8230;.<br>Tom\u00e9 esta fotograf\u00eda desde el Castillo de Solera un domingo de noviembre.<br>Si te gustan mis relatos breves puedes encontrar algunos m\u00e1s en la secci\u00f3n #<a href=\"http:\/\/casamagina.fundacionindex.com\/?page_id=476\">TierraVac\u00eda<\/a> de #CasaDeM\u00e1gina. Tambi\u00e9n puedes dejar un comentario con lo que m\u00e1s te haya gustado, te quedar\u00e9 agradecido.<\/p>\n","protected":false},"excerpt":{"rendered":"<p>\u201cY dijo Dios: h\u00e1gase la luz\u201d. Y la luz cay\u00f3 en un destello certero sobre el blanco caser\u00edo de Solera. Y Solera, apaciblemente recostada en la umbr\u00eda de su Morr\u00f3n se visti\u00f3 de domingo y se asom\u00f3 como una doncella engalanada al balc\u00f3n de su castillo. Presumiendo de donaire ante los fugaces transe\u00fantes que vagan &hellip; <a href=\"https:\/\/casamagina.fundacionindex.com\/?page_id=1476\" class=\"more-link\">Seguir leyendo <span class=\"screen-reader-text\">Y dijo Dios: h\u00e1gase la luz<\/span> <span class=\"meta-nav\">&rarr;<\/span><\/a><\/p>\n","protected":false},"author":3,"featured_media":0,"parent":0,"menu_order":0,"comment_status":"open","ping_status":"closed","template":"","meta":{"footnotes":""},"class_list":["post-1476","page","type-page","status-publish","hentry"],"_links":{"self":[{"href":"https:\/\/casamagina.fundacionindex.com\/index.php?rest_route=\/wp\/v2\/pages\/1476","targetHints":{"allow":["GET"]}}],"collection":[{"href":"https:\/\/casamagina.fundacionindex.com\/index.php?rest_route=\/wp\/v2\/pages"}],"about":[{"href":"https:\/\/casamagina.fundacionindex.com\/index.php?rest_route=\/wp\/v2\/types\/page"}],"author":[{"embeddable":true,"href":"https:\/\/casamagina.fundacionindex.com\/index.php?rest_route=\/wp\/v2\/users\/3"}],"replies":[{"embeddable":true,"href":"https:\/\/casamagina.fundacionindex.com\/index.php?rest_route=%2Fwp%2Fv2%2Fcomments&post=1476"}],"version-history":[{"count":3,"href":"https:\/\/casamagina.fundacionindex.com\/index.php?rest_route=\/wp\/v2\/pages\/1476\/revisions"}],"predecessor-version":[{"id":1483,"href":"https:\/\/casamagina.fundacionindex.com\/index.php?rest_route=\/wp\/v2\/pages\/1476\/revisions\/1483"}],"wp:attachment":[{"href":"https:\/\/casamagina.fundacionindex.com\/index.php?rest_route=%2Fwp%2Fv2%2Fmedia&parent=1476"}],"curies":[{"name":"wp","href":"https:\/\/api.w.org\/{rel}","templated":true}]}}