{"id":176,"date":"2022-06-03T22:01:23","date_gmt":"2022-06-03T20:01:23","guid":{"rendered":"http:\/\/www.fundacionindex.com\/casamagina\/?page_id=176"},"modified":"2022-07-15T16:24:57","modified_gmt":"2022-07-15T14:24:57","slug":"escritura","status":"publish","type":"page","link":"https:\/\/casamagina.fundacionindex.com\/?page_id=176","title":{"rendered":"Escribir desde los sentidos"},"content":{"rendered":"\n<div class=\"wp-block-media-text alignwide has-media-on-the-right is-stacked-on-mobile\" style=\"grid-template-columns:auto 19%\"><figure class=\"wp-block-media-text__media\"><img fetchpriority=\"high\" decoding=\"async\" width=\"268\" height=\"282\" src=\"http:\/\/casamagina.fundacionindex.com\/wp-content\/uploads\/2022\/06\/plumav.png\" alt=\"\" class=\"wp-image-292 size-full\"\/><\/figure><div class=\"wp-block-media-text__content\">\n<p class=\"has-text-align-right has-small-font-size\">No pierdas tiempo, <br>inscr\u00edbete antes que se cubran <br>las plazas del taller-expr\u00e9s<\/p>\n\n\n\n<div class=\"wp-block-buttons is-content-justification-right is-layout-flex wp-container-core-buttons-is-layout-765c4724 wp-block-buttons-is-layout-flex\">\n<div class=\"wp-block-button\"><a class=\"wp-block-button__link has-dark-gray-color has-light-brown-background-color has-text-color has-background\" href=\"http:\/\/casamagina.fundacionindex.com\/?page_id=263\">Inscripci\u00f3n gratuita<\/a><\/div>\n<\/div>\n<\/div><\/div>\n\n\n\n<div class=\"wp-block-media-text alignwide is-stacked-on-mobile is-vertically-aligned-top\" style=\"grid-template-columns:42% auto\"><figure class=\"wp-block-media-text__media\"><img decoding=\"async\" width=\"542\" height=\"569\" src=\"http:\/\/casamagina.fundacionindex.com\/wp-content\/uploads\/2022\/06\/cuento2.png\" alt=\"\" class=\"wp-image-309 size-full\" srcset=\"https:\/\/casamagina.fundacionindex.com\/wp-content\/uploads\/2022\/06\/cuento2.png 542w, https:\/\/casamagina.fundacionindex.com\/wp-content\/uploads\/2022\/06\/cuento2-286x300.png 286w\" sizes=\"(max-width: 542px) 100vw, 542px\" \/><\/figure><div class=\"wp-block-media-text__content\">\n<p class=\"has-small-font-size\">Cabra del Santo Cristo (Ja\u00e9n), 23 de julio de 2022<\/p>\n\n\n\n<p class=\"has-medium-orange-color has-text-color\" style=\"font-size:29px\">Despierta tu creatividad en Casa de M\u00e1gina<\/p>\n\n\n\n<p class=\"has-normal-font-size\">La Escritura Creativa es una experiencia sensible que se alimenta de pensamiento, memoria, intuici\u00f3n y emociones. <\/p>\n<\/div><\/div>\n\n\n\n<p class=\"has-off-white-background-color has-background\">En esta edici\u00f3n exploraremos t\u00e9cnicas y herramientas, conocimientos y motivaci\u00f3n para arrancar y llevar a buen t\u00e9rmino las historias que broten de nuestra imaginaci\u00f3n. Y lo haremos a prop\u00f3sito de <strong><em>c\u00f3mo crear un cuento<\/em><\/strong>. \u00bfTe animas a participar?<\/p>\n\n\n\n<p class=\"has-text-color\" style=\"color:#056abd\">Continuamos adentr\u00e1ndonos en el oficio de la escritura para conocer los secretos de de los grandes autores, a la vez que fortalecemos nuestras propias capacidades narrativas.<\/p>\n\n\n\n<h4 class=\"has-medium-orange-color has-text-color wp-block-heading\">Nuestro autor invitado<\/h4>\n\n\n\n<div class=\"wp-block-media-text alignwide has-media-on-the-right is-stacked-on-mobile\" style=\"grid-template-columns:auto 39%\"><figure class=\"wp-block-media-text__media\"><img decoding=\"async\" width=\"1024\" height=\"1024\" src=\"http:\/\/casamagina.fundacionindex.com\/wp-content\/uploads\/2022\/06\/crequesens-1024x1024.jpg\" alt=\"\" class=\"wp-image-182 size-full\" srcset=\"https:\/\/casamagina.fundacionindex.com\/wp-content\/uploads\/2022\/06\/crequesens-1024x1024.jpg 1024w, https:\/\/casamagina.fundacionindex.com\/wp-content\/uploads\/2022\/06\/crequesens-300x300.jpg 300w, https:\/\/casamagina.fundacionindex.com\/wp-content\/uploads\/2022\/06\/crequesens-150x150.jpg 150w, https:\/\/casamagina.fundacionindex.com\/wp-content\/uploads\/2022\/06\/crequesens-768x768.jpg 768w, https:\/\/casamagina.fundacionindex.com\/wp-content\/uploads\/2022\/06\/crequesens.jpg 1200w\" sizes=\"(max-width: 1024px) 100vw, 1024px\" \/><\/figure><div class=\"wp-block-media-text__content\">\n<p><\/p>\n\n\n\n<p class=\"has-text-align-right\"><strong>C\u00e9sar Requesens<\/strong>&nbsp;(Melilla, 1965) es escritor y periodista. Autor de novela, libros de relatos, libros de investigaci\u00f3n period\u00edstica y de la inclasificable gu\u00eda para viajeros inquietos&nbsp;<em>\u2018<a rel=\"noreferrer noopener\" href=\"http:\/\/www.granadasecreta.com\/granada-secreta-insolita\/\" target=\"_blank\">Granada ins\u00f3lita y secreta<\/a>\u2018<\/em>. Columnista del diario&nbsp;<em><a rel=\"noreferrer noopener\" href=\"http:\/\/localhost\/cesar\/wp-admin\/www.granadahoy.com\" target=\"_blank\">Granada Hoy<\/a><\/em>, actualmente dirige la revista on line&nbsp;<a rel=\"noreferrer noopener\" href=\"https:\/\/eloteador.com\/\" target=\"_blank\">eloteador.com<\/a>, la revista de literaria Liter\u00e1ntropos (Ediciones La Ciudad Invisible) y colabora semanalmente en la cadena Es Radio. Imparte cursos de escritura creativa desde 1996 en el Centro Cultural Universitario Casa de Porras de la Universidad de Granada <a rel=\"noreferrer noopener\" href=\"https:\/\/cesarderequesens.com\/\" target=\"_blank\">M\u00e1s informaci\u00f3n&#8230;<\/a><\/p>\n<\/div><\/div>\n\n\n\n<h4 class=\"has-medium-orange-color has-text-color wp-block-heading\">Programa<\/h4>\n\n\n\n<figure class=\"wp-block-table is-style-stripes\"><table><thead><tr><th>S\u00e1bado<\/th><th>23 de julio de 2022<\/th><th><\/th><\/tr><\/thead><tbody><tr><td>10:00<\/td><td>Recepci\u00f3n, <em>Casa de M\u00e1gina<\/em> (calle Palma, 19)<\/td><td><\/td><\/tr><tr><td>10:30<\/td><td>Desarrollo del taller-expr\u00e9s, <em>Casa de Cerd\u00e1 y Rico<\/em><\/td><td><\/td><\/tr><tr><td>14:00<\/td><td>Almuerzo, <em>Casa Herminia<\/em> (men\u00fa 11:50 euros)<\/td><td><\/td><\/tr><tr><td>16:00<\/td><td>Pr\u00e1cticas de escritura, <em>Casa de M\u00e1gina<\/em><\/td><td><\/td><\/tr><tr><td>21:00<\/td><td>Noche de luna y fuego (velada literaria), <em>Casa de Rafael<\/em><br>-Entrega de premios <em>Paisajes del silencio<\/em><br>-Compartiendo historias<br>Con ponche tradicional para acompa\u00f1ar durante la velada<\/td><td><\/td><\/tr><\/tbody><\/table><\/figure>\n\n\n\n<div class=\"wp-block-media-text alignwide is-stacked-on-mobile\" style=\"grid-template-columns:44% auto\"><figure class=\"wp-block-media-text__media\"><img loading=\"lazy\" decoding=\"async\" width=\"743\" height=\"845\" src=\"http:\/\/casamagina.fundacionindex.com\/wp-content\/uploads\/2022\/06\/patioescr.png\" alt=\"\" class=\"wp-image-186 size-full\" srcset=\"https:\/\/casamagina.fundacionindex.com\/wp-content\/uploads\/2022\/06\/patioescr.png 743w, https:\/\/casamagina.fundacionindex.com\/wp-content\/uploads\/2022\/06\/patioescr-264x300.png 264w\" sizes=\"(max-width: 743px) 100vw, 743px\" \/><\/figure><div class=\"wp-block-media-text__content\">\n<p><\/p>\n\n\n\n<p class=\"has-normal-font-size\"><strong><mark style=\"background-color:rgba(0, 0, 0, 0)\" class=\"has-inline-color has-luminous-vivid-amber-color\">Lugar <\/mark><\/strong>Cabra del Santo Cristo (Ja\u00e9n)<br><strong><mark style=\"background-color:rgba(0, 0, 0, 0)\" class=\"has-inline-color has-luminous-vivid-amber-color\">Fecha <\/mark><\/strong>23 de julio de 2022<br><strong><mark style=\"background-color:rgba(0, 0, 0, 0)\" class=\"has-inline-color has-luminous-vivid-amber-color\">Matr\u00edcula<\/mark><\/strong>: gratuita (no incluye almuerzo ni alojamiento)<br><strong><mark style=\"background-color:rgba(0, 0, 0, 0)\" class=\"has-inline-color has-luminous-vivid-amber-color\">Plazas<\/mark><\/strong>: 25<br><strong><mark style=\"background-color:rgba(0, 0, 0, 0)\" class=\"has-inline-color has-luminous-vivid-amber-color\">Alojamiento<\/mark><\/strong>: la organizaci\u00f3n informar\u00e1 de las opciones disponibles<br><strong><mark style=\"background-color:rgba(0, 0, 0, 0)\" class=\"has-inline-color has-luminous-vivid-amber-color\">Contacto<\/mark><\/strong>: casademagina@gmail.com<br><strong><mark style=\"background-color:rgba(0, 0, 0, 0)\" class=\"has-inline-color has-luminous-vivid-amber-color\">Inscr\u00edbete <\/mark><\/strong><a href=\"http:\/\/casamagina.fundacionindex.com\/?page_id=263\">AQUI<\/a><\/p>\n\n\n\n<p class=\"has-small-font-size\">Este encuentro se realiza con la colaboraci\u00f3n de <em>Casa de M\u00e1gina<\/em> de la Fundaci\u00f3n Index, el <em>Taller de Escritores<\/em> de Granada y el Excmo. Ayuntamiento de Cabra del Santo Cristo (Ja\u00e9n)<\/p>\n<\/div><\/div>\n\n\n\n<figure class=\"wp-block-image size-large\"><img loading=\"lazy\" decoding=\"async\" width=\"1024\" height=\"155\" src=\"http:\/\/casamagina.fundacionindex.com\/wp-content\/uploads\/2022\/06\/sellos-1-1024x155.png\" alt=\"\" class=\"wp-image-237\" srcset=\"https:\/\/casamagina.fundacionindex.com\/wp-content\/uploads\/2022\/06\/sellos-1-1024x155.png 1024w, https:\/\/casamagina.fundacionindex.com\/wp-content\/uploads\/2022\/06\/sellos-1-300x45.png 300w, https:\/\/casamagina.fundacionindex.com\/wp-content\/uploads\/2022\/06\/sellos-1-768x116.png 768w, https:\/\/casamagina.fundacionindex.com\/wp-content\/uploads\/2022\/06\/sellos-1.png 1535w\" sizes=\"(max-width: 1024px) 100vw, 1024px\" \/><\/figure>\n\n\n\n<p><\/p>\n","protected":false},"excerpt":{"rendered":"<p>Cabra del Santo Cristo (Ja\u00e9n), 23 de julio de 2022 Despierta tu creatividad en Casa de M\u00e1gina La Escritura Creativa es una experiencia sensible que se alimenta de pensamiento, memoria, intuici\u00f3n y emociones. En esta edici\u00f3n exploraremos t\u00e9cnicas y herramientas, conocimientos y motivaci\u00f3n para arrancar y llevar a buen t\u00e9rmino las historias que broten de &hellip; <a href=\"https:\/\/casamagina.fundacionindex.com\/?page_id=176\" class=\"more-link\">Seguir leyendo <span class=\"screen-reader-text\">Escribir desde los sentidos<\/span> <span class=\"meta-nav\">&rarr;<\/span><\/a><\/p>\n","protected":false},"author":3,"featured_media":0,"parent":0,"menu_order":0,"comment_status":"closed","ping_status":"closed","template":"","meta":{"footnotes":""},"class_list":["post-176","page","type-page","status-publish","hentry"],"_links":{"self":[{"href":"https:\/\/casamagina.fundacionindex.com\/index.php?rest_route=\/wp\/v2\/pages\/176","targetHints":{"allow":["GET"]}}],"collection":[{"href":"https:\/\/casamagina.fundacionindex.com\/index.php?rest_route=\/wp\/v2\/pages"}],"about":[{"href":"https:\/\/casamagina.fundacionindex.com\/index.php?rest_route=\/wp\/v2\/types\/page"}],"author":[{"embeddable":true,"href":"https:\/\/casamagina.fundacionindex.com\/index.php?rest_route=\/wp\/v2\/users\/3"}],"replies":[{"embeddable":true,"href":"https:\/\/casamagina.fundacionindex.com\/index.php?rest_route=%2Fwp%2Fv2%2Fcomments&post=176"}],"version-history":[{"count":32,"href":"https:\/\/casamagina.fundacionindex.com\/index.php?rest_route=\/wp\/v2\/pages\/176\/revisions"}],"predecessor-version":[{"id":425,"href":"https:\/\/casamagina.fundacionindex.com\/index.php?rest_route=\/wp\/v2\/pages\/176\/revisions\/425"}],"wp:attachment":[{"href":"https:\/\/casamagina.fundacionindex.com\/index.php?rest_route=%2Fwp%2Fv2%2Fmedia&parent=176"}],"curies":[{"name":"wp","href":"https:\/\/api.w.org\/{rel}","templated":true}]}}