{"id":222,"date":"2022-06-04T10:27:45","date_gmt":"2022-06-04T08:27:45","guid":{"rendered":"http:\/\/www.fundacionindex.com\/casamagina\/?page_id=222"},"modified":"2022-06-06T17:23:52","modified_gmt":"2022-06-06T15:23:52","slug":"actividades","status":"publish","type":"page","link":"https:\/\/casamagina.fundacionindex.com\/?page_id=222","title":{"rendered":"Actividades"},"content":{"rendered":"\n<figure class=\"wp-block-image size-large\"><img fetchpriority=\"high\" decoding=\"async\" width=\"760\" height=\"234\" src=\"http:\/\/casamagina.fundacionindex.com\/wp-content\/uploads\/2022\/06\/patio.jpg\" alt=\"\" class=\"wp-image-223\" srcset=\"https:\/\/casamagina.fundacionindex.com\/wp-content\/uploads\/2022\/06\/patio.jpg 760w, https:\/\/casamagina.fundacionindex.com\/wp-content\/uploads\/2022\/06\/patio-300x92.jpg 300w\" sizes=\"(max-width: 760px) 100vw, 760px\" \/><\/figure>\n\n\n\n<p class=\"has-medium-font-size\">Casa de M\u00e1gina organiza encuentros internacionales, cursos de verano y otras actividades <strong> <\/strong>cient\u00edfico-culturales, como conferencias, presentaciones de libros, conciertos, exposiciones, cine f\u00f3rums, etc., con la doble orientaci\u00f3n de promover la investigaci\u00f3n en salud y los valores culturales de Sierra M\u00e1gina.<\/p>\n\n\n\n<h4 class=\"has-medium-orange-color has-text-color wp-block-heading\">Pr\u00f3ximas actividades<\/h4>\n\n\n\n<figure class=\"wp-block-image size-large\"><a href=\"http:\/\/casamagina.fundacionindex.com\/?page_id=176\"><img decoding=\"async\" width=\"666\" height=\"760\" src=\"http:\/\/casamagina.fundacionindex.com\/wp-content\/uploads\/2022\/06\/precartel-1.png\" alt=\"\" class=\"wp-image-229\" srcset=\"https:\/\/casamagina.fundacionindex.com\/wp-content\/uploads\/2022\/06\/precartel-1.png 666w, https:\/\/casamagina.fundacionindex.com\/wp-content\/uploads\/2022\/06\/precartel-1-263x300.png 263w\" sizes=\"(max-width: 666px) 100vw, 666px\" \/><\/a><\/figure>\n\n\n\n<h5 class=\"has-text-color wp-block-heading\" style=\"color:#207d9a\">Exposici\u00f3n <em>La escritura y los d\u00edas<\/em><\/h5>\n\n\n\n<div class=\"wp-block-media-text alignwide is-stacked-on-mobile is-vertically-aligned-top\" style=\"grid-template-columns:44% auto\"><figure class=\"wp-block-media-text__media\"><img decoding=\"async\" width=\"645\" height=\"788\" src=\"http:\/\/casamagina.fundacionindex.com\/wp-content\/uploads\/2022\/06\/expo.png\" alt=\"\" class=\"wp-image-297 size-full\" srcset=\"https:\/\/casamagina.fundacionindex.com\/wp-content\/uploads\/2022\/06\/expo.png 645w, https:\/\/casamagina.fundacionindex.com\/wp-content\/uploads\/2022\/06\/expo-246x300.png 246w\" sizes=\"(max-width: 645px) 100vw, 645px\" \/><\/figure><div class=\"wp-block-media-text__content\">\n<p class=\"has-red-color has-text-color has-small-font-size\">Prevista para julio-agosto 2023<br>Sala de exposiciones de la Casa Cerd\u00e1 y Rico<\/p>\n\n\n\n<p class=\"has-small-font-size\">No solo escriben los escritores. Esta exposici\u00f3n pretende mostrar a trav\u00e9s de objetos cotidianos de diversas \u00e9pocas la manera en que la escritura ha evolucionado en su utilizaci\u00f3n en el mundo cotidiano. Nuestros antepasados, y muy especialmente las mujeres, han dejado su rastro en cartas, diarios, recetarios y otros muchos objetos de recuerdo, pues muestran la vida que ya no es, los h\u00e1bitos y las costumbres de personas de una sociedad ausente. Su contemplaci\u00f3n junto a objetos del presente nos ayuda a establecer conexiones, desde una reflexi\u00f3n intimista, sobre la mudanza de los tiempos, que son vividos por quienes los escriben.<\/p>\n<\/div><\/div>\n\n\n\n<p class=\"has-small-font-size\">La exposici\u00f3n se construye a trav\u00e9s de paneles y vitrinas ordenadas en secciones tem\u00e1ticas: escritura epistolar, escritura dom\u00e9stica, escritura de la seducci\u00f3n, escritura del ciclo vital, escritura l\u00fadica y recreativa,<a> <\/a>escritura salut\u00edfera, escritura patrimonial, escritura gastron\u00f3mica, escritura religiosa, escritura musical, escritura digital&#8230;<\/p>\n\n\n\n<h5 class=\"has-text-color wp-block-heading\" style=\"color:#207d9a\">VIII Cursos Internacionales de Verano <em>Casa de M\u00e1gina<\/em><\/h5>\n\n\n\n<p>Previstos para el mes de julio de 2023 (pr\u00f3xima convocatoria)<\/p>\n","protected":false},"excerpt":{"rendered":"<p>Casa de M\u00e1gina organiza encuentros internacionales, cursos de verano y otras actividades cient\u00edfico-culturales, como conferencias, presentaciones de libros, conciertos, exposiciones, cine f\u00f3rums, etc., con la doble orientaci\u00f3n de promover la investigaci\u00f3n en salud y los valores culturales de Sierra M\u00e1gina. Pr\u00f3ximas actividades Exposici\u00f3n La escritura y los d\u00edas Prevista para julio-agosto 2023Sala de exposiciones de &hellip; <a href=\"https:\/\/casamagina.fundacionindex.com\/?page_id=222\" class=\"more-link\">Seguir leyendo <span class=\"screen-reader-text\">Actividades<\/span> <span class=\"meta-nav\">&rarr;<\/span><\/a><\/p>\n","protected":false},"author":3,"featured_media":0,"parent":0,"menu_order":0,"comment_status":"closed","ping_status":"closed","template":"","meta":{"footnotes":""},"class_list":["post-222","page","type-page","status-publish","hentry"],"_links":{"self":[{"href":"https:\/\/casamagina.fundacionindex.com\/index.php?rest_route=\/wp\/v2\/pages\/222","targetHints":{"allow":["GET"]}}],"collection":[{"href":"https:\/\/casamagina.fundacionindex.com\/index.php?rest_route=\/wp\/v2\/pages"}],"about":[{"href":"https:\/\/casamagina.fundacionindex.com\/index.php?rest_route=\/wp\/v2\/types\/page"}],"author":[{"embeddable":true,"href":"https:\/\/casamagina.fundacionindex.com\/index.php?rest_route=\/wp\/v2\/users\/3"}],"replies":[{"embeddable":true,"href":"https:\/\/casamagina.fundacionindex.com\/index.php?rest_route=%2Fwp%2Fv2%2Fcomments&post=222"}],"version-history":[{"count":10,"href":"https:\/\/casamagina.fundacionindex.com\/index.php?rest_route=\/wp\/v2\/pages\/222\/revisions"}],"predecessor-version":[{"id":320,"href":"https:\/\/casamagina.fundacionindex.com\/index.php?rest_route=\/wp\/v2\/pages\/222\/revisions\/320"}],"wp:attachment":[{"href":"https:\/\/casamagina.fundacionindex.com\/index.php?rest_route=%2Fwp%2Fv2%2Fmedia&parent=222"}],"curies":[{"name":"wp","href":"https:\/\/api.w.org\/{rel}","templated":true}]}}