{"id":264,"date":"2022-06-04T19:26:06","date_gmt":"2022-06-04T17:26:06","guid":{"rendered":"http:\/\/www.fundacionindex.com\/casamagina\/?page_id=264"},"modified":"2022-06-06T17:30:57","modified_gmt":"2022-06-06T15:30:57","slug":"pregon","status":"publish","type":"page","link":"https:\/\/casamagina.fundacionindex.com\/?page_id=264","title":{"rendered":"Cabrilla, para\u00edso imaginado"},"content":{"rendered":"\n<div class=\"wp-block-media-text alignwide is-stacked-on-mobile is-vertically-aligned-top\" style=\"grid-template-columns:28% auto\"><figure class=\"wp-block-media-text__media\"><img fetchpriority=\"high\" decoding=\"async\" width=\"184\" height=\"903\" src=\"http:\/\/casamagina.fundacionindex.com\/wp-content\/uploads\/2022\/06\/pregon2.jpg\" alt=\"\" class=\"wp-image-265 size-full\" srcset=\"https:\/\/casamagina.fundacionindex.com\/wp-content\/uploads\/2022\/06\/pregon2.jpg 184w, https:\/\/casamagina.fundacionindex.com\/wp-content\/uploads\/2022\/06\/pregon2-61x300.jpg 61w\" sizes=\"(max-width: 184px) 100vw, 184px\" \/><\/figure><div class=\"wp-block-media-text__content\">\n<p class=\"has-off-white-background-color has-background has-small-font-size\">Preg\u00f3n de las fiestas patronales de Cabra del Santo Cristo (Ja\u00e9n), pronunciado el 14 de agosto de 2014 por el Dr. Manuel Amezcua, Presidente de la Fundaci\u00f3n Index.<\/p>\n\n\n\n<p>Cabrile\u00f1os y cabrile\u00f1as,<\/p>\n\n\n\n<p>Ha llegado la hora del regocijo, m\u00e1s que de las palabras. Pero me han pedido que pregone el acontecimiento m\u00e1s importante que tiene lugar en el pueblo, las fiestas en honor a su patr\u00f3n el Cristo de Burgos, y lo har\u00e9, no sin antes dar las gracias al Excmo. Ayuntamiento y a su alcalde en particular por haberme invitado a pronunciarlo. Sin duda es un honor por el que me siento muy reconocido, dir\u00eda que emocionado, pues no siendo del pueblo, recibo sobradas muestras del cari\u00f1o, con el que este vecindario acoge a todos los que hemos decidido enraizarnos entre vosotros.<\/p>\n\n\n\n<p>No quiero robaros mucho tiempo, pues cabezas m\u00e1s prominentes que la m\u00eda andan ya por ah\u00ed, inquietas, deseando esturrearse por el pueblo para llevar el jolgorio a cada uno de sus rincones. Mejor que yo con la palabra, ser\u00e1 el&nbsp;<em>Pincha\u00favas<\/em>&nbsp;con su vejiga estridente quien os revele la quintaesencia de las fiestas de Cabra. El es la verdadera alma de la fiesta.<\/p>\n\n\n\n<p>Un a\u00f1o m\u00e1s el pueblo se ha llenado de gente. Nos hemos juntado para disfrutar, pero tambi\u00e9n para renovar el voto sagrado del reencuentro, la necesidad de manifestar con alegr\u00edas los v\u00ednculos que nos unen a este trozo de tierra que arcanas voluntades colocaron en los confines de M\u00e1gina. Hoy comenzamos otra vez el gran jubileo. Los que sois y viv\u00eds aqu\u00ed os arm\u00e1is de generosidad y abr\u00eds vuestros brazos a la foraster\u00eda, a los convecinos de la comarca y a los que vienen de lejanas tierras. Pero sobre todo abraz\u00e1is de nuevo a quienes buscando mejor vivir dejaron el pueblo a\u00f1os atr\u00e1s y hoy regresan para reencontrarse con los suyos, para venerar a su Cristo de Burgos, y para convencerse a s\u00ed mismos y a los dem\u00e1s que tambi\u00e9n en la distancia se vive intensamente el ser cabrile\u00f1o.<\/p>\n<\/div><\/div>\n\n\n\n<p>Cabra del Santo Cristo es tierra de gentes, de horizontes imposibles y de esp\u00edritu de libertad. De historia forjada en el vivir cada d\u00eda de sus habitantes, domesticando la naturaleza salvaje donde hace siglos decidieron asentarse. Superando las no pocas crisis de subsistencia provocadas por hambrunas y carest\u00edas. Rebel\u00e1ndose como uno solo contra quienes desde pretensiones feudalistas o desde el abuso institucional ansiaron los beneficios de la dehesa y de las tierras que con tanto af\u00e1n comenzaron a roturar sus esforzados habitantes. Me gusta presumir que el primer logro de autonom\u00eda que los de&nbsp;<em>Cabrilla<\/em>&nbsp;ganaron a la ciudad de \u00dabeda, fue comunicado en esta misma plaza y tal vez desde este mismo balc\u00f3n, por el regidor Juan de Mezcua Navarrete, uno de mis antepasados, descendiente de los primeros conquistadores de Baeza.<\/p>\n\n\n\n<p>Las gentes de Cabra siempre hab\u00e9is logrado lo que os hab\u00e9is propuesto. Aunque haciendo un poco de trampa, que todo hay que decirlo, pues buena ayuda recibisteis cuando las esferas sobrenaturales decidieron posar su dedo sobre este rec\u00f3ndito lugar y os enviaron como s\u00edndico al sagrado lienzo del Cristo de Burgos, que tanto beneficio ha procurado a los de aqu\u00ed y a los que aqu\u00ed se han acercado en busca de su influjo vivificador. Basta fijarse en la mansedumbre del rostro del crucificado, levemente destacado sobre la negritud del lienzo, para saber que sus vecinos pueden dormir tranquilos. \u00a1Menudo guardaespaldas ten\u00e9is los cabrile\u00f1os!<\/p>\n\n\n\n<p>Tengo que reconocer que, desde la vecina Moraleda, donde pas\u00e9 mi primera infancia, desde muy chico, aquella lejana&nbsp;<em>Cabrilla<\/em>&nbsp;que a menudo mentaba mi abuela, ejerc\u00eda en m\u00ed una cierta fascinaci\u00f3n:<\/p>\n\n\n\n<p>          <em>Solera est\u00e1 en la umbr\u00eda,<br>          La Moraleda en la solana,<br>          Cabrilla en lo alto de la sierra<br>          Y J\u00f3dar en tierra llana.<\/em><\/p>\n\n\n\n<p>Con estos versos, tan espont\u00e1neos como bellos, nos instru\u00edan a los ni\u00f1os para ubicarnos en el peque\u00f1o universo al que pod\u00edan aspirar nuestras cortas luces, que yo expand\u00eda imaginando&nbsp;<em>Cabrilla<\/em>&nbsp;como uno de esos para\u00edsos de los cuentos de&nbsp;<em>Nunca Jam\u00e1s<\/em>, encaramada a una monta\u00f1a tan alta, tan alta, que desde all\u00ed seguro que se podr\u00eda ver el mar. Y me imaginaba el horizonte con barquitos de vapor, como los de los cromos que sal\u00edan en las libras de chocolate, navegando cadenciosamente hacia lugares todav\u00eda m\u00e1s lejanos y ex\u00f3ticos. \u00a1Qu\u00e9 suerte ten\u00edan los ni\u00f1os de&nbsp;<em>Cabrilla<\/em>, que pod\u00edan mirar desde sus ventanas el universo mundo!<\/p>\n\n\n\n<figure class=\"wp-block-image size-large\"><img decoding=\"async\" width=\"750\" height=\"482\" src=\"http:\/\/casamagina.fundacionindex.com\/wp-content\/uploads\/2022\/06\/pregon3.jpg\" alt=\"\" class=\"wp-image-277\" srcset=\"https:\/\/casamagina.fundacionindex.com\/wp-content\/uploads\/2022\/06\/pregon3.jpg 750w, https:\/\/casamagina.fundacionindex.com\/wp-content\/uploads\/2022\/06\/pregon3-300x193.jpg 300w\" sizes=\"(max-width: 750px) 100vw, 750px\" \/><\/figure>\n\n\n\n<p>La primera vez que vine a&nbsp;<em>Cabrilla<\/em>, lo hice en el ejercicio de mi insigne cargo de monaguillo, acompa\u00f1ando al cura de mi pueblo en una soleada tarde de primavera para asistirle en la misa del domingo. El&nbsp;<em>seiscientos<\/em>&nbsp;del p\u00e1rroco aparc\u00f3 en esta misma plaza, un hervidero de gente que discurr\u00eda como si tal cosa entre unos vetustos edificios que me dejaron anonadado, \u00a1qu\u00e9 grande me pareci\u00f3 todo! Hasta la iglesia se me antojaba m\u00e1s catedral que parroquia. Don Pedro el cura tuvo que llamar m\u00e1s de una vez mi atenci\u00f3n, pues su monaguillo andaba m\u00e1s atento a los resplandores del rutilante retablo del Cristo de Burgos que a la liturgia de la misa. No me decepcion\u00f3 la&nbsp;<em>Cabrilla<\/em>&nbsp;que conoc\u00ed en relaci\u00f3n a la que hab\u00eda imaginado, aunque no hubiese barcos en lontananza, sino m\u00e1s montes y m\u00e1s sierras, encrespadas como olas de un mar embravecido, paralizadas en el horizonte como una de esas im\u00e1genes estereosc\u00f3picas de Cerd\u00e1.<\/p>\n\n\n\n<p>Cerd\u00e1 y Rico, otro afincado que qued\u00f3 atrapado por el influjo de este pueblo. Con el tiempo, como \u00e9l, tuve que ejercer aunque ef\u00edmeramente el ministerio del cuidado de la salud de sus vecinos. Y como \u00e9l, me hice subsidiario de una cabrile\u00f1a, y sent\u00e9 mi propia casa, y ahora ya no s\u00e9 si vivo en Granada o en Cabra del Santo Cristo, pues mi cabeza y mi cuerpo andan a veces por separado, \u00bfqu\u00e9 tiene este pueblo que tanto cautiva a sus allegados?<\/p>\n\n\n\n<p>Personalmente me veo en la tesitura de viajar con frecuencia a otros pa\u00edses y continentes, he conocido lugares muy rec\u00f3nditos y extra\u00f1os, pero nunca he visto un cielo tan azul como el que adorna este pueblo, esa luz tan especial, limpia y luminosa como su blanco caser\u00edo, con reflejos dorados de las piedras de sus viejos edificios y de las sementeras. Cuando la luz m\u00e1gica de la tarde inunda los anaqueles de la biblioteca, en un juego de contraluces que simulan presencias misteriosas, reconozco que ese fugaz momento que precede a la penumbra produce algo en el esp\u00edritu de quienes la habitamos. Pero no sabr\u00eda explicar el qu\u00e9.<\/p>\n\n\n\n<p>Al conocer vuestra historia, uno se percata que el afincamiento en este pueblo obliga a pagar ciertos tributos. Ya lo hicieron vuestros ancestros, aquel pu\u00f1ado de familias ubetenses que se asentaron en este p\u00e1ramo tras la pacificaci\u00f3n de la frontera granadina. Todav\u00eda segu\u00eds luciendo algunos de sus apellidos: Biedma, Gila, Ortega, Molina, Navarrete, Vilches&#8230; Ellos os legaron estilos de vida que fraguaron en tradiciones que hab\u00e9is sabido preservar con los a\u00f1os. Como hab\u00e9is conservado sus excepcionales monumentos, sus casas derramadas sobre las faldas de la Sierra Cruz\u00e1, su imponente templo parroquial, que parece un buque varado entre un mar de espuma blanca, y un entorno natural que hoy hacen de Cabra uno de los pueblos m\u00e1s amigables y bellos del Santo Reino de Ja\u00e9n.<\/p>\n\n\n\n<p>Tributo tuvo que pagar el caballero burgal\u00e9s Jer\u00f3nimo de Sanv\u00edtores, dejando en el pueblo su milagroso lienzo del Cristo de Burgos, que ver\u00eda largamente recompensado al convertir a su familia en se\u00f1ores del lugar. Y qu\u00e9 decir de aquel prior Palomino de Ledesma, que hizo de parroquia, santuario, y del pueblo uno de los principales centros de peregrinaci\u00f3n de Andaluc\u00eda. Tampoco hab\u00e9is olvidado a la prieguense Marta de Jes\u00fas, la&nbsp;<em>Mamarta<\/em>, que anduvo descalza por las m\u00e1s escarpadas trochas de la comarca pidiendo limosnas para dejarle al pueblo un hospital y una escuela para pobres y necesitados, una encomiable obra social que dur\u00f3 siglos. El propio Cerd\u00e1 dej\u00f3 para la posteridad el testimonio fotogr\u00e1fico m\u00e1s valioso sobre el cotidiano de una comunidad rural en la \u00e9poca del esparto. Yo mismo pago tributo como otro afincado m\u00e1s, y ah\u00ed ando instaurando en la Casa de M\u00e1gina una iniciativa de turismo acad\u00e9mico que intenta extender la memoria de&nbsp;<em>Cabrilla<\/em>&nbsp;por no pocos lugares de este planeta.<\/p>\n\n\n\n<p>\u00bfQu\u00e9 tiene Cabra del Santo Cristo que tanto fascina a propios y a extra\u00f1os? Sin duda es algo profundo, misterioso, dif\u00edcil de comprender. Pero no olvid\u00e9is que es la cultura lo que hace grandes a los pueblos, y la que ha hecho que&nbsp;<em>Cabrilla<\/em>&nbsp;llegue hasta nuestro siglo como un para\u00edso so\u00f1ado para muchos y disfrutado por los que hab\u00e9is tenido el privilegio de vivirlo cada d\u00eda. Dejad pues que la cultura fluya a borbotones como esa agua fresca y libre del Nacimiento, y mantenedla siempre a la par que la alegr\u00eda de vivir.<\/p>\n\n\n\n<p>Ciudadanos y ciudadanas de Cabra del Santo Cristo, vecinos y visitantes, desde el respeto y el reconocimiento al sentirme uno m\u00e1s entre vosotros, os deseo de coraz\u00f3n que pas\u00e9is unas fiestas desbordantes de alegr\u00eda, tan inolvidables como todas las que hab\u00e9is pasado juntos, en sana concordia con toda la gente de paz y buena voluntad con la que vamos a disfrutar los pr\u00f3ximos d\u00edas.<\/p>\n\n\n\n<p>\u00a1Viva Cabra del Santo Cristo!\u00a1Felices fiestas!<\/p>\n\n\n\n<p><strong>_________________________<br><mark style=\"background-color:rgba(0, 0, 0, 0)\" class=\"has-inline-color has-light-orange-color\">C\u00f3mo citar este documento<\/mark><\/strong><br>Amezcua M. Cabrilla, para\u00edso imaginado [Preg\u00f3n de las Fiestas de Cabra del Santo Cristo, Ja\u00e9n, 2014]. Casa de M\u00e1gina, 14.08.2014. Disponible en\u00a0<a href=\"http:\/\/casamagina.fundacionindex.com\/?page_id=264\">http:\/\/casamagina.fundacionindex.com\/?page_id=264<\/a>.<\/p>\n","protected":false},"excerpt":{"rendered":"<p>Preg\u00f3n de las fiestas patronales de Cabra del Santo Cristo (Ja\u00e9n), pronunciado el 14 de agosto de 2014 por el Dr. Manuel Amezcua, Presidente de la Fundaci\u00f3n Index. Cabrile\u00f1os y cabrile\u00f1as, Ha llegado la hora del regocijo, m\u00e1s que de las palabras. Pero me han pedido que pregone el acontecimiento m\u00e1s importante que tiene lugar &hellip; <a href=\"https:\/\/casamagina.fundacionindex.com\/?page_id=264\" class=\"more-link\">Seguir leyendo <span class=\"screen-reader-text\">Cabrilla, para\u00edso imaginado<\/span> <span class=\"meta-nav\">&rarr;<\/span><\/a><\/p>\n","protected":false},"author":3,"featured_media":0,"parent":0,"menu_order":0,"comment_status":"open","ping_status":"closed","template":"","meta":{"footnotes":""},"class_list":["post-264","page","type-page","status-publish","hentry"],"_links":{"self":[{"href":"https:\/\/casamagina.fundacionindex.com\/index.php?rest_route=\/wp\/v2\/pages\/264","targetHints":{"allow":["GET"]}}],"collection":[{"href":"https:\/\/casamagina.fundacionindex.com\/index.php?rest_route=\/wp\/v2\/pages"}],"about":[{"href":"https:\/\/casamagina.fundacionindex.com\/index.php?rest_route=\/wp\/v2\/types\/page"}],"author":[{"embeddable":true,"href":"https:\/\/casamagina.fundacionindex.com\/index.php?rest_route=\/wp\/v2\/users\/3"}],"replies":[{"embeddable":true,"href":"https:\/\/casamagina.fundacionindex.com\/index.php?rest_route=%2Fwp%2Fv2%2Fcomments&post=264"}],"version-history":[{"count":18,"href":"https:\/\/casamagina.fundacionindex.com\/index.php?rest_route=\/wp\/v2\/pages\/264\/revisions"}],"predecessor-version":[{"id":324,"href":"https:\/\/casamagina.fundacionindex.com\/index.php?rest_route=\/wp\/v2\/pages\/264\/revisions\/324"}],"wp:attachment":[{"href":"https:\/\/casamagina.fundacionindex.com\/index.php?rest_route=%2Fwp%2Fv2%2Fmedia&parent=264"}],"curies":[{"name":"wp","href":"https:\/\/api.w.org\/{rel}","templated":true}]}}