{"id":328,"date":"2022-06-27T09:36:34","date_gmt":"2022-06-27T07:36:34","guid":{"rendered":"http:\/\/www.fundacionindex.com\/casamagina\/?page_id=328"},"modified":"2022-06-27T10:44:03","modified_gmt":"2022-06-27T08:44:03","slug":"certamen-literario-paisajes-del-silencio","status":"publish","type":"page","link":"https:\/\/casamagina.fundacionindex.com\/?page_id=328","title":{"rendered":"Certamen literario Paisajes del silencio"},"content":{"rendered":"\n<div class=\"wp-block-media-text alignwide is-stacked-on-mobile\" style=\"grid-template-columns:40% auto\"><figure class=\"wp-block-media-text__media\"><img fetchpriority=\"high\" decoding=\"async\" width=\"724\" height=\"1024\" src=\"http:\/\/casamagina.fundacionindex.com\/wp-content\/uploads\/2022\/06\/Paisajes-del-silencio-2-1086x1536-1-724x1024.png\" alt=\"\" class=\"wp-image-329 size-full\" srcset=\"https:\/\/casamagina.fundacionindex.com\/wp-content\/uploads\/2022\/06\/Paisajes-del-silencio-2-1086x1536-1-724x1024.png 724w, https:\/\/casamagina.fundacionindex.com\/wp-content\/uploads\/2022\/06\/Paisajes-del-silencio-2-1086x1536-1-212x300.png 212w, https:\/\/casamagina.fundacionindex.com\/wp-content\/uploads\/2022\/06\/Paisajes-del-silencio-2-1086x1536-1-768x1086.png 768w, https:\/\/casamagina.fundacionindex.com\/wp-content\/uploads\/2022\/06\/Paisajes-del-silencio-2-1086x1536-1.png 1086w\" sizes=\"(max-width: 724px) 100vw, 724px\" \/><\/figure><div class=\"wp-block-media-text__content\">\n<p style=\"font-size:19px\"><em>Llamamos&nbsp;Paisajes del Silencio&nbsp;a aquellos lugares que, contando con un rico patrimonio ecol\u00f3gico y cultural, est\u00e1n siendo abandonados progresivamente como consecuencia del \u00e9xodo hacia las ciudades.<\/em><br><em>Este certamen pretende potenciar la actividad literaria inspirada en estos territorios, en sus paisajes y sus gentes.<\/em><\/p>\n\n\n\n<div class=\"wp-block-media-text alignwide has-media-on-the-right is-stacked-on-mobile\" style=\"grid-template-columns:auto 17%\"><figure class=\"wp-block-media-text__media\"><img decoding=\"async\" width=\"348\" height=\"393\" src=\"http:\/\/casamagina.fundacionindex.com\/wp-content\/uploads\/2022\/06\/iMagina.png\" alt=\"\" class=\"wp-image-348 size-full\" srcset=\"https:\/\/casamagina.fundacionindex.com\/wp-content\/uploads\/2022\/06\/iMagina.png 348w, https:\/\/casamagina.fundacionindex.com\/wp-content\/uploads\/2022\/06\/iMagina-266x300.png 266w\" sizes=\"(max-width: 348px) 100vw, 348px\" \/><\/figure><div class=\"wp-block-media-text__content\">\n<p class=\"has-text-align-right has-small-font-size\">Un certamen literario convocado por el grupo iMagina para el desarrollo de la creatividad y el talento<\/p>\n<\/div><\/div>\n<\/div><\/div>\n\n\n\n<p class=\"has-text-align-right\">Ver <strong><mark style=\"background-color:rgba(0, 0, 0, 0)\" class=\"has-inline-color has-red-color\"><a href=\"http:\/\/casamagina.fundacionindex.com\/?page_id=352\">fallo del jurado<\/a><\/mark><\/strong> de la II edici\u00f3n 2022<\/p>\n\n\n\n<p>Plazo para la II edici\u00f3n:<strong>&nbsp;<mark style=\"background-color:rgba(0, 0, 0, 0)\" class=\"has-inline-color has-red-color\">11 de abril de 2022<\/mark><\/strong><\/p>\n\n\n\n<p>Fotograf\u00eda seleccionada para la modalidad <em>Paisajes en sepia<\/em>  <strong><a href=\"http:\/\/casamagina.fundacionindex.com\/?page_id=336\">VER FOTOGRAF\u00cdA<\/a><\/strong><\/p>\n\n\n\n<h4 class=\"has-medium-orange-color has-text-color wp-block-heading\">Bases<\/h4>\n\n\n\n<ol class=\"wp-block-list\"><li>Pueden participar mayores de edad, de cualquier nacionalidad.<\/li><li>Las obras han de ser originales e in\u00e9ditas, escritas en castellano. Cada escritor solo podr\u00e1 presentar un original que no haya sido premiado en otros cert\u00e1menes.<\/li><li>La tem\u00e1tica deber\u00e1 inspirarse en la vida cotidiana y los valores ecol\u00f3gicos, paisaj\u00edsticos, culturales, patrimoniales o hist\u00f3ricos de los pueblos y comarcas afectados por la despoblaci\u00f3n y el abandono. Pueden ser historias reales o ficticias.<br>Uno de los acc\u00e9sit (Paisajes en sepia) estar\u00e1 inspirado en una fotograf\u00eda de&nbsp;<a rel=\"noreferrer noopener\" href=\"http:\/\/www.cerdayrico.com\/index.php?option=com_k2&amp;view=item&amp;layout=item&amp;id=232&amp;Itemid=142\" target=\"_blank\">Arturo Cerd\u00e1 i Rico (1844-1921)<\/a>&nbsp;propuesta por la organizaci\u00f3n del certamen.<\/li><li>El original de la obra solo se podr\u00e1 presentar en formato digital.<\/li><li>El trabajo deber\u00e1 enviarse a la direcci\u00f3n de correo electr\u00f3nico:&nbsp;<a href=\"mailto:casademagina@gmail.com\">casademagina@gmail.com<\/a>. En el asunto se especificar\u00e1: \u201cPara Paisajes del Silencio\u201d.<\/li><li>En un archivo que ser\u00e1 denominado con el T\u00cdTULO DE LA OBRA en may\u00fasculas, se enviar\u00e1 la misma bajo seud\u00f3nimo. En el inicio de la primera p\u00e1gina se colocar\u00e1 el NOMBRE DE LA OBRA y en la l\u00ednea siguiente el SEUD\u00d3NIMO, seguido del texto.<\/li><li>En otro archivo que ser\u00e1 denominado con el T\u00cdTULO DE LA OBRA\u2013REPLICA en may\u00fasculas, se enviar\u00e1n los siguientes datos personales:<\/li><\/ol>\n\n\n\n<ul class=\"has-off-white-background-color has-background wp-block-list\"><li><mark style=\"background-color:#f7f5e7\" class=\"has-inline-color\">T\u00edtulo de la obra<\/mark><\/li><li><mark style=\"background-color:#f7f5e7\" class=\"has-inline-color\">Seud\u00f3nimo<\/mark><\/li><li><mark style=\"background-color:#f7f5e7\" class=\"has-inline-color\">Nombre<\/mark><\/li><li><mark style=\"background-color:#f7f5e7\" class=\"has-inline-color\">Apellidos<\/mark><\/li><li><mark style=\"background-color:#f7f5e7\" class=\"has-inline-color\">A\u00f1o, ciudad y pa\u00eds de nacimiento<\/mark><\/li><li><mark style=\"background-color:#f7f5e7\" class=\"has-inline-color\">Direcci\u00f3n de domicilio completa<\/mark><\/li><li><mark style=\"background-color:#f7f5e7\" class=\"has-inline-color\">Tel\u00e9fono<\/mark><\/li><li><mark style=\"background-color:#f7f5e7\" class=\"has-inline-color\">Correo Electr\u00f3nico<\/mark><\/li><\/ul>\n\n\n\n<ol class=\"wp-block-list\" start=\"8\"><li>La obra en cada modalidad, tendr\u00e1 una extensi\u00f3n m\u00e1xima de 2 p\u00e1ginas&nbsp; (tipo de letra Times New Roman, a 12 pulgadas e interlineado simple). Las p\u00e1ginas estar\u00e1n debidamente numeradas y pulcramente escritas.<\/li><li>Se adjudicar\u00e1n los siguientes premios:<\/li><\/ol>\n\n\n\n<ul class=\"has-off-white-background-color has-background wp-block-list\"><li>Premio principal: 10 litros de aceite de oliva virgen extra D.O. Sierra M\u00e1gina. Diploma acreditativo.<\/li><li>2 acc\u00e9sit: 5 litros de aceite de oliva virgen extra D.O. Sierra M\u00e1gina. Diploma acreditativo.<\/li><\/ul>\n\n\n\n<ol class=\"wp-block-list\" start=\"10\"><li>Las obras premiadas ser\u00e1n publicadas en una monograf\u00eda digital en el fondo editorial de la Fundaci\u00f3n Index. La monograf\u00eda se completar\u00e1 con otros relatos no premiados que sean destacados por el jurado.<\/li><li>El plazo de admisi\u00f3n de originales terminar\u00e1 en la fecha indicada al comienzo&nbsp;a las 00:00 horas.<\/li><li>El fallo se har\u00e1 p\u00fablico una semana antes de la entrega de premios virtual.<\/li><li>El comit\u00e9 organizador del concurso y el jurado no mantendr\u00e1n comunicaci\u00f3n con los participantes respecto a sus textos.<\/li><li>La composici\u00f3n del Jurado Calificador se har\u00e1 p\u00fablica al dar a conocer el fallo del certamen.<\/li><li>La participaci\u00f3n en el II Certamen de Relatos cortos \u201cPaisajes del Silencio\u201d implica la aceptaci\u00f3n de estas bases.<\/li><\/ol>\n\n\n\n<h4 class=\"has-medium-orange-color has-text-color wp-block-heading\">Ediciones anteriores<\/h4>\n\n\n\n<div class=\"wp-block-columns is-layout-flex wp-container-core-columns-is-layout-9d6595d7 wp-block-columns-is-layout-flex\">\n<div class=\"wp-block-column is-layout-flow wp-block-column-is-layout-flow\">\n<p class=\"has-text-align-center has-off-white-background-color has-background\"><a href=\"http:\/\/casamagina.fundacionindex.com\/?page_id=360\">2020<\/a><\/p>\n<\/div>\n\n\n\n<div class=\"wp-block-column is-layout-flow wp-block-column-is-layout-flow\">\n<p class=\"has-text-align-center has-off-white-background-color has-background\"><a href=\"http:\/\/casamagina.fundacionindex.com\/?page_id=352\">2022<\/a><\/p>\n<\/div>\n\n\n\n<div class=\"wp-block-column is-layout-flow wp-block-column-is-layout-flow\"><\/div>\n\n\n\n<div class=\"wp-block-column is-layout-flow wp-block-column-is-layout-flow\"><\/div>\n<\/div>\n\n\n\n<figure class=\"wp-block-image size-large\"><img decoding=\"async\" width=\"1024\" height=\"155\" src=\"http:\/\/casamagina.fundacionindex.com\/wp-content\/uploads\/2022\/06\/sellos-1-1024x155.png\" alt=\"\" class=\"wp-image-237\" srcset=\"https:\/\/casamagina.fundacionindex.com\/wp-content\/uploads\/2022\/06\/sellos-1-1024x155.png 1024w, https:\/\/casamagina.fundacionindex.com\/wp-content\/uploads\/2022\/06\/sellos-1-300x45.png 300w, https:\/\/casamagina.fundacionindex.com\/wp-content\/uploads\/2022\/06\/sellos-1-768x116.png 768w, https:\/\/casamagina.fundacionindex.com\/wp-content\/uploads\/2022\/06\/sellos-1.png 1535w\" sizes=\"(max-width: 1024px) 100vw, 1024px\" \/><figcaption>Este certamen se realiza con el patrocinio de Casa de M\u00e1gina de la Fundaci\u00f3n Index, Taller de Escritores y Excmo. Ayuntamiento de Cabra del Santo Cristo (Ja\u00e9n)<\/figcaption><\/figure>\n","protected":false},"excerpt":{"rendered":"<p>Ver fallo del jurado de la II edici\u00f3n 2022 Plazo para la II edici\u00f3n:&nbsp;11 de abril de 2022 Fotograf\u00eda seleccionada para la modalidad Paisajes en sepia VER FOTOGRAF\u00cdA Bases Pueden participar mayores de edad, de cualquier nacionalidad. Las obras han de ser originales e in\u00e9ditas, escritas en castellano. Cada escritor solo podr\u00e1 presentar un original &hellip; <a href=\"https:\/\/casamagina.fundacionindex.com\/?page_id=328\" class=\"more-link\">Seguir leyendo <span class=\"screen-reader-text\">Certamen literario Paisajes del silencio<\/span> <span class=\"meta-nav\">&rarr;<\/span><\/a><\/p>\n","protected":false},"author":3,"featured_media":0,"parent":0,"menu_order":0,"comment_status":"closed","ping_status":"closed","template":"","meta":{"footnotes":""},"class_list":["post-328","page","type-page","status-publish","hentry"],"_links":{"self":[{"href":"https:\/\/casamagina.fundacionindex.com\/index.php?rest_route=\/wp\/v2\/pages\/328","targetHints":{"allow":["GET"]}}],"collection":[{"href":"https:\/\/casamagina.fundacionindex.com\/index.php?rest_route=\/wp\/v2\/pages"}],"about":[{"href":"https:\/\/casamagina.fundacionindex.com\/index.php?rest_route=\/wp\/v2\/types\/page"}],"author":[{"embeddable":true,"href":"https:\/\/casamagina.fundacionindex.com\/index.php?rest_route=\/wp\/v2\/users\/3"}],"replies":[{"embeddable":true,"href":"https:\/\/casamagina.fundacionindex.com\/index.php?rest_route=%2Fwp%2Fv2%2Fcomments&post=328"}],"version-history":[{"count":15,"href":"https:\/\/casamagina.fundacionindex.com\/index.php?rest_route=\/wp\/v2\/pages\/328\/revisions"}],"predecessor-version":[{"id":366,"href":"https:\/\/casamagina.fundacionindex.com\/index.php?rest_route=\/wp\/v2\/pages\/328\/revisions\/366"}],"wp:attachment":[{"href":"https:\/\/casamagina.fundacionindex.com\/index.php?rest_route=%2Fwp%2Fv2%2Fmedia&parent=328"}],"curies":[{"name":"wp","href":"https:\/\/api.w.org\/{rel}","templated":true}]}}