{"id":336,"date":"2022-06-27T09:53:22","date_gmt":"2022-06-27T07:53:22","guid":{"rendered":"http:\/\/www.fundacionindex.com\/casamagina\/?page_id=336"},"modified":"2022-06-27T09:53:22","modified_gmt":"2022-06-27T07:53:22","slug":"paisajes-en-sepia","status":"publish","type":"page","link":"https:\/\/casamagina.fundacionindex.com\/?page_id=336","title":{"rendered":"Paisajes en sepia"},"content":{"rendered":"\n<div class=\"wp-block-media-text alignwide has-media-on-the-right is-stacked-on-mobile\" style=\"grid-template-columns:auto 34%\"><figure class=\"wp-block-media-text__media\"><img fetchpriority=\"high\" decoding=\"async\" width=\"222\" height=\"295\" src=\"http:\/\/casamagina.fundacionindex.com\/wp-content\/uploads\/2022\/06\/cerda.jpg\" alt=\"\" class=\"wp-image-337 size-full\"\/><\/figure><div class=\"wp-block-media-text__content\">\n<p class=\"has-large-font-size\"><\/p>\n\n\n\n<p class=\"has-text-align-right\" style=\"font-size:15px\">Arturo Cerd\u00e1 y Rico (Mon\u00f3var, 11 de octubre de 1844 &#8211; Cabra del Santo Cristo, 15 de febrero de 1921) fue un m\u00e9dico, etn\u00f3grafo y fot\u00f3grafo espa\u00f1ol que ha dejado un legado de m\u00e1s de dos mil fotograf\u00edas estereosc\u00f3picas de gran importancia. Termin\u00f3 los estudios de medicina en 1868 y estuvo ejerciendo como m\u00e9dico en Cox hasta que tuvo que desplazarse a Cabra del Santo Cristo, en Ja\u00e9n, a atender a un hermano suyo que enferm\u00f3 en 1871. All\u00ed conoci\u00f3 y se cas\u00f3 con Rosario Serrano Cano, hija de una notable familia de hacendados ubetense. Se traslad\u00f3 a vivir a Cabra del Santo Cristo, donde ejerci\u00f3 su profesi\u00f3n. Era aficionado a la fotograf\u00eda y en este pueblo compatibiliz\u00f3 su trabajo con su pasi\u00f3n.<\/p>\n<\/div><\/div>\n\n\n\n<p>Con el acc\u00e9sit <strong><mark style=\"background-color:rgba(0, 0, 0, 0)\" class=\"has-inline-color has-red-color\">Paisajes en Sepia<\/mark><\/strong> del certamen literario <em><a href=\"http:\/\/casamagina.fundacionindex.com\/?page_id=328\">Paisajes del Silencio<\/a><\/em> se pretende contribuir a la difusi\u00f3n de su figura y obra.<\/p>\n\n\n\n<h4 class=\"has-medium-orange-color has-text-color wp-block-heading\">Obra seleccionada para la edici\u00f3n actual<\/h4>\n\n\n\n<figure class=\"wp-block-image size-full\"><img decoding=\"async\" width=\"600\" height=\"573\" src=\"http:\/\/casamagina.fundacionindex.com\/wp-content\/uploads\/2022\/06\/C2529.jpg\" alt=\"\" class=\"wp-image-340\" srcset=\"https:\/\/casamagina.fundacionindex.com\/wp-content\/uploads\/2022\/06\/C2529.jpg 600w, https:\/\/casamagina.fundacionindex.com\/wp-content\/uploads\/2022\/06\/C2529-300x287.jpg 300w\" sizes=\"(max-width: 600px) 100vw, 600px\" \/><\/figure>\n","protected":false},"excerpt":{"rendered":"<p>Arturo Cerd\u00e1 y Rico (Mon\u00f3var, 11 de octubre de 1844 &#8211; Cabra del Santo Cristo, 15 de febrero de 1921) fue un m\u00e9dico, etn\u00f3grafo y fot\u00f3grafo espa\u00f1ol que ha dejado un legado de m\u00e1s de dos mil fotograf\u00edas estereosc\u00f3picas de gran importancia. Termin\u00f3 los estudios de medicina en 1868 y estuvo ejerciendo como m\u00e9dico en &hellip; <a href=\"https:\/\/casamagina.fundacionindex.com\/?page_id=336\" class=\"more-link\">Seguir leyendo <span class=\"screen-reader-text\">Paisajes en sepia<\/span> <span class=\"meta-nav\">&rarr;<\/span><\/a><\/p>\n","protected":false},"author":3,"featured_media":0,"parent":0,"menu_order":0,"comment_status":"closed","ping_status":"closed","template":"","meta":{"footnotes":""},"class_list":["post-336","page","type-page","status-publish","hentry"],"_links":{"self":[{"href":"https:\/\/casamagina.fundacionindex.com\/index.php?rest_route=\/wp\/v2\/pages\/336","targetHints":{"allow":["GET"]}}],"collection":[{"href":"https:\/\/casamagina.fundacionindex.com\/index.php?rest_route=\/wp\/v2\/pages"}],"about":[{"href":"https:\/\/casamagina.fundacionindex.com\/index.php?rest_route=\/wp\/v2\/types\/page"}],"author":[{"embeddable":true,"href":"https:\/\/casamagina.fundacionindex.com\/index.php?rest_route=\/wp\/v2\/users\/3"}],"replies":[{"embeddable":true,"href":"https:\/\/casamagina.fundacionindex.com\/index.php?rest_route=%2Fwp%2Fv2%2Fcomments&post=336"}],"version-history":[{"count":5,"href":"https:\/\/casamagina.fundacionindex.com\/index.php?rest_route=\/wp\/v2\/pages\/336\/revisions"}],"predecessor-version":[{"id":343,"href":"https:\/\/casamagina.fundacionindex.com\/index.php?rest_route=\/wp\/v2\/pages\/336\/revisions\/343"}],"wp:attachment":[{"href":"https:\/\/casamagina.fundacionindex.com\/index.php?rest_route=%2Fwp%2Fv2%2Fmedia&parent=336"}],"curies":[{"name":"wp","href":"https:\/\/api.w.org\/{rel}","templated":true}]}}