{"id":35,"date":"2019-07-30T09:43:25","date_gmt":"2019-07-30T07:43:25","guid":{"rendered":"http:\/\/www.fundacionindex.com\/casamagina\/?page_id=35"},"modified":"2026-03-23T10:49:35","modified_gmt":"2026-03-23T09:49:35","slug":"donde-esta","status":"publish","type":"page","link":"https:\/\/casamagina.fundacionindex.com\/?page_id=35","title":{"rendered":"C\u00f3mo llegar"},"content":{"rendered":"\n<figure class=\"wp-block-image size-large\"><img fetchpriority=\"high\" decoding=\"async\" width=\"1024\" height=\"250\" src=\"http:\/\/casamagina.fundacionindex.com\/wp-content\/uploads\/2022\/06\/panoramica-1024x250.png\" alt=\"\" class=\"wp-image-251\" srcset=\"https:\/\/casamagina.fundacionindex.com\/wp-content\/uploads\/2022\/06\/panoramica-1024x250.png 1024w, https:\/\/casamagina.fundacionindex.com\/wp-content\/uploads\/2022\/06\/panoramica-300x73.png 300w, https:\/\/casamagina.fundacionindex.com\/wp-content\/uploads\/2022\/06\/panoramica-768x188.png 768w, https:\/\/casamagina.fundacionindex.com\/wp-content\/uploads\/2022\/06\/panoramica-1536x376.png 1536w, https:\/\/casamagina.fundacionindex.com\/wp-content\/uploads\/2022\/06\/panoramica.png 1558w\" sizes=\"(max-width: 1024px) 100vw, 1024px\" \/><\/figure>\n\n\n\n<p><strong>Cabra del Santo Cristo<\/strong>&nbsp;se ubica en la&nbsp;zona suroriental de la provincia de Ja\u00e9n, en el l\u00edmite del Parque Natural de Sierra M\u00e1gina con la comarca de la Sierra de Cazorla&nbsp;y la provincia de Granada&nbsp;(Montes Orientales). A casi mil metros de altitud, dista&nbsp;52 km de \u00dabeda, 77 de Ja\u00e9n y 90 de Granada.<\/p>\n\n\n\n<h5 class=\"wp-block-heading has-medium-orange-color has-text-color\">Acceso por carretera<\/h5>\n\n\n\n<p>Llegando por la A4 <strong>desde Madrid o Sevilla<\/strong>, disfrutar\u00e1 del mar de olivos cuando tome la desviaci\u00f3n a \u00dabeda desde Bail\u00e9n (A-32) para, desde la ciudad del renacimiento andaluz, adentrarse en Sierra M\u00e1gina por la A-401 y tomar el desv\u00edo de la JA4200 con 14 kil\u00f3metros de carretera de monta\u00f1a hasta llegar al pueblo.<\/p>\n\n\n\n<p>Llegando <strong>desde Granada o el Levante<\/strong>, dir\u00edjase por el camino m\u00e1s corto a <em>Guadahortuna<\/em> y a pocos kil\u00f3metros, tras una solitaria estaci\u00f3n de servicio, atr\u00e9vase a tomar el desv\u00edo por la JA-4205 que lleva a Cabra del Santo Cristo por una loma de luz y sementeras, con el tel\u00f3n de fondo de Sierra M\u00e1gina y Sierra Nevada a uno u otro costado.<\/p>\n\n\n\n<h5 class=\"wp-block-heading has-medium-orange-color has-text-color\">Transportes<\/h5>\n\n\n\n<p>El <strong>aeropuerto <\/strong>internacional m\u00e1s cercano es el Federico Garc\u00eda Lorca de Granada-Ja\u00e9n, a 90 km. Tambi\u00e9n est\u00e1n el de M\u00e1laga (195 km) y el de Madrid (370 km). <\/p>\n\n\n\n<p>Existen conexiones en <strong>autob\u00fas <\/strong>desde Ja\u00e9n y \u00dabeda.<\/p>\n\n\n\n<p>La estaci\u00f3n de&nbsp;<strong>ferrocarril<\/strong>&nbsp;de Cabra del Santo Cristo se encuentra a unos 10 km de la localidad y tienen parada trenes diarios con destino a Almer\u00eda y Madrid (con enlace a Barcelona). M\u00e1s informaci\u00f3n en&nbsp;<a rel=\"noreferrer noopener\" href=\"http:\/\/www.renfe.com\/\" target=\"_blank\">www.renfe.com<\/a><\/p>\n\n\n<p><b>ALOJAMIENTOS RECOMENDADOS<\/b><br \/><strong>Camping \u00abLa Estaci\u00f3n\u00bb<\/strong><br \/>Albergues, casas rurales, restaurante y zonas de acampada. Estaci\u00f3n de Cabra del Santo Cristo s\/n. M\u00e1gina Turismo, S.L. Tel.: 953 120039 y 953 397363 Fax 958 397135 &#8211; 958 397593 &#8211; 635574814<\/p>\n<p><b>Complejo Vergilia<\/b><br \/>Estaci\u00f3n de Cabra del Santo Cristo s\/n &#8211; 953 12 04 02<\/p>\n<p><strong>\u00bfC\u00f3mo llegar a Cabra del Santo Cristo?<\/strong><\/p>\n\n\n<iframe src=\"https:\/\/www.google.com\/maps\/embed?pb=!1m14!1m8!1m3!1d6290842.480170701!2d-2.219238!3d39.656456!3m2!1i1024!2i768!4f13.1!3m3!1m2!1s0xd6e45b992b2236f%3A0xb1d2f6162ffc37c7!2s23550%20Cabra%20del%20Santo%20Cristo%2C%20Ja%C3%A9n!5e0!3m2!1ses!2ses!4v1774258932213!5m2!1ses!2ses\" width=\"600\" height=\"450\" style=\"border:0;\" allowfullscreen=\"\" loading=\"lazy\" referrerpolicy=\"no-referrer-when-downgrade\"><\/iframe>\n\n\n\n<p><small><a href=\"http:\/\/maps.google.es\/maps?f=q&amp;hl=es&amp;geocode=&amp;q=Cabra+del+Santo+Cristo&amp;ie=UTF8&amp;om=0&amp;ll=39.656456,-2.219238&amp;spn=5.919918,16.501465&amp;z=6&amp;iwloc=addr&amp;source=embed\">Ver mapa m\u00e1s grande<\/a><\/small><\/p>\n\n\n\n<p><br><strong>\u00bf C\u00f3mo llegar a Casa de M\u00e1gina?<\/strong><\/p>\n\n\n\n<iframe src=\"https:\/\/www.google.com\/maps\/embed?pb=!1m18!1m12!1m3!1d3156.677226089206!2d-3.290653325727435!3d37.70377875438953!2m3!1f0!2f0!3f0!3m2!1i1024!2i768!4f13.1!3m3!1m2!1s0xd6e45b99deef14b%3A0x1d61edae4db4ba66!2sC.%20de%20la%20Palma%2C%2019%2C%2023550%20Cabra%20del%20Santo%20Cristo%2C%20Ja%C3%A9n!5e0!3m2!1ses!2ses!4v1774259358126!5m2!1ses!2ses\" width=\"600\" height=\"450\" style=\"border:0;\" allowfullscreen=\"\" loading=\"lazy\" referrerpolicy=\"no-referrer-when-downgrade\"><\/iframe>\n\n\n\n<p><br><small><a href=\"http:\/\/maps.google.es\/maps?f=q&amp;hl=es&amp;geocode=&amp;q=Cabra+del+Santo+Cristo,+La+Palma,+19&amp;sll=37.704688,-3.286178&amp;sspn=0.007487,0.019784&amp;ie=UTF8&amp;om=0&amp;ll=37.704891,-3.285953&amp;spn=0.002971,0.008057&amp;z=17&amp;iwloc=cent&amp;source=embed\">Ver mapa m\u00e1s grande<\/a><\/small><strong>&nbsp;<\/strong><\/p>\n\n\n\n<p><\/p>\n","protected":false},"excerpt":{"rendered":"<p>Cabra del Santo Cristo&nbsp;se ubica en la&nbsp;zona suroriental de la provincia de Ja\u00e9n, en el l\u00edmite del Parque Natural de Sierra M\u00e1gina con la comarca de la Sierra de Cazorla&nbsp;y la provincia de Granada&nbsp;(Montes Orientales). A casi mil metros de altitud, dista&nbsp;52 km de \u00dabeda, 77 de Ja\u00e9n y 90 de Granada. Acceso por carretera &hellip; <a href=\"https:\/\/casamagina.fundacionindex.com\/?page_id=35\" class=\"more-link\">Seguir leyendo <span class=\"screen-reader-text\">C\u00f3mo llegar<\/span> <span class=\"meta-nav\">&rarr;<\/span><\/a><\/p>\n","protected":false},"author":1,"featured_media":0,"parent":0,"menu_order":0,"comment_status":"closed","ping_status":"closed","template":"","meta":{"footnotes":""},"class_list":["post-35","page","type-page","status-publish","hentry"],"_links":{"self":[{"href":"https:\/\/casamagina.fundacionindex.com\/index.php?rest_route=\/wp\/v2\/pages\/35","targetHints":{"allow":["GET"]}}],"collection":[{"href":"https:\/\/casamagina.fundacionindex.com\/index.php?rest_route=\/wp\/v2\/pages"}],"about":[{"href":"https:\/\/casamagina.fundacionindex.com\/index.php?rest_route=\/wp\/v2\/types\/page"}],"author":[{"embeddable":true,"href":"https:\/\/casamagina.fundacionindex.com\/index.php?rest_route=\/wp\/v2\/users\/1"}],"replies":[{"embeddable":true,"href":"https:\/\/casamagina.fundacionindex.com\/index.php?rest_route=%2Fwp%2Fv2%2Fcomments&post=35"}],"version-history":[{"count":9,"href":"https:\/\/casamagina.fundacionindex.com\/index.php?rest_route=\/wp\/v2\/pages\/35\/revisions"}],"predecessor-version":[{"id":1523,"href":"https:\/\/casamagina.fundacionindex.com\/index.php?rest_route=\/wp\/v2\/pages\/35\/revisions\/1523"}],"wp:attachment":[{"href":"https:\/\/casamagina.fundacionindex.com\/index.php?rest_route=%2Fwp%2Fv2%2Fmedia&parent=35"}],"curies":[{"name":"wp","href":"https:\/\/api.w.org\/{rel}","templated":true}]}}