{"id":352,"date":"2022-06-27T10:19:13","date_gmt":"2022-06-27T08:19:13","guid":{"rendered":"http:\/\/www.fundacionindex.com\/casamagina\/?page_id=352"},"modified":"2022-06-27T10:25:06","modified_gmt":"2022-06-27T08:25:06","slug":"fallo-del-jurado-2022","status":"publish","type":"page","link":"https:\/\/casamagina.fundacionindex.com\/?page_id=352","title":{"rendered":"Fallo del jurado 2022"},"content":{"rendered":"\n<div class=\"wp-block-media-text alignwide is-stacked-on-mobile\" style=\"grid-template-columns:20% auto\"><figure class=\"wp-block-media-text__media\"><img fetchpriority=\"high\" decoding=\"async\" width=\"724\" height=\"1024\" src=\"http:\/\/casamagina.fundacionindex.com\/wp-content\/uploads\/2022\/06\/Paisajes-del-silencio-2-1086x1536-2-724x1024.png\" alt=\"\" class=\"wp-image-357 size-full\" srcset=\"https:\/\/casamagina.fundacionindex.com\/wp-content\/uploads\/2022\/06\/Paisajes-del-silencio-2-1086x1536-2-724x1024.png 724w, https:\/\/casamagina.fundacionindex.com\/wp-content\/uploads\/2022\/06\/Paisajes-del-silencio-2-1086x1536-2-212x300.png 212w, https:\/\/casamagina.fundacionindex.com\/wp-content\/uploads\/2022\/06\/Paisajes-del-silencio-2-1086x1536-2-768x1086.png 768w, https:\/\/casamagina.fundacionindex.com\/wp-content\/uploads\/2022\/06\/Paisajes-del-silencio-2-1086x1536-2.png 1086w\" sizes=\"(max-width: 724px) 100vw, 724px\" \/><\/figure><div class=\"wp-block-media-text__content\">\n<p class=\"has-red-color has-text-color has-large-font-size\">II Certamen de Relatos Cortos \u201cPaisajes del silencio\u201d sobre la tierra vac\u00eda<\/p>\n<\/div><\/div>\n\n\n\n<p>En la ciudad de Granada, a 25 de junio de 2022, reunida la comisi\u00f3n organizadora del Certamen de relatos Cortos \u201cPaisajes del silencio\u201d, convocado por el grupo iMagina con el patrocinio de la Fundaci\u00f3n Index, y la colaboraci\u00f3n del Taller de escritores de Granada, el Excmo. Ayuntamiento de Cabra de Santo Cristo y la Asociaci\u00f3n Cultural Cerd\u00e1 i Rico, tras recabar el fallo del jurado del certamen, presidido por C\u00e9sar Javier Requesens Moll, escritor y director del Taller de escritores y compuesto por M\u00aa Lorena Mar\u00edn Torres, coordinadora de Taller de Escritores y profesora de lectura creativa, y Alejandro Garc\u00eda Garc\u00eda, divulgador cultural, se ha obtenido el siguiente resultado:<\/p>\n\n\n\n<p><strong>Premio&nbsp;principal \u201c<\/strong>Paisajes del Silencio\u201d al relato&nbsp;<strong>\u201cLa flor de loto<\/strong>\u201d, firmado por <em>Lebrel <\/em>abierta la plica corresponde a Jos\u00e9 Javier Sarabia Barr\u00f3s (Tortosa, Espa\u00f1a).<\/p>\n\n\n\n<p><strong>Acc\u00e9sit&nbsp;al relato<\/strong> \u201c<strong>Mam\u00e1, yo me quiero ir<\/strong>\u201d, firmado por <em>Garcoa<\/em>, abierta la plica corresponde a Juan Antonio L\u00f3pez Garc\u00eda (Guadix, Espa\u00f1a).<\/p>\n\n\n\n<p><strong>Acc\u00e9sit de \u201cPaisajes en sepia\u201d<\/strong>, se declara <strong>desierto.<\/strong><\/p>\n\n\n\n<p>As\u00ed mismo el jurado ha decidido otorgar las siguientes menciones especiales a los relatos:<br><br>\u00ab<strong>Inocencia perdida<\/strong>\u00ab, de M.\u00aa San Jos\u00e9 Mart\u00edn, San Mart\u00edn de Valdeiglesias (Madrid).<\/p>\n\n\n\n<p>\u00ab<strong>Ya aprender\u00e1s<\/strong>\u00ab, de Lourdes Aso Torralba, Huesca.<\/p>\n\n\n\n<p>\u00ab<strong>El sue\u00f1o de la abuela Adelaida<\/strong>\u00ab, de Rosal\u00eda Guerrero Jord\u00e1n, Valencia.<\/p>\n\n\n\n<p>\u00ab<strong>Don Julio<\/strong>\u00ab, de Vicente Isidro Manrique Ortiz, Castell\u00f3n.<\/p>\n\n\n\n<p>\u00ab<strong>Yuyachkani<\/strong>\u00ab, de Naywa Silvia Torres G\u00f3mez, Cusco, Per\u00fa.<\/p>\n\n\n\n<p class=\"has-off-white-background-color has-background\">El jurado quiere hacer constar la notable participaci\u00f3n en el certamen, con 67 relatos, y la calidad literaria de los mismos. Los organizadores felicitan a los premiados.<\/p>\n","protected":false},"excerpt":{"rendered":"<p>II Certamen de Relatos Cortos \u201cPaisajes del silencio\u201d sobre la tierra vac\u00eda En la ciudad de Granada, a 25 de junio de 2022, reunida la comisi\u00f3n organizadora del Certamen de relatos Cortos \u201cPaisajes del silencio\u201d, convocado por el grupo iMagina con el patrocinio de la Fundaci\u00f3n Index, y la colaboraci\u00f3n del Taller de escritores de &hellip; <a href=\"https:\/\/casamagina.fundacionindex.com\/?page_id=352\" class=\"more-link\">Seguir leyendo <span class=\"screen-reader-text\">Fallo del jurado 2022<\/span> <span class=\"meta-nav\">&rarr;<\/span><\/a><\/p>\n","protected":false},"author":3,"featured_media":0,"parent":0,"menu_order":0,"comment_status":"closed","ping_status":"closed","template":"","meta":{"footnotes":""},"class_list":["post-352","page","type-page","status-publish","hentry"],"_links":{"self":[{"href":"https:\/\/casamagina.fundacionindex.com\/index.php?rest_route=\/wp\/v2\/pages\/352","targetHints":{"allow":["GET"]}}],"collection":[{"href":"https:\/\/casamagina.fundacionindex.com\/index.php?rest_route=\/wp\/v2\/pages"}],"about":[{"href":"https:\/\/casamagina.fundacionindex.com\/index.php?rest_route=\/wp\/v2\/types\/page"}],"author":[{"embeddable":true,"href":"https:\/\/casamagina.fundacionindex.com\/index.php?rest_route=\/wp\/v2\/users\/3"}],"replies":[{"embeddable":true,"href":"https:\/\/casamagina.fundacionindex.com\/index.php?rest_route=%2Fwp%2Fv2%2Fcomments&post=352"}],"version-history":[{"count":4,"href":"https:\/\/casamagina.fundacionindex.com\/index.php?rest_route=\/wp\/v2\/pages\/352\/revisions"}],"predecessor-version":[{"id":359,"href":"https:\/\/casamagina.fundacionindex.com\/index.php?rest_route=\/wp\/v2\/pages\/352\/revisions\/359"}],"wp:attachment":[{"href":"https:\/\/casamagina.fundacionindex.com\/index.php?rest_route=%2Fwp%2Fv2%2Fmedia&parent=352"}],"curies":[{"name":"wp","href":"https:\/\/api.w.org\/{rel}","templated":true}]}}