{"id":360,"date":"2022-06-27T10:36:17","date_gmt":"2022-06-27T08:36:17","guid":{"rendered":"http:\/\/www.fundacionindex.com\/casamagina\/?page_id=360"},"modified":"2022-06-27T10:36:17","modified_gmt":"2022-06-27T08:36:17","slug":"fallo-del-jurado-2020","status":"publish","type":"page","link":"https:\/\/casamagina.fundacionindex.com\/?page_id=360","title":{"rendered":"Fallo del jurado 2020"},"content":{"rendered":"\n<div class=\"wp-block-media-text alignwide is-stacked-on-mobile\" style=\"grid-template-columns:23% auto\"><figure class=\"wp-block-media-text__media\"><img fetchpriority=\"high\" decoding=\"async\" width=\"600\" height=\"849\" src=\"http:\/\/casamagina.fundacionindex.com\/wp-content\/uploads\/2022\/06\/Copia-de-Paisajes-del-Silencio-600x849-1.png\" alt=\"\" class=\"wp-image-361 size-full\" srcset=\"https:\/\/casamagina.fundacionindex.com\/wp-content\/uploads\/2022\/06\/Copia-de-Paisajes-del-Silencio-600x849-1.png 600w, https:\/\/casamagina.fundacionindex.com\/wp-content\/uploads\/2022\/06\/Copia-de-Paisajes-del-Silencio-600x849-1-212x300.png 212w\" sizes=\"(max-width: 600px) 100vw, 600px\" \/><\/figure><div class=\"wp-block-media-text__content\">\n<p class=\"has-red-color has-text-color has-large-font-size\">I Certamen de Relatos Cortos \u201cPaisajes del silencio\u201d sobre la tierra vac\u00eda<\/p>\n<\/div><\/div>\n\n\n\n<p>En la ciudad de Granada, a 8 de octubre de 2020, reunida la comisi\u00f3n organizadora del Certamen de relatos Cortos \u201cPaisajes del silencio\u201d, convocado por el grupo iMagina con el patrocinio de la Fundaci\u00f3n Index y la colaboraci\u00f3n del Taller de escritores de Granada, el Excmo. Ayuntamiento de Cabra de Santo Cristo y la Asociaci\u00f3n Cultural Cerd\u00e1 i Rico, tras recabar el fallo del jurado del certamen, presidido por C\u00e9sar Javier Requesens Moll, escritor y director del Taller de escritores y compuesto por M\u00aa Lorena Mar\u00edn Torres, coordinadora de Taller de Escritores y profesora de lectura creativa, y Alejandro Garc\u00eda Garc\u00eda, divulgador cultural, se ha obtenido el siguiente resultado:<\/p>\n\n\n\n<ul class=\"wp-block-list\"><li>Premio principal \u201cPaisajes del Silencio\u201d al relato \u201cDesmigando los recuerdos\u201d, firmado por <em>Tarde Violeta<\/em>, abierta la plica corresponde a Susana M\u00e9rida Jim\u00e9nez (M\u00e1laga, Espa\u00f1a).<\/li><li>Acc\u00e9sit al relato \u201cLa habanera de los ahogados\u201d, firmado por <em>Magy<\/em>, abierta la plica corresponde a Lourdes Aso Torralba (Jaca, Huesca, Espa\u00f1a).<\/li><li>Acc\u00e9sit de \u201cPaisajes en sepia\u201d al relato \u201cLa fotograf\u00eda\u201d firmado por <em>Claude Azarquiel<\/em>, abierta la plica corresponde a Natalia Franco Caurel (Ponferrada, Le\u00f3n).<\/li><\/ul>\n\n\n\n<p>As\u00ed mismo el jurado ha decidido otorgar las siguientes menciones especiales a los relatos:<\/p>\n\n\n\n<ul class=\"wp-block-list\"><li>\u00abMe quedo sin paisaje\u00bb, Marc Sendra Sendra, San Sebasti\u00e1n de los Reyes (Madrid).<\/li><li>\u00abLa ventana\u00bb, Erika Mart\u00ednez Alonso, Etxebarri (Bizkaia).<\/li><li>\u00abLa vuelta a casa\u00bb, Francisco Javier Berbel Silva, \u00dabeda (Ja\u00e9n).<\/li><li>\u00abEl oro oculto de Hoya de Alazor\u00bb, Consuelo Jim\u00e9nez de Cisneros Baudin, Madrid.<\/li><li>\u00ab\u00c9xodos primigenios\u00bb, Jos\u00e9 Manuel G\u00f3mez Vega, Astorga (Le\u00f3n), vive en California.<\/li><li>\u00abLos ojos de Teresa\u00bb, Mar\u00eda Victoria Villegas Garc\u00eda, M\u00e1laga.<\/li><li>\u00abMi para\u00edso vaciado\u00bb, Eva Conde, Palencia.<\/li><\/ul>\n\n\n\n<p class=\"has-off-white-background-color has-background\">El jurado quiere hacer constar la notable participaci\u00f3n en el certamen, con 115 relatos, y la calidad literaria de los mismos. Los organizadores felicitan a los premiados<\/p>\n\n\n\n<h4 class=\"has-red-color has-text-color wp-block-heading\">Entrega de premios<\/h4>\n\n\n\n<figure class=\"wp-block-embed is-type-video is-provider-youtube wp-block-embed-youtube wp-embed-aspect-16-9 wp-has-aspect-ratio\"><div class=\"wp-block-embed__wrapper\">\n<iframe title=\"[Paisajes del silencio] Entrega de premios.\" width=\"604\" height=\"340\" src=\"https:\/\/www.youtube.com\/embed\/CuFtAXJCMns?feature=oembed\" frameborder=\"0\" allow=\"accelerometer; autoplay; clipboard-write; encrypted-media; gyroscope; picture-in-picture; web-share\" referrerpolicy=\"strict-origin-when-cross-origin\" allowfullscreen><\/iframe>\n<\/div><\/figure>\n","protected":false},"excerpt":{"rendered":"<p>I Certamen de Relatos Cortos \u201cPaisajes del silencio\u201d sobre la tierra vac\u00eda En la ciudad de Granada, a 8 de octubre de 2020, reunida la comisi\u00f3n organizadora del Certamen de relatos Cortos \u201cPaisajes del silencio\u201d, convocado por el grupo iMagina con el patrocinio de la Fundaci\u00f3n Index y la colaboraci\u00f3n del Taller de escritores de &hellip; <a href=\"https:\/\/casamagina.fundacionindex.com\/?page_id=360\" class=\"more-link\">Seguir leyendo <span class=\"screen-reader-text\">Fallo del jurado 2020<\/span> <span class=\"meta-nav\">&rarr;<\/span><\/a><\/p>\n","protected":false},"author":3,"featured_media":0,"parent":0,"menu_order":0,"comment_status":"closed","ping_status":"closed","template":"","meta":{"footnotes":""},"class_list":["post-360","page","type-page","status-publish","hentry"],"_links":{"self":[{"href":"https:\/\/casamagina.fundacionindex.com\/index.php?rest_route=\/wp\/v2\/pages\/360","targetHints":{"allow":["GET"]}}],"collection":[{"href":"https:\/\/casamagina.fundacionindex.com\/index.php?rest_route=\/wp\/v2\/pages"}],"about":[{"href":"https:\/\/casamagina.fundacionindex.com\/index.php?rest_route=\/wp\/v2\/types\/page"}],"author":[{"embeddable":true,"href":"https:\/\/casamagina.fundacionindex.com\/index.php?rest_route=\/wp\/v2\/users\/3"}],"replies":[{"embeddable":true,"href":"https:\/\/casamagina.fundacionindex.com\/index.php?rest_route=%2Fwp%2Fv2%2Fcomments&post=360"}],"version-history":[{"count":2,"href":"https:\/\/casamagina.fundacionindex.com\/index.php?rest_route=\/wp\/v2\/pages\/360\/revisions"}],"predecessor-version":[{"id":363,"href":"https:\/\/casamagina.fundacionindex.com\/index.php?rest_route=\/wp\/v2\/pages\/360\/revisions\/363"}],"wp:attachment":[{"href":"https:\/\/casamagina.fundacionindex.com\/index.php?rest_route=%2Fwp%2Fv2%2Fmedia&parent=360"}],"curies":[{"name":"wp","href":"https:\/\/api.w.org\/{rel}","templated":true}]}}