{"id":373,"date":"2022-07-06T18:24:17","date_gmt":"2022-07-06T16:24:17","guid":{"rendered":"http:\/\/www.fundacionindex.com\/casamagina\/?page_id=373"},"modified":"2022-07-06T19:26:31","modified_gmt":"2022-07-06T17:26:31","slug":"desmigando-los-recuerdos","status":"publish","type":"page","link":"https:\/\/casamagina.fundacionindex.com\/?page_id=373","title":{"rendered":"Desmigando los recuerdos"},"content":{"rendered":"\n<h4 class=\"wp-block-heading\">Susana M\u00e9rida Jim\u00e9nez&nbsp;<\/h4>\n\n\n\n<p class=\"has-red-color has-text-color\"><em>Relato ganador \u00abPaisajes del silencio\u00bb 2020.<\/em><\/p>\n\n\n<p align=\"justify\">Volver al silencio puro del alma, a la quietud de piedra sostenida, al cauce de los sauces obstinados, al crujir de los pasos sobre el trigo. Su infancia se pasea por la ermita, se despereza sobre la colina y juega junto al roble del camino. Respira el aire puro de la plaza, se deja acariciar por las encinas, las tardes de tormenta, de gachas, de brasero, de rosquillos. Su alma tiene forma de molino, de calma detenida, de rueca so\u00f1olienta, de campanario yermo, de veleta. Desde su mecedora Julia sue\u00f1a con volver a despertarse con la lluvia, llevar sue\u00f1os de polen en las manos y barro en las rodillas. Qu\u00e9 extra\u00f1o regocijo, la escarcha perezosa en las ventanas retando al mes de marzo con un quiero que vuelvan los geranios a la vida. La aldea es como ella, se dio en vida y, vaciadas sus moradas, sue\u00f1a destartalada y enlutada.<\/p>\n<p align=\"justify\">Hace a\u00f1os que Julia ya no duerme, hoy vive en un bloque de edificios, bajo una b\u00f3veda de cieno, acunada por tubos fluorescentes y aceras mugrientas. Sus nietos la observan curiosos, dicen que es testaruda, la ven limpiar armarios y despensas para albergar montones de garrafas de un l\u00edquido que dicen que huele que alimenta. La mesa ya est\u00e1 puesta. Dice la octogenaria con un temblor secreto en la garganta, las manos recogidas en el trapo y un hilo de impaciencia. Ha trocado en aldea la cocina y en rueca la tetera con el verde triunfante de aquel fruto que guarda en la aceitera. El d\u00eda ya est\u00e1 cerca\u2026 desandar\u00e1 la senda del molino y pegar\u00e1 en la puerta de aquel novio atrevido que dibuj\u00f3 rubores en sus pecas.<\/p>\n<p align=\"justify\">La hogaza sobre el hule, cuscurros de candor en la alacena y Julia desmigando los recuerdos con la puerta entreabierta. Arenques en la mesa y una taza de loza humeante, mellada por la inercia. Y Julia que reinventa la ma\u00f1ana, la unta con silencios, la abre en dos, la empapa de esperanza, de anhelos, de recuerdos&#8230;<\/p>","protected":false},"excerpt":{"rendered":"<p>Susana M\u00e9rida Jim\u00e9nez&nbsp; Relato ganador \u00abPaisajes del silencio\u00bb 2020. Volver al silencio puro del alma, a la quietud de piedra sostenida, al cauce de los sauces obstinados, al crujir de los pasos sobre el trigo. Su infancia se pasea por la ermita, se despereza sobre la colina y juega junto al roble del camino. Respira &hellip; <a href=\"https:\/\/casamagina.fundacionindex.com\/?page_id=373\" class=\"more-link\">Seguir leyendo <span class=\"screen-reader-text\">Desmigando los recuerdos<\/span> <span class=\"meta-nav\">&rarr;<\/span><\/a><\/p>\n","protected":false},"author":5,"featured_media":0,"parent":0,"menu_order":0,"comment_status":"closed","ping_status":"closed","template":"","meta":{"footnotes":""},"class_list":["post-373","page","type-page","status-publish","hentry"],"_links":{"self":[{"href":"https:\/\/casamagina.fundacionindex.com\/index.php?rest_route=\/wp\/v2\/pages\/373","targetHints":{"allow":["GET"]}}],"collection":[{"href":"https:\/\/casamagina.fundacionindex.com\/index.php?rest_route=\/wp\/v2\/pages"}],"about":[{"href":"https:\/\/casamagina.fundacionindex.com\/index.php?rest_route=\/wp\/v2\/types\/page"}],"author":[{"embeddable":true,"href":"https:\/\/casamagina.fundacionindex.com\/index.php?rest_route=\/wp\/v2\/users\/5"}],"replies":[{"embeddable":true,"href":"https:\/\/casamagina.fundacionindex.com\/index.php?rest_route=%2Fwp%2Fv2%2Fcomments&post=373"}],"version-history":[{"count":8,"href":"https:\/\/casamagina.fundacionindex.com\/index.php?rest_route=\/wp\/v2\/pages\/373\/revisions"}],"predecessor-version":[{"id":417,"href":"https:\/\/casamagina.fundacionindex.com\/index.php?rest_route=\/wp\/v2\/pages\/373\/revisions\/417"}],"wp:attachment":[{"href":"https:\/\/casamagina.fundacionindex.com\/index.php?rest_route=%2Fwp%2Fv2%2Fmedia&parent=373"}],"curies":[{"name":"wp","href":"https:\/\/api.w.org\/{rel}","templated":true}]}}