{"id":408,"date":"2022-07-06T19:13:17","date_gmt":"2022-07-06T17:13:17","guid":{"rendered":"http:\/\/www.fundacionindex.com\/casamagina\/?page_id=408"},"modified":"2022-07-06T19:25:36","modified_gmt":"2022-07-06T17:25:36","slug":"la-flor-de-loto","status":"publish","type":"page","link":"https:\/\/casamagina.fundacionindex.com\/?page_id=408","title":{"rendered":"La flor de loto"},"content":{"rendered":"\n<h3 class=\"wp-block-heading\">&nbsp;Jos\u00e9 Javier Sarabia Barr\u00f3s&nbsp;<\/h3>\n\n\n\n<p class=\"has-red-color has-text-color\">Premio principal \u00abPaisajes del silencio\u00bb 2022<\/p>\n\n\n<p align=\"justify\">El muchachuelo enarbol\u00f3 el tel\u00e9fono m\u00f3vil sobre la cabeza como un n\u00e1ufrago har\u00eda con la bengala que revela su paradero.<\/p>\n<p align=\"justify\">\u2500Aqu\u00ed tampoco hay cobertura, \u00a1vaya puta mierda! \u2500exclam\u00f3.<\/p>\n<p align=\"justify\">\u2500D\u00e9jame, so in\u00fatil, que no tienes ni idea \u2500dijo su hermana.<\/p>\n<p align=\"justify\">\u2500Ni se te ocurra tocarlo, joder, hasta el mediod\u00eda es m\u00edo.<\/p>\n<p align=\"justify\">\u2500Kevin, Luisa Vanessa, comportaos, por favor \u2500les rega\u00f1\u00f3 Marina, ruborizada.<\/p>\n<p align=\"justify\">\u2500Es in\u00fatil que bregu\u00e9is, zagales \u2500dijo el Alcalde con una sonrisa socarrona, mientras abr\u00eda una estrecha puerta de aluminio y cristales esmerilados\u2500, hasta que funcione el sat\u00e9lite, ser\u00e1 menester que sub\u00e1is al cerro del cementerio. Bueno \u2500continu\u00f3 dirigi\u00e9ndose a los adultos\u2500, solo nos quedan por visitar los corrales.<\/p>\n<p align=\"justify\">Caminaron sobre el suelo cementado de un patio abierto. Lo circundaban parterres blanqueados que solo albergaban los esqueletos de rosales marchitos. Al otro extremo se alzaba una puerta de madera gris adornada con hileras de grandes tachuelas, anta\u00f1o plateadas. La mitad superior de la hoja partida estaba abierta, y por ella asom\u00f3 la testa de una criatura con grandes orejas y pelaje de un color similar al de la puerta. Sus ojos parec\u00edan dos ciruelas c\u00e1rdenas reci\u00e9n lavadas e incrustadas en la cara apacible. El alcalde empuj\u00f3 suavemente la testuz del animal para hacerlo retroceder y descorri\u00f3 el cerrojo.<\/p>\n<p align=\"justify\">\u2500Pasen, pasen. No tengan cuidado, la mula es mansa como el agua del manantial. Ya est\u00e1 vieja, como yo, y casi ciega; por culpa de las cataratas. Pero si hacen obra, todav\u00eda les puede ayudar a cargar escombro y materiales. O sus hijos pueden subirse a ella y pasear por las eras. Entre Marina, sin temor, a las bestias las desparasitaron en julio.<\/p>\n<p align=\"justify\">Refugiada en la fresca penumbra, una cabra masticaba un bocado de alfalfa junto al port\u00f3n que ofrec\u00eda salida al campo limpio y firme. Los adolescentes se hab\u00edan olvidado del tel\u00e9fono y estudiaban con silencio admirativo a los dos animales.<\/p>\n<p align=\"justify\">\u2500No os acerqu\u00e9is, zagales, que embiste. Tambi\u00e9n tiene sus a\u00f1os, pero conserva la &gt;misma mala baba de siempre. A\u00fan da leche. Muy rica; aunque deben ustedes hervirla a conciencia para que no les ataquen las fiebres maltas, ya saben lo traidoras que son.<\/p>\n<p align=\"justify\">\u2500S\u00ed, claro \u2500dijeron al un\u00edsono Jonathan y Marina, algo alarmados y sin tener ni idea de lo que les hablaba su cicerone.<\/p>\n<p align=\"justify\">\u2500Bueno, \u00bfqu\u00e9 les parece? \u2500pregunt\u00f3 el Alcalde en cuanto abandonaron el establo.<\/p>\n<p align=\"justify\">\u2500La casa es un sue\u00f1o, Decoroso \u2500dijo Marina, pero, el acuerdo sigue siendo el que hablamos la \u00faltima vez, \u00bfverdad? No habr\u00e1 imprevistos.<\/p>\n<p align=\"justify\">\u2500Por Dios, Marina, si ya se lo he explicado cien veces. El Ayuntamiento compr\u00f3 esta casa a los propietarios y ahora se la regala a ustedes. Todo es legal, y sin gastos; ni siquiera el Impuesto de Bienes Inmuebles. En cuanto a los terrenos, tampoco les costar\u00e1n nada porque eran comunales y nadie los aprovechaba ya\u2026<\/p>\n<p align=\"justify\">Jonathan dej\u00f3 de prestar atenci\u00f3n a aquella letan\u00eda de certezas que su siempre angustiada esposa reclamaba una vez m\u00e1s y se sumergi\u00f3 en el recuerdo del d\u00eda anterior. Marina, los ni\u00f1os y \u00e9l hab\u00edan llegado al pueblo por la tarde. Aparcaron la furgoneta de tercera mano junto a la casona, \u00faltimo basti\u00f3n antes de los prados infinitos. A partir de all\u00ed, la calzada empedrada continuaba en forma de un camino terroso hacia la alameda. La brisa y el sol de agosto convert\u00edan las hojas de los \u00e1rboles en molinetes plateados. En el lado opuesto de la calle, manojos apretados de flores blancas y amarillas rebosaban sobre un murete medio derruido, y extend\u00edan la sutil invitaci\u00f3n de su fragancia. Marina baj\u00f3 del veh\u00edculo y mir\u00f3 hacia el horizonte con las mejillas encendidas<\/p>\n<p align=\"justify\">\u2500\u00bfEscuchas a los \u00e1rboles, Jonathan? \u00bfLos escuchas? \u2500le pregunt\u00f3\u2500, nos ofrecen un susurro de bienvenida\u2500. \u00c9l sonri\u00f3 y le acarici\u00f3 el trip\u00f3n de embarazada.<\/p>\n<p align=\"justify\">\u2500Enciende la calefacci\u00f3n. Y ma\u00f1ana ponte la camisa de manga larga \u2500le hab\u00eda advertido Marina por la noche, antes de caer dormida en el asiento de la furgoneta sin haber probado el bocadillo de tortilla.<\/p>\n<p align=\"justify\">&#8230;los j\u00f3venes se sienten atrapados en este pueblo \u2500se lament\u00f3 el Alcalde, con tal inflexi\u00f3n de tristeza en la recia voz que sac\u00f3 a Jonathan de su ensimismamiento, si bien todav\u00eda permaneci\u00f3 alelado unos instantes. Ten\u00eda mucho calor. Se remang\u00f3\u2500. Lo \u00fanico que ustedes deben hacer es empadronarse aqu\u00ed. Y labrar la tierra, claro. Ma\u00f1ana firmamos las escrituras. No habr\u00e1 sorpresas. Cr\u00e9ame, Marina, por favor.<\/p>\n<p align=\"justify\">\u2500Est\u00e1 bien. Siento parecer tan desconfiada, Decoroso \u2500dijo la mujer\u2500, es que&#8230;<\/p>\n<p align=\"justify\">\u2500No pasa nada \u2500suspir\u00f3 el Alcalde\u2500. Pero, como ya les dije, es menester contratar un buen seguro agrario lo antes posible; el cultivo ecol\u00f3gico es muy aventurado. Y no olviden la tarjeta sanitaria. Bueno, ya no les estorbo m\u00e1s. En la alacena encontrar\u00e1n media arroba de aceite de la cooperativa de Tierrasrojas, un potaje de alubias con carota y una hogaza de kilo; regalos de los paisanos.<\/p>\n<p align=\"justify\">\u2500Gracias, Decoroso, gracias \u2500dijo Jonathan, estrechando con alivio la manaza del Alcalde, ante la cara horrorizada de Marina, que hab\u00eda visto el antebrazo descubierto de su esposo. Sobre la piel velluda resaltaba aquel maldito dibujo de dise\u00f1o rudimentario: un hombre sujetaba con rostro triste los barrotes que le manten\u00edan prisionero, mientras un coraz\u00f3n con alas escapaba entre ellos. El Alcalde observ\u00f3 la imagen con curiosidad. Marina agach\u00f3 la cabeza, cerr\u00f3 los ojos y apret\u00f3 los labios.<\/p>\n<p align=\"justify\">\u2500\u00bfSab\u00e9is una cosa? Y perdonad que os tutee, pero me parece que ha llegado la ocasi\u00f3n \u2500dijo el Alcalde, pensativo, sin dejar de observar el tatuaje \u2500. Yo practico Yoga.<\/p>\n<p align=\"justify\">\u2500Ah, \u00bfs\u00ed? \u2500pregunt\u00f3 Jonathan con un hilo de voz.<\/p>\n<p align=\"justify\">\u2500Pues s\u00ed. Y de la tradici\u00f3n hinduista lo que m\u00e1s me gusta es el significado de la flor de loto. A pesar de ser tan hermosa, hunde sus ra\u00edces en el fango de los pantanos. En fin, que no hay santo que no tenga un pasado, ni pecador que no tenga un futuro.<\/p>\n<p align=\"justify\">\u2500Nos gustar\u00eda explicarte\u2026y agradecerte\u2026 \u2500titube\u00f3 Marina.<\/p>\n<p align=\"justify\">\u2500Pues quedaos. Necesitamos gente, ni\u00f1os, ruido, vida \u2500dijo el Alcalde con \u00e9nfasis. Sac\u00f3 del bolsillo la llave antigua y la pos\u00f3 sobre la mano peque\u00f1a de Marina\u2500. Ya me dar\u00e9is explicaciones, si as\u00ed os parece. Acompa\u00f1adme hasta la salida. Ma\u00f1ana sed puntuales, el Notario debe visitar otros pueblos.<\/p>","protected":false},"excerpt":{"rendered":"<p>&nbsp;Jos\u00e9 Javier Sarabia Barr\u00f3s&nbsp; Premio principal \u00abPaisajes del silencio\u00bb 2022 El muchachuelo enarbol\u00f3 el tel\u00e9fono m\u00f3vil sobre la cabeza como un n\u00e1ufrago har\u00eda con la bengala que revela su paradero. \u2500Aqu\u00ed tampoco hay cobertura, \u00a1vaya puta mierda! \u2500exclam\u00f3. \u2500D\u00e9jame, so in\u00fatil, que no tienes ni idea \u2500dijo su hermana. \u2500Ni se te ocurra tocarlo, joder, &hellip; <a href=\"https:\/\/casamagina.fundacionindex.com\/?page_id=408\" class=\"more-link\">Seguir leyendo <span class=\"screen-reader-text\">La flor de loto<\/span> <span class=\"meta-nav\">&rarr;<\/span><\/a><\/p>\n","protected":false},"author":5,"featured_media":0,"parent":0,"menu_order":0,"comment_status":"closed","ping_status":"closed","template":"","meta":{"footnotes":""},"class_list":["post-408","page","type-page","status-publish","hentry"],"_links":{"self":[{"href":"https:\/\/casamagina.fundacionindex.com\/index.php?rest_route=\/wp\/v2\/pages\/408","targetHints":{"allow":["GET"]}}],"collection":[{"href":"https:\/\/casamagina.fundacionindex.com\/index.php?rest_route=\/wp\/v2\/pages"}],"about":[{"href":"https:\/\/casamagina.fundacionindex.com\/index.php?rest_route=\/wp\/v2\/types\/page"}],"author":[{"embeddable":true,"href":"https:\/\/casamagina.fundacionindex.com\/index.php?rest_route=\/wp\/v2\/users\/5"}],"replies":[{"embeddable":true,"href":"https:\/\/casamagina.fundacionindex.com\/index.php?rest_route=%2Fwp%2Fv2%2Fcomments&post=408"}],"version-history":[{"count":3,"href":"https:\/\/casamagina.fundacionindex.com\/index.php?rest_route=\/wp\/v2\/pages\/408\/revisions"}],"predecessor-version":[{"id":414,"href":"https:\/\/casamagina.fundacionindex.com\/index.php?rest_route=\/wp\/v2\/pages\/408\/revisions\/414"}],"wp:attachment":[{"href":"https:\/\/casamagina.fundacionindex.com\/index.php?rest_route=%2Fwp%2Fv2%2Fmedia&parent=408"}],"curies":[{"name":"wp","href":"https:\/\/api.w.org\/{rel}","templated":true}]}}