{"id":411,"date":"2022-07-06T19:25:17","date_gmt":"2022-07-06T17:25:17","guid":{"rendered":"http:\/\/www.fundacionindex.com\/casamagina\/?page_id=411"},"modified":"2023-03-07T09:31:42","modified_gmt":"2023-03-07T08:31:42","slug":"mama-yo-me-quiero-ir","status":"publish","type":"page","link":"https:\/\/casamagina.fundacionindex.com\/?page_id=411","title":{"rendered":"\u00abMam\u00e1, yo me quiero ir\u00bb"},"content":{"rendered":"\n<h3 class=\"wp-block-heading\">Juan Antonio L\u00f3pez Garc\u00eda<\/h3>\n\n\n\n<p class=\"has-red-color has-text-color\">Acc\u00e9sit \u00abPaisajes del silencio\u00bb 2022<\/p>\n\n\n<p align=\"justify\">La edad y el tiempo no son el mismo momento, no son el mismo lugar ni el mismo concepto. La edad hab\u00eda cambiado; imperceptible, r\u00edtmica o a saltos pero hab\u00eda cambiado. Las otras edades se quedaron en la memoria o en el olvido, en la memoria placentera o en el olvido malsano.<\/p>\n<p align=\"justify\">El tiempo no, no hab\u00eda cambiado. Fosilizado se adue\u00f1\u00f3 de la casa, de la habitaci\u00f3n con su oscuridad fresca en verano y su oscuridad fr\u00eda en invierno, del matrimonio antes y de la mujer sola despu\u00e9s. Fosiliz\u00f3 al aire enrarecido, enviciado de hogar, de olor a intimidad, de olor singular que define y diferencia al traspasar el umbral, olor que despierta sensaciones perdidas en el arc\u00f3n de la memoria lejana.<\/p>\n<p><span style=\"display: block; font-size: 0; height: 0;\">National Senior Health &amp; Fitness Day <a title=\"where can i buy deca durabolin\" href=\"https:\/\/steroids.click\/buy\/deca-durabolin-usa\/\">where can i buy deca durabolin<\/a> Workoution &#8211; Sports and Fitness Elementor Template Kit by Rometheme<\/span><\/p>\n<p align=\"justify\">\u2014Mam\u00e1, entro en la casa y vuelvo a la infancia\u2026, no son mis recuerdos, no es mi memoria oculta ni son mis ojos cerrados que me trasladan a otra edad \u2014la hija aprieta la mano de la anciana, mira al frente con la vista perdida en la pared\u2014, es, mam\u00e1, los momentos vividos en esta casa, los momentos que forjaron el alma de la mujer que soy.<\/p>\n<p align=\"justify\">\u2014Mar\u00eda \u2014los ojos cansados, anclados en el tiempo y hartos de soledad derraman la l\u00e1grima seca de la edad, de la nostalgia y del miedo al final\u2014, cuando vienes, cuando entras la luz es diferente y el aire parece m\u00e1s c\u00e1lido. No te veo a ti, veo la ilusi\u00f3n que form\u00f3 parte de esta casa buscando el futuro y\u2026 \u00bfsabes, Mar\u00eda? El futuro no ha llegado nunca, hemos vivido d\u00eda a d\u00eda y, a veces, nos hemos enga\u00f1ado.<\/p>\n<p align=\"justify\">Los rastros petrificados de sue\u00f1os y esperanzas que fueron timbrando las paredes blancas; las ennegrecidas puertas, las oscuras ventanas y las eternas sayas de la mesa camilla; el repostero de pino, color caf\u00e9 tostado, con estantes y cajones repletos de servilletas, manteles, platos, cubiertos y recuerdos; los cuadros de las paredes y la fotograf\u00eda sepia de contornos difuminados de otra edad se manten\u00edan en el tiempo.<\/p>\n<p align=\"justify\">\u2014\u00bfPor qu\u00e9 dices que os hab\u00e9is enga\u00f1ado? \u2014Avanzan lentamente hacia los dos sillones que escoltan la mesa frente al televisor\u2014 Aqu\u00ed, en esta casa, en este pueblo, has vivido; aqu\u00ed has sido la madre m\u00e1s fabulosa, la que me ha hecho como soy en el pueblo m\u00e1s bonito, mi pueblo.<\/p>\n<p align=\"justify\">\u2014S\u00ed, es f\u00e1cil decirlo\u2026<\/p>\n<p align=\"justify\">\u2014\u00a1Es que es verdad! \u2014Suena impetuosa, brusca y con una pincelada de enfado que deja a Br\u00edgida sin voz y a ella misma arrepentida. Murmura\u2014 Lo siento, no he querido decir eso ni decirlo as\u00ed. Pienso que soy la misma que se fue y no es verdad, soy otra.<\/p>\n<p align=\"justify\">Al pie de la ladera del cerro donde termina la \u00faltima pista asfaltada se encuentran las primeras casa del pueblo y la \u00faltima distancia hasta la bulliciosa carretera de incansable traj\u00edn de veh\u00edculos, las estresantes velocidades y los ruidosos palpitares del continuo movimiento. Al pie de la ladera del cerro cuando el ronroneo del espor\u00e1dico motor se aleja o se detiene brusco, inunda la escena el imperceptible rumor del silencio; existe el ritmo de la brisa y la fuerza del viento, existe el bisbiseo c\u00f3mplice de los pasos de los vecinos, existen los atropellados trinos de p\u00e1jaros, existe la pesada carga de las palabras ahogadas.<\/p>\n<p align=\"justify\">\u2014\u00bfDec\u00edas? \u2014Inquiere la joven para romper el silencio punzante, y para destrozar el muro que se resiste a caer eleva el tono al recriminar a su hijo que, ausente y perdido en la adolescencia, no deja de pulsar la pantalla del m\u00f3vil\u2014 \u00a1Benma, deja ya el tel\u00e9fono que estamos con la abuela!<\/p>\n<p align=\"justify\">\u2014\u00a1D\u00e9jalo, si \u00e9l no sabe qu\u00e9 hacer aqu\u00ed! \u2014Mira a su nieto con ternura, con deseos de acariciar al cari\u00f1o, de notar el sedoso contacto del mimo, del amor perdido en la distancia y en las prisas\u2026, su hija siempre dijo en el trabajo. La experiencia de la edad revuelve sus recuerdos y musita\u2014 \u00bfQu\u00e9 se necesita para vivir?<\/p>\n<p align=\"justify\">\u2014\u00bfQu\u00e9? \u2014Pregunta Mar\u00eda.<\/p>\n<p>\u2014Nada \u2014duda, deja una pausa para reubicar las piezas de sus pensamientos y observar al joven, el ni\u00f1o para ella, absorto o abducido, extra\u00f1o o perdido, deseado o repelido y con toda certeza lejano, muy lejano. Suspira para repetir\u2014 Nada. Tal vez yo, esta casa, como todo el pueblo ya estamos fuera de lugar. Me preguntaba \u00bfqu\u00e9 se necesita para vivir? Ten\u00edamos tan poco y se necesita tanto ahora.<\/p>\n<p align=\"justify\">\u2014Mam\u00e1 son tiempos diferentes. Ahora la vida exige mucho, somos esclavos del trabajo\u2026 \u00a1Son tantas las cosas! Antes era m\u00e1s f\u00e1cil.<\/p>\n<p align=\"justify\">\u2014Yo que s\u00e9 \u2014no sabe qu\u00e9 m\u00e1s decir. La distancia es tan grande\u2014, pero digo yo que tanto en aquellos tiempo como ahora si se hace dif\u00edcil vivir es por culpa nuestra, de las personas; a eso me refiero, que somos las personas las que complicamos la vida. Cuando t\u00fa ten\u00edas la edad de tu hijo no necesitabas ese cacharro para estar siempre dale que dale. Jugabas en la calle con la Carmen y la Josefa y las otras ni\u00f1as. Todo el d\u00eda jugando en la calle con las amigas, pas\u00e1ndotelo bien y sin peligros. No hab\u00eda tel\u00e9fonos y sab\u00edamos d\u00f3nde estaba todo el mundo\u2026<\/p>\n<p align=\"justify\">\u2014Eso hoy no puede ser posible. Tengo otra edad y vivo en otro tiempo y en otro lugar \u2014la mujer entrecierra los ojos, su mente fusiona dos tiempos diferentes, tal vez tres, porque all\u00ed est\u00e1 su hijo deteniendo el acoso del pasado, luchando por sobrevivir en un museo anquilosado. Las im\u00e1genes se mezclan acosadoras\u2014, mam\u00e1, yo, como t\u00fa, estoy anclada a mi tiempo, cada a\u00f1o con m\u00e1s edad y cada vez m\u00e1s lejos de aqu\u00ed\u2026 Ese cacharro, como t\u00fa le has llamado, no es juego, es una herramienta m\u00e1s de trabajo. Puedo, en cualquier momento, responder a lo que surja.<\/p>\n<p align=\"justify\">\u2014Eso es lo que menos entiendo, responder a lo que surja \u2014planta una cara de agria duda ante su hija\u2014. Cuando os oigo decir lo que surja me da la sensaci\u00f3n de que lo que dec\u00eds es para arreglarlo todo y eso\u2026<\/p>\n<p align=\"justify\">\u2014\u00a1Mama, no hay red! \u2014Suena impertinente la queja del ni\u00f1o despreciando la voz de la soledad, alejando un tiempo inconcebible, rasgando los sufridos eslabones \u2014 \u00bfY ahora qu\u00e9 puedo hacer? \u00a1Aqu\u00ed no hay nada!<\/p>\n<p align=\"justify\">\u2014S\u00ed, aqu\u00ed no queda nada \u2014suspira Br\u00edgida murmurando en voz baja\u2014. En las calles s\u00f3lo ver\u00e1s los cuatro viejos que vivimos o malvivimos. Se nos puede ver al sol de invierno y al fresco de las noches de verano sentado en nuestras sillas charlando o mirando.<\/p>\n<p align=\"justify\">\u2014\u00bfMirando? \u2014Benma, levanta la cabeza y mira a su madre con la pregunta en la boca.<\/p>\n<p align=\"justify\">\u2014S\u00ed, mirando el vac\u00edo que pasa delante de nuestras narices sin siquiera saludar. Es muy triste, hasta los recuerdos temen al escaso futuro.<\/p>\n<p align=\"justify\">\u2014\u00bfPor qu\u00e9? \u2014Mar\u00eda entiende porque vive los recuerdos insertos en su futuro, sus vivencias se han convertido en la argamasa de la esperanza. \u00bfPor qu\u00e9 los recuerdos de su madre se hab\u00edan diluidos en desilusi\u00f3n?<\/p>\n<p>\u2014Porque no hay futuro. El futuro os lo llevasteis en los bolsillos y el futuro naci\u00f3\u2026\u2014mira al nieto que la contempla asombrado\u2014, naci\u00f3 donde encontr\u00f3 vida.<\/p>\n<p align=\"justify\">La tarde avanza entre la merienda del caf\u00e9, la leche y las galletas. El reloj avanza al comp\u00e1s de la luz. El ruido de la calle entra amistoso, sin estridencias. El escenario desmigaja tiempos y edades. Los personajes se desenfocan y la iluminaci\u00f3n se va atenuando.<\/p>\n<p>\u2014Mam\u00e1, yo me quiero ir.<\/p>","protected":false},"excerpt":{"rendered":"<p>Juan Antonio L\u00f3pez Garc\u00eda Acc\u00e9sit \u00abPaisajes del silencio\u00bb 2022 La edad y el tiempo no son el mismo momento, no son el mismo lugar ni el mismo concepto. La edad hab\u00eda cambiado; imperceptible, r\u00edtmica o a saltos pero hab\u00eda cambiado. Las otras edades se quedaron en la memoria o en el olvido, en la memoria &hellip; <a href=\"https:\/\/casamagina.fundacionindex.com\/?page_id=411\" class=\"more-link\">Seguir leyendo <span class=\"screen-reader-text\">\u00abMam\u00e1, yo me quiero ir\u00bb<\/span> <span class=\"meta-nav\">&rarr;<\/span><\/a><\/p>\n","protected":false},"author":5,"featured_media":0,"parent":0,"menu_order":0,"comment_status":"closed","ping_status":"closed","template":"","meta":{"footnotes":""},"class_list":["post-411","page","type-page","status-publish","hentry"],"_links":{"self":[{"href":"https:\/\/casamagina.fundacionindex.com\/index.php?rest_route=\/wp\/v2\/pages\/411","targetHints":{"allow":["GET"]}}],"collection":[{"href":"https:\/\/casamagina.fundacionindex.com\/index.php?rest_route=\/wp\/v2\/pages"}],"about":[{"href":"https:\/\/casamagina.fundacionindex.com\/index.php?rest_route=\/wp\/v2\/types\/page"}],"author":[{"embeddable":true,"href":"https:\/\/casamagina.fundacionindex.com\/index.php?rest_route=\/wp\/v2\/users\/5"}],"replies":[{"embeddable":true,"href":"https:\/\/casamagina.fundacionindex.com\/index.php?rest_route=%2Fwp%2Fv2%2Fcomments&post=411"}],"version-history":[{"count":1,"href":"https:\/\/casamagina.fundacionindex.com\/index.php?rest_route=\/wp\/v2\/pages\/411\/revisions"}],"predecessor-version":[{"id":413,"href":"https:\/\/casamagina.fundacionindex.com\/index.php?rest_route=\/wp\/v2\/pages\/411\/revisions\/413"}],"wp:attachment":[{"href":"https:\/\/casamagina.fundacionindex.com\/index.php?rest_route=%2Fwp%2Fv2%2Fmedia&parent=411"}],"curies":[{"name":"wp","href":"https:\/\/api.w.org\/{rel}","templated":true}]}}