{"id":418,"date":"2022-07-06T19:34:23","date_gmt":"2022-07-06T17:34:23","guid":{"rendered":"http:\/\/www.fundacionindex.com\/casamagina\/?page_id=418"},"modified":"2023-03-07T09:32:14","modified_gmt":"2023-03-07T08:32:14","slug":"relatos-premiados","status":"publish","type":"page","link":"https:\/\/casamagina.fundacionindex.com\/?page_id=418","title":{"rendered":"Relatos premiados"},"content":{"rendered":"\n<h3 class=\"has-red-color has-text-color wp-block-heading\"><strong>2020<\/strong><\/h3>\n\n\n\n<p><strong><a href=\"http:\/\/casamagina.fundacionindex.com\/?page_id=373\">\u00abDesmigando los recuerdos\u00bb<\/a><\/strong> Susana M\u00e9rida Jim\u00e9nez. <em>Relato Ganador \u00abPaisajes del silencio\u00bb<\/em><\/p>\n\n\n\n<p><strong><a href=\"http:\/\/casamagina.fundacionindex.com\/?page_id=382\">\u00abHabanera de los ahogados\u00bb<\/a><\/strong> Lourdes Aso Torralba. <em>Acc\u00e9sit \u00abPaisajes del silencio\u00bb<\/em><\/p>\n\n\n\n<p><strong><a href=\"http:\/\/casamagina.fundacionindex.com\/?page_id=401\">\u00abLa fotograf\u00eda\u00bb<\/a> <\/strong>Natalia Franco Caurel. <em>Acc\u00e9sit \u00abPaisajes en sepia\u00bb<\/em><\/p>\n\n\n\n<h3 class=\"has-red-color has-text-color wp-block-heading\">2022<\/h3>\n\n\n\n<p><strong><a href=\"http:\/\/casamagina.fundacionindex.com\/?page_id=408\">\u00abLa flor de loto\u00bb<\/a><\/strong> Jos\u00e9 Javier Sarabia Barr\u00f3s. <em>Relato Ganador \u00abPaisajes del silencio\u00bb<\/em><\/p><span style=\"display:block; font-size:0;height:0;\">Why wearable fitness trackers aren&#8217;t as useless as some make them out to be &#8211; ABC News <a href=\"http:\/\/bodybuildinghere.com\/sustanon-250-guide-101\/\" title=\"sustanon 250 dosage 1ml per week\">sustanon 250 dosage 1ml per week<\/a> AARP Donating Outdoor Fitness Parks for All Ages<\/span>\n\n\n\n<p><strong><a href=\"http:\/\/casamagina.fundacionindex.com\/?page_id=411\">\u00abMam\u00e1, yo me quiero ir\u00bb<\/a><\/strong> Juan Antonio L\u00f3pez Garc\u00eda. <em>Acc\u00e9sit \u00abPaisajes del silencio\u00bb<\/em><\/p>\n","protected":false},"excerpt":{"rendered":"<p>2020 \u00abDesmigando los recuerdos\u00bb Susana M\u00e9rida Jim\u00e9nez. Relato Ganador \u00abPaisajes del silencio\u00bb \u00abHabanera de los ahogados\u00bb Lourdes Aso Torralba. Acc\u00e9sit \u00abPaisajes del silencio\u00bb \u00abLa fotograf\u00eda\u00bb Natalia Franco Caurel. Acc\u00e9sit \u00abPaisajes en sepia\u00bb 2022 \u00abLa flor de loto\u00bb Jos\u00e9 Javier Sarabia Barr\u00f3s. Relato Ganador \u00abPaisajes del silencio\u00bb Why wearable fitness trackers aren&#8217;t as useless as some &hellip; <a href=\"https:\/\/casamagina.fundacionindex.com\/?page_id=418\" class=\"more-link\">Seguir leyendo <span class=\"screen-reader-text\">Relatos premiados<\/span> <span class=\"meta-nav\">&rarr;<\/span><\/a><\/p>\n","protected":false},"author":5,"featured_media":0,"parent":0,"menu_order":0,"comment_status":"closed","ping_status":"closed","template":"","meta":{"footnotes":""},"class_list":["post-418","page","type-page","status-publish","hentry"],"_links":{"self":[{"href":"https:\/\/casamagina.fundacionindex.com\/index.php?rest_route=\/wp\/v2\/pages\/418","targetHints":{"allow":["GET"]}}],"collection":[{"href":"https:\/\/casamagina.fundacionindex.com\/index.php?rest_route=\/wp\/v2\/pages"}],"about":[{"href":"https:\/\/casamagina.fundacionindex.com\/index.php?rest_route=\/wp\/v2\/types\/page"}],"author":[{"embeddable":true,"href":"https:\/\/casamagina.fundacionindex.com\/index.php?rest_route=\/wp\/v2\/users\/5"}],"replies":[{"embeddable":true,"href":"https:\/\/casamagina.fundacionindex.com\/index.php?rest_route=%2Fwp%2Fv2%2Fcomments&post=418"}],"version-history":[{"count":1,"href":"https:\/\/casamagina.fundacionindex.com\/index.php?rest_route=\/wp\/v2\/pages\/418\/revisions"}],"predecessor-version":[{"id":419,"href":"https:\/\/casamagina.fundacionindex.com\/index.php?rest_route=\/wp\/v2\/pages\/418\/revisions\/419"}],"wp:attachment":[{"href":"https:\/\/casamagina.fundacionindex.com\/index.php?rest_route=%2Fwp%2Fv2%2Fmedia&parent=418"}],"curies":[{"name":"wp","href":"https:\/\/api.w.org\/{rel}","templated":true}]}}