{"id":480,"date":"2023-02-04T13:39:56","date_gmt":"2023-02-04T12:39:56","guid":{"rendered":"http:\/\/www.fundacionindex.com\/casamagina\/?page_id=480"},"modified":"2023-08-16T14:04:06","modified_gmt":"2023-08-16T12:04:06","slug":"el-cristo-de-la-luz","status":"publish","type":"page","link":"https:\/\/casamagina.fundacionindex.com\/?page_id=480","title":{"rendered":"El cristo de la mesonera Mar\u00eda Rienda"},"content":{"rendered":"\n<figure class=\"wp-block-image size-full\"><img fetchpriority=\"high\" decoding=\"async\" width=\"610\" height=\"789\" src=\"http:\/\/casamagina.fundacionindex.com\/wp-content\/uploads\/2023\/02\/xtoburgos.png\" alt=\"\" class=\"wp-image-481\" srcset=\"https:\/\/casamagina.fundacionindex.com\/wp-content\/uploads\/2023\/02\/xtoburgos.png 610w, https:\/\/casamagina.fundacionindex.com\/wp-content\/uploads\/2023\/02\/xtoburgos-232x300.png 232w\" sizes=\"(max-width: 610px) 100vw, 610px\" \/><\/figure>\n\n\n\n<p class=\"has-medium-brown-color has-text-color has-medium-font-size\">Una se\u00f1ora se acerca con parsimonia al enorme lienzo del cristo crucificado, arrima su mano, frota suavemente los dedos sobre la superficie y luego se persigna devotamente. Este mismo gesto, realizado por otra mujer del pueblo cuatro siglos atr\u00e1s, desencaden\u00f3 el acontecimiento m\u00e1s se\u00f1alado que ha vivido a lo largo de su historia esta localidad de las estribaciones de M\u00e1gina. La mujer se llamaba Mar\u00eda Rienda y regentaba un mes\u00f3n.<\/p>\n\n\n\n<p>Tambi\u00e9n fue el d\u00eda de San Sebasti\u00e1n, <a><\/a>probablemente en una tarde h\u00fameda como la de hoy. Acababa de alojarse una recua de mulos que transportaba los pertrechos de un caballero castellano, que andaba traslad\u00e1ndose a Guadix, a donde hab\u00eda sido nombrado corregidor por su majestad. Las mujeres con oficio son especialmente curiosas y Mar\u00eda sucumbi\u00f3 a la tentaci\u00f3n de desenrollar un lienzo amontonado entre los enseres polvorientos. Lentamente asoma un rostro adormecido en una queja de dolor y la mesonera se apresta a limpiarlo con el trapo que siempre cuelga del mandil.<\/p>\n\n\n\n<p>El humilde suelo de la caballeriza se vio revestido por la estampa de un cristo crucificado que fulguraba conforme la mujer lo limpiaba con el cuidado del arque\u00f3logo que descubre un primitivo mural. \u00a1Qu\u00e9 belleza! El cristo lleva un faldell\u00edn blanco con elaboradas puntillas que le hace resplandecer en una atm\u00f3sfera de negritud. Muestra llagas en los brazos, la marca de la lanza en el costado, con los ojos cerrados y la boca entreabierta en un gesto ag\u00f3nico. \u00a1Qu\u00e9 tristeza! Con el mismo pa\u00f1o, Mar\u00eda enjuga sus l\u00e1grimas y se hace la se\u00f1al de la cruz. Es entonces cuando cae en la cuenta: todo lo est\u00e1 haciendo con la mano manca que le acompa\u00f1a desde su nacimiento.<\/p>\n\n\n\n<p>En ese momento, por la puerta del mes\u00f3n discurr\u00eda la procesi\u00f3n de San Sebasti\u00e1n, patr\u00f3n de los apestados. La voz de \u00a1milagro! irrumpi\u00f3 como una detonaci\u00f3n por las calles de la villa. Todo el vecindario se arremolin\u00f3 en torno a la posada para verificar como un esc\u00e9ptico Tom\u00e1s el prodigio de la mesonera. Las beatas se abalanzan sobre el lienzo a amasar sus plegarias, los beneficiados del priorato andan desorientados sin poder dar una explicaci\u00f3n a lo sucedido, mientras algunos parecen frotarse las manos. Los regidores analizan la situaci\u00f3n: es cierto que el cuadro pertenece al comitente caballero burgal\u00e9s, pero tambi\u00e9n lo es que el milagro lo ha obrado en el pueblo, adem\u00e1s, los arrieros dicen que una legua atr\u00e1s revent\u00f3 la mula que lo portaba y eso puede entenderse como la voluntad de quedarse.<\/p>\n\n\n\n<p>Y al final se qued\u00f3. Y el pueblo, que hasta entonces se llamaba <em>Cabrilla<\/em>, pas\u00f3 a llamarse <em>Cabra del Santo Cristo<\/em>. Y se fabric\u00f3 un gran santuario para albergar la portentosa reliquia, que ya contaba con sucursales devocionales por toda Andaluc\u00eda oriental. Y as\u00ed estuvo haciendo milagros hasta no hace tantos a\u00f1os, hasta que fue destruido en la Guerra Civil. Pero el devoto vecindario encarg\u00f3 uno nuevo y cuando llega San Sebasti\u00e1n, como ha ocurrido esta tarde, es procesionado por el pueblo en se\u00f1al de agradecimiento perpetuo. Este ha sido un a\u00f1o muy especial, por vez primera en su historia la hermandad que vela por su memoria ha designado a una mujer para regirla. Ya iba siendo hora. Seguro que aquella Mar\u00eda Rienda se sentir\u00eda orgullosa. <em>Manuel Amezcua<\/em><\/p>\n\n\n\n<figure class=\"wp-block-image size-large\"><img decoding=\"async\" width=\"768\" height=\"1024\" src=\"http:\/\/casamagina.fundacionindex.com\/wp-content\/uploads\/2023\/02\/xtoburgos1-768x1024.png\" alt=\"\" class=\"wp-image-482\" srcset=\"https:\/\/casamagina.fundacionindex.com\/wp-content\/uploads\/2023\/02\/xtoburgos1-768x1024.png 768w, https:\/\/casamagina.fundacionindex.com\/wp-content\/uploads\/2023\/02\/xtoburgos1-225x300.png 225w, https:\/\/casamagina.fundacionindex.com\/wp-content\/uploads\/2023\/02\/xtoburgos1-1152x1536.png 1152w, https:\/\/casamagina.fundacionindex.com\/wp-content\/uploads\/2023\/02\/xtoburgos1.png 1200w\" sizes=\"(max-width: 768px) 100vw, 768px\" \/><\/figure>\n\n\n\n<figure class=\"wp-block-image size-large\"><img decoding=\"async\" width=\"861\" height=\"1024\" src=\"http:\/\/casamagina.fundacionindex.com\/wp-content\/uploads\/2023\/02\/xtoburgos2-861x1024.png\" alt=\"\" class=\"wp-image-483\" srcset=\"https:\/\/casamagina.fundacionindex.com\/wp-content\/uploads\/2023\/02\/xtoburgos2-861x1024.png 861w, https:\/\/casamagina.fundacionindex.com\/wp-content\/uploads\/2023\/02\/xtoburgos2-252x300.png 252w, https:\/\/casamagina.fundacionindex.com\/wp-content\/uploads\/2023\/02\/xtoburgos2-768x914.png 768w, https:\/\/casamagina.fundacionindex.com\/wp-content\/uploads\/2023\/02\/xtoburgos2.png 1200w\" sizes=\"(max-width: 861px) 100vw, 861px\" \/><\/figure>\n\n\n\n<p style=\"font-size:15px\">&#8230;&#8230;&#8230;&#8230;&#8230;&#8230;&#8230;&#8230;&#8230;&#8230;.<br>Si te gustan mis relatos breves puedes encontrar algunos m\u00e1s en la secci\u00f3n #<a href=\"http:\/\/casamagina.fundacionindex.com\/?page_id=476\">TierraVac\u00eda<\/a> de la #CasaDeM\u00e1gina. Tambi\u00e9n puedes dejarme un comentario con lo que m\u00e1s te haya gustado, te quedar\u00e9 agradecido.<\/p>\n","protected":false},"excerpt":{"rendered":"<p>Una se\u00f1ora se acerca con parsimonia al enorme lienzo del cristo crucificado, arrima su mano, frota suavemente los dedos sobre la superficie y luego se persigna devotamente. Este mismo gesto, realizado por otra mujer del pueblo cuatro siglos atr\u00e1s, desencaden\u00f3 el acontecimiento m\u00e1s se\u00f1alado que ha vivido a lo largo de su historia esta localidad &hellip; <a href=\"https:\/\/casamagina.fundacionindex.com\/?page_id=480\" class=\"more-link\">Seguir leyendo <span class=\"screen-reader-text\">El cristo de la mesonera Mar\u00eda Rienda<\/span> <span class=\"meta-nav\">&rarr;<\/span><\/a><\/p>\n","protected":false},"author":3,"featured_media":0,"parent":0,"menu_order":0,"comment_status":"open","ping_status":"closed","template":"","meta":{"footnotes":""},"class_list":["post-480","page","type-page","status-publish","hentry"],"_links":{"self":[{"href":"https:\/\/casamagina.fundacionindex.com\/index.php?rest_route=\/wp\/v2\/pages\/480","targetHints":{"allow":["GET"]}}],"collection":[{"href":"https:\/\/casamagina.fundacionindex.com\/index.php?rest_route=\/wp\/v2\/pages"}],"about":[{"href":"https:\/\/casamagina.fundacionindex.com\/index.php?rest_route=\/wp\/v2\/types\/page"}],"author":[{"embeddable":true,"href":"https:\/\/casamagina.fundacionindex.com\/index.php?rest_route=\/wp\/v2\/users\/3"}],"replies":[{"embeddable":true,"href":"https:\/\/casamagina.fundacionindex.com\/index.php?rest_route=%2Fwp%2Fv2%2Fcomments&post=480"}],"version-history":[{"count":4,"href":"https:\/\/casamagina.fundacionindex.com\/index.php?rest_route=\/wp\/v2\/pages\/480\/revisions"}],"predecessor-version":[{"id":842,"href":"https:\/\/casamagina.fundacionindex.com\/index.php?rest_route=\/wp\/v2\/pages\/480\/revisions\/842"}],"wp:attachment":[{"href":"https:\/\/casamagina.fundacionindex.com\/index.php?rest_route=%2Fwp%2Fv2%2Fmedia&parent=480"}],"curies":[{"name":"wp","href":"https:\/\/api.w.org\/{rel}","templated":true}]}}