{"id":490,"date":"2023-02-04T14:18:20","date_gmt":"2023-02-04T13:18:20","guid":{"rendered":"http:\/\/www.fundacionindex.com\/casamagina\/?page_id=490"},"modified":"2023-08-16T14:05:32","modified_gmt":"2023-08-16T12:05:32","slug":"la-despensa-del-tarahal","status":"publish","type":"page","link":"https:\/\/casamagina.fundacionindex.com\/?page_id=490","title":{"rendered":"Una despensa en el Tarahal"},"content":{"rendered":"\n<figure class=\"wp-block-image size-full\"><img fetchpriority=\"high\" decoding=\"async\" width=\"980\" height=\"665\" src=\"http:\/\/casamagina.fundacionindex.com\/wp-content\/uploads\/2023\/02\/tarahal.jpg\" alt=\"\" class=\"wp-image-491\" srcset=\"https:\/\/casamagina.fundacionindex.com\/wp-content\/uploads\/2023\/02\/tarahal.jpg 980w, https:\/\/casamagina.fundacionindex.com\/wp-content\/uploads\/2023\/02\/tarahal-300x204.jpg 300w, https:\/\/casamagina.fundacionindex.com\/wp-content\/uploads\/2023\/02\/tarahal-768x521.jpg 768w\" sizes=\"(max-width: 980px) 100vw, 980px\" \/><\/figure>\n\n\n\n<p class=\"has-medium-brown-color has-text-color has-medium-font-size\">Mi primer viaje del a\u00f1o ha sido a una aldea innominada. Porque el <em>Tarahal<\/em> pas\u00f3 de ser una pr\u00f3spera feligres\u00eda asentada en la ribera del r\u00edo Guadahortuna, en los confines del Santo Reino, a un lugar fantasma que ni siquiera es identificado por<em> Google Maps<\/em>. Hoy, ni el r\u00edo lleva agua ni la aldea tiene almas aposentadas. <\/p>\n\n\n\n<p>Solo un pu\u00f1ado de casas arruinadas y una peque\u00f1a iglesia saqueada a\u00f1os atr\u00e1s a donde solo acuden los vencejos a habitar sus grietas y a dar compa\u00f1a a los pocos santos mutilados que escaparon de la codicia. Pero, entre la desolaci\u00f3n del lugar, destaca una solitaria fachada impolutamente encalada y adornada con ristras de pimientos rojos sec\u00e1ndose al sol, expuestos como el orgulloso t\u00f3tem de una tribu ancestral que no se resigna a ser ensombrecida por el tiempo.<\/p>\n\n\n\n<p>La casualidad quiso que se encontrase en ella su curadora. Su gracia, Maritere, la de Emilio el carnicero, que desde que se jubilaron acude casi a diario desde las <em>Dehesas <\/em>para dar lustre a la casa que vio nacer a toda su estirpe. Eso ocurri\u00f3 en unos a\u00f1os en que la aldea estaba llena de vida, antes del \u00e9xodo migratorio de los sesenta, cuando casas y cuevas como catedrales albergaban toda clase de criaturas, humanos y bestias conviviendo en sabia conjunci\u00f3n con un medio que les prove\u00eda de todo lo necesario para vivir dignamente.<\/p>\n\n\n\n<p>Dejo una fotograf\u00eda del interior de la casa de Maritere, de la techumbre de la sala principal, que se erige en una despensa suspendida en el espacio de la que cuelgan un <em>camping gas<\/em> y ramilletes de frutos y hortalizas en proceso de deshidrataci\u00f3n, canastas de provisiones y botijos de agua fresca que desaf\u00edan las leyes de la gravedad. Todo a buen recaudo de roedores y otras alima\u00f1as, bajo la atenta protecci\u00f3n de un San Antonio y una Virgen del Carmen, ocupada en salvar \u00e1nimas del purgatorio. As\u00ed ha sido durante generaciones y as\u00ed sigue siendo cuando el cortijo recobra peri\u00f3dicamente su vitalidad para convidar con sustanciosos bastimentos a los comensales que de vez en cuando se juntan para rememorar tiempos pasados.<\/p>\n\n\n\n<p>De sus anfitriones nos despedimos bajo la solemne promesa de regresar para asistir a alguna de estas suculentas meriendas, que as\u00ed de generosas son las gentes de estos lugares. <em>Manuel Amezcua<\/em><\/p>\n\n\n\n<p style=\"font-size:15px\">&#8230;&#8230;&#8230;&#8230;&#8230;&#8230;&#8230;&#8230;&#8230;&#8230;.<br>Si te gustan mis relatos breves puedes encontrar algunos m\u00e1s en la secci\u00f3n #<a href=\"http:\/\/casamagina.fundacionindex.com\/?page_id=476\">TierraVac\u00eda<\/a> de la #CasaDeM\u00e1gina. Tambi\u00e9n puedes dejarme un comentario con lo que m\u00e1s te haya gustado, te quedar\u00e9 agradecido.<\/p>\n","protected":false},"excerpt":{"rendered":"<p>Mi primer viaje del a\u00f1o ha sido a una aldea innominada. Porque el Tarahal pas\u00f3 de ser una pr\u00f3spera feligres\u00eda asentada en la ribera del r\u00edo Guadahortuna, en los confines del Santo Reino, a un lugar fantasma que ni siquiera es identificado por Google Maps. Hoy, ni el r\u00edo lleva agua ni la aldea tiene &hellip; <a href=\"https:\/\/casamagina.fundacionindex.com\/?page_id=490\" class=\"more-link\">Seguir leyendo <span class=\"screen-reader-text\">Una despensa en el Tarahal<\/span> <span class=\"meta-nav\">&rarr;<\/span><\/a><\/p>\n","protected":false},"author":3,"featured_media":0,"parent":0,"menu_order":0,"comment_status":"open","ping_status":"closed","template":"","meta":{"footnotes":""},"class_list":["post-490","page","type-page","status-publish","hentry"],"_links":{"self":[{"href":"https:\/\/casamagina.fundacionindex.com\/index.php?rest_route=\/wp\/v2\/pages\/490","targetHints":{"allow":["GET"]}}],"collection":[{"href":"https:\/\/casamagina.fundacionindex.com\/index.php?rest_route=\/wp\/v2\/pages"}],"about":[{"href":"https:\/\/casamagina.fundacionindex.com\/index.php?rest_route=\/wp\/v2\/types\/page"}],"author":[{"embeddable":true,"href":"https:\/\/casamagina.fundacionindex.com\/index.php?rest_route=\/wp\/v2\/users\/3"}],"replies":[{"embeddable":true,"href":"https:\/\/casamagina.fundacionindex.com\/index.php?rest_route=%2Fwp%2Fv2%2Fcomments&post=490"}],"version-history":[{"count":5,"href":"https:\/\/casamagina.fundacionindex.com\/index.php?rest_route=\/wp\/v2\/pages\/490\/revisions"}],"predecessor-version":[{"id":844,"href":"https:\/\/casamagina.fundacionindex.com\/index.php?rest_route=\/wp\/v2\/pages\/490\/revisions\/844"}],"wp:attachment":[{"href":"https:\/\/casamagina.fundacionindex.com\/index.php?rest_route=%2Fwp%2Fv2%2Fmedia&parent=490"}],"curies":[{"name":"wp","href":"https:\/\/api.w.org\/{rel}","templated":true}]}}