{"id":661,"date":"2023-04-19T21:23:40","date_gmt":"2023-04-19T19:23:40","guid":{"rendered":"http:\/\/www.fundacionindex.com\/casamagina\/?page_id=661"},"modified":"2023-08-16T13:54:59","modified_gmt":"2023-08-16T11:54:59","slug":"la-loma-de-la-luz","status":"publish","type":"page","link":"https:\/\/casamagina.fundacionindex.com\/?page_id=661","title":{"rendered":"Sobre la loma de la luz"},"content":{"rendered":"\n<figure class=\"wp-block-image size-large\"><img fetchpriority=\"high\" decoding=\"async\" width=\"1024\" height=\"592\" src=\"http:\/\/casamagina.fundacionindex.com\/wp-content\/uploads\/2023\/05\/lomaluz-1024x592.png\" alt=\"\" class=\"wp-image-668\" srcset=\"https:\/\/casamagina.fundacionindex.com\/wp-content\/uploads\/2023\/05\/lomaluz-1024x592.png 1024w, https:\/\/casamagina.fundacionindex.com\/wp-content\/uploads\/2023\/05\/lomaluz-300x173.png 300w, https:\/\/casamagina.fundacionindex.com\/wp-content\/uploads\/2023\/05\/lomaluz-768x444.png 768w, https:\/\/casamagina.fundacionindex.com\/wp-content\/uploads\/2023\/05\/lomaluz.png 1026w\" sizes=\"(max-width: 1024px) 100vw, 1024px\" \/><\/figure>\n\n\n\n<p class=\"has-medium-font-size\">Hay una flamante carretera gris que surca los campos<\/p>\n\n\n\n<p class=\"has-medium-font-size\">Hay campos horizontales donde danzan almendros y olivos entre las sementeras<\/p>\n\n\n\n<p class=\"has-medium-font-size\">Hay sementeras doradas, como las piedras calientes de las iglesias de los pueblos que hemos encontrado en el camino<\/p>\n\n\n\n<p class=\"has-medium-font-size\">Hay un camino ondulado cabalgando por una loma en los entredichos de dos antiguos reinos<\/p>\n\n\n\n<p class=\"has-medium-font-size\">Hay un reino de luz que otea las estribaciones de Sierra Nevada y M\u00e1gina, cada una en el lado que le corresponde<\/p>\n\n\n\n<p class=\"has-medium-font-size\">Hay un lado del camino donde siempre rebusca una pareja de solemnes cuervos a los que llamo Fortunato y Jacinta<\/p>\n\n\n\n<p class=\"has-medium-font-size\"><em>Hay pueblos, hay campos y hay caminos<\/em><\/p>\n\n\n\n<p class=\"has-medium-font-size\">Hay dehesas a medio roturar que evocan los tiempos remotos en que se pacific\u00f3 la frontera<\/p>\n\n\n\n<p class=\"has-medium-font-size\">Hay encinas solitarias que dialogan con los cortijos blancos, desafiando aquellas pobladas soledades<\/p>\n\n\n\n<p class=\"has-medium-font-size\">Hay hileras de coches que navegan como lentas orugas por el arrecife, deseando encontrarse en alg\u00fan sitio<\/p>\n\n\n\n<p class=\"has-medium-font-size\">Hay un pueblo varado entre sierras que se cruzan y le abrigan con lienzos de bals\u00e1micas retamas y atochares de esparto<\/p>\n\n\n\n<p class=\"has-medium-font-size\">Hay gentes que empiezan a reconocerse en sus propios anhelos y otras que los miran sin saber a lo que vienen<\/p>\n\n\n\n<p class=\"has-medium-font-size\"><em>Hay montes, hay gentes y hay soledades<\/em>. <\/p>\n\n\n\n<p class=\"has-medium-font-size\"><em>Manuel Amezcua<\/em><\/p>\n\n\n\n<p class=\"has-background\" style=\"background-color:#f5f4f4\">&#8230;&#8230;&#8230;&#8230;&#8230;&#8230;<br>Lo escrib\u00ed en Cabra del Santo Cristo (Ja\u00e9n) un 23 de julio de 2022 como ejercicio de clase en el taller \u00abEscribir desde los sentidos\u00bb, impartido por C\u00e9sar Requesens en la Casa de M\u00e1gina.<\/p>\n\n\n\n<p style=\"font-size:15px\">&#8230;&#8230;&#8230;&#8230;&#8230;&#8230;..<br>Si te gustan mis relatos breves puedes encontrar algunos m\u00e1s en la secci\u00f3n #<a href=\"http:\/\/casamagina.fundacionindex.com\/?page_id=476\">TierraVac\u00eda<\/a> de la #CasaDeM\u00e1gina. Tambi\u00e9n puedes dejarme un comentario con lo que m\u00e1s te haya gustado, te quedar\u00e9 agradecido.<\/p>\n","protected":false},"excerpt":{"rendered":"<p>Hay una flamante carretera gris que surca los campos Hay campos horizontales donde danzan almendros y olivos entre las sementeras Hay sementeras doradas, como las piedras calientes de las iglesias de los pueblos que hemos encontrado en el camino Hay un camino ondulado cabalgando por una loma en los entredichos de dos antiguos reinos Hay &hellip; <a href=\"https:\/\/casamagina.fundacionindex.com\/?page_id=661\" class=\"more-link\">Seguir leyendo <span class=\"screen-reader-text\">Sobre la loma de la luz<\/span> <span class=\"meta-nav\">&rarr;<\/span><\/a><\/p>\n","protected":false},"author":3,"featured_media":0,"parent":0,"menu_order":0,"comment_status":"open","ping_status":"closed","template":"","meta":{"footnotes":""},"class_list":["post-661","page","type-page","status-publish","hentry"],"_links":{"self":[{"href":"https:\/\/casamagina.fundacionindex.com\/index.php?rest_route=\/wp\/v2\/pages\/661","targetHints":{"allow":["GET"]}}],"collection":[{"href":"https:\/\/casamagina.fundacionindex.com\/index.php?rest_route=\/wp\/v2\/pages"}],"about":[{"href":"https:\/\/casamagina.fundacionindex.com\/index.php?rest_route=\/wp\/v2\/types\/page"}],"author":[{"embeddable":true,"href":"https:\/\/casamagina.fundacionindex.com\/index.php?rest_route=\/wp\/v2\/users\/3"}],"replies":[{"embeddable":true,"href":"https:\/\/casamagina.fundacionindex.com\/index.php?rest_route=%2Fwp%2Fv2%2Fcomments&post=661"}],"version-history":[{"count":6,"href":"https:\/\/casamagina.fundacionindex.com\/index.php?rest_route=\/wp\/v2\/pages\/661\/revisions"}],"predecessor-version":[{"id":835,"href":"https:\/\/casamagina.fundacionindex.com\/index.php?rest_route=\/wp\/v2\/pages\/661\/revisions\/835"}],"wp:attachment":[{"href":"https:\/\/casamagina.fundacionindex.com\/index.php?rest_route=%2Fwp%2Fv2%2Fmedia&parent=661"}],"curies":[{"name":"wp","href":"https:\/\/api.w.org\/{rel}","templated":true}]}}