{"id":737,"date":"2023-05-07T13:14:12","date_gmt":"2023-05-07T11:14:12","guid":{"rendered":"http:\/\/www.fundacionindex.com\/casamagina\/?page_id=737"},"modified":"2023-05-07T17:17:10","modified_gmt":"2023-05-07T15:17:10","slug":"antonia-del-rio-rodriguez","status":"publish","type":"page","link":"https:\/\/casamagina.fundacionindex.com\/?page_id=737","title":{"rendered":"Antonia del R\u00edo Rodr\u00edguez"},"content":{"rendered":"\t\t<div data-elementor-type=\"wp-page\" data-elementor-id=\"737\" class=\"elementor elementor-737\">\n\t\t\t\t\t\t<section class=\"elementor-section elementor-top-section elementor-element elementor-element-ee449e8 elementor-section-boxed elementor-section-height-default elementor-section-height-default\" data-id=\"ee449e8\" data-element_type=\"section\" data-e-type=\"section\">\n\t\t\t\t\t\t<div class=\"elementor-container elementor-column-gap-default\">\n\t\t\t\t\t<div class=\"elementor-column elementor-col-33 elementor-top-column elementor-element elementor-element-62d3140\" data-id=\"62d3140\" data-element_type=\"column\" data-e-type=\"column\">\n\t\t\t<div class=\"elementor-widget-wrap\">\n\t\t\t\t\t\t\t<\/div>\n\t\t<\/div>\n\t\t\t\t<div class=\"elementor-column elementor-col-66 elementor-top-column elementor-element elementor-element-eb0589f\" data-id=\"eb0589f\" data-element_type=\"column\" data-e-type=\"column\">\n\t\t\t<div class=\"elementor-widget-wrap elementor-element-populated\">\n\t\t\t\t\t\t<div class=\"elementor-element elementor-element-6d8f067 elementor-widget elementor-widget-text-editor\" data-id=\"6d8f067\" data-element_type=\"widget\" data-e-type=\"widget\" data-widget_type=\"text-editor.default\">\n\t\t\t\t<div class=\"elementor-widget-container\">\n\t\t\t\t\t\t\t\t\t<p><em>El sufrimiento es aprender. Antes no nos lo daban todo hecho, ahora ni sabemos remendar. Todo lo queremos nuevo.\u00a0<\/em><\/p>\t\t\t\t\t\t\t\t<\/div>\n\t\t\t\t<\/div>\n\t\t\t\t\t<\/div>\n\t\t<\/div>\n\t\t\t\t\t<\/div>\n\t\t<\/section>\n\t\t\t\t<section class=\"elementor-section elementor-top-section elementor-element elementor-element-4ff0c21 elementor-section-boxed elementor-section-height-default elementor-section-height-default\" data-id=\"4ff0c21\" data-element_type=\"section\" data-e-type=\"section\">\n\t\t\t\t\t\t<div class=\"elementor-container elementor-column-gap-default\">\n\t\t\t\t\t<div class=\"elementor-column elementor-col-50 elementor-top-column elementor-element elementor-element-9ad7b09\" data-id=\"9ad7b09\" data-element_type=\"column\" data-e-type=\"column\">\n\t\t\t<div class=\"elementor-widget-wrap elementor-element-populated\">\n\t\t\t\t\t\t<div class=\"elementor-element elementor-element-6e9d1f7 elementor-widget elementor-widget-image\" data-id=\"6e9d1f7\" data-element_type=\"widget\" data-e-type=\"widget\" data-widget_type=\"image.default\">\n\t\t\t\t<div class=\"elementor-widget-container\">\n\t\t\t\t\t\t\t\t\t\t\t\t\t\t\t<img fetchpriority=\"high\" decoding=\"async\" width=\"604\" height=\"908\" src=\"https:\/\/casamagina.fundacionindex.com\/wp-content\/uploads\/2023\/05\/Antonia-5-681x1024.jpeg\" class=\"attachment-large size-large wp-image-741\" alt=\"\" srcset=\"https:\/\/casamagina.fundacionindex.com\/wp-content\/uploads\/2023\/05\/Antonia-5-681x1024.jpeg 681w, https:\/\/casamagina.fundacionindex.com\/wp-content\/uploads\/2023\/05\/Antonia-5-199x300.jpeg 199w, https:\/\/casamagina.fundacionindex.com\/wp-content\/uploads\/2023\/05\/Antonia-5-768x1155.jpeg 768w, https:\/\/casamagina.fundacionindex.com\/wp-content\/uploads\/2023\/05\/Antonia-5.jpeg 921w\" sizes=\"(max-width: 604px) 100vw, 604px\" \/>\t\t\t\t\t\t\t\t\t\t\t\t\t\t\t<\/div>\n\t\t\t\t<\/div>\n\t\t\t\t\t<\/div>\n\t\t<\/div>\n\t\t\t\t<div class=\"elementor-column elementor-col-50 elementor-top-column elementor-element elementor-element-d714efd\" data-id=\"d714efd\" data-element_type=\"column\" data-e-type=\"column\">\n\t\t\t<div class=\"elementor-widget-wrap elementor-element-populated\">\n\t\t\t\t\t\t<div class=\"elementor-element elementor-element-595856f elementor-widget elementor-widget-text-editor\" data-id=\"595856f\" data-element_type=\"widget\" data-e-type=\"widget\" data-widget_type=\"text-editor.default\">\n\t\t\t\t<div class=\"elementor-widget-container\">\n\t\t\t\t\t\t\t\t\t<p>Antonia del R\u00edo Rodr\u00edguez, de 88 a\u00f1os, viuda, nacida en Cabra del Santo Cristo (Ja\u00e9n), es ama de casa y madre de seis hijos. Su experiencia de vida est\u00e1 marcada por la posguerra.\u00a0<br \/>Como tantas mujeres humildes de ese tiempo, cuid\u00f3 de sus hijos con lo que le ofrec\u00eda la tierra, trabaj\u00f3 el campo y llev\u00f3 la casa que compart\u00eda con su marido.\u00a0<br \/>Hoy se deleita rememorando viejos tiempos, pasando las p\u00e1ginas del \u00e1lbum de fotos mientras oye corretear a sus nietos.<\/p>\t\t\t\t\t\t\t\t<\/div>\n\t\t\t\t<\/div>\n\t\t\t\t\t<\/div>\n\t\t<\/div>\n\t\t\t\t\t<\/div>\n\t\t<\/section>\n\t\t\t\t<section class=\"elementor-section elementor-top-section elementor-element elementor-element-2a16131 elementor-section-boxed elementor-section-height-default elementor-section-height-default\" data-id=\"2a16131\" data-element_type=\"section\" data-e-type=\"section\">\n\t\t\t\t\t\t<div class=\"elementor-container elementor-column-gap-default\">\n\t\t\t\t\t<div class=\"elementor-column elementor-col-100 elementor-top-column elementor-element elementor-element-8bacf84\" data-id=\"8bacf84\" data-element_type=\"column\" data-e-type=\"column\">\n\t\t\t<div class=\"elementor-widget-wrap elementor-element-populated\">\n\t\t\t\t\t\t<div class=\"elementor-element elementor-element-72617c8 elementor-widget__width-initial elementor-widget elementor-widget-text-editor\" data-id=\"72617c8\" data-element_type=\"widget\" data-e-type=\"widget\" data-widget_type=\"text-editor.default\">\n\t\t\t\t<div class=\"elementor-widget-container\">\n\t\t\t\t\t\t\t\t\t<p>La entrevista se realiz\u00f3 en marzo de 2023. Se o\u00eda el bullicio desde fuera. Ese d\u00eda, Antonia ten\u00eda la visita de su hermano e hijos, estaba plet\u00f3rica. Tras una charla distendida con su familia, Antonia se acomod\u00f3 alrededor de su mesa camilla y comenz\u00f3 a contarnos su historia.<br \/>Se vislumbran las dificultades que le acompa\u00f1aron durante su infancia y adolescencia y c\u00f3mo la falta de recursos econ\u00f3micos les hizo valerse de la naturaleza. En su relato se manifiesta la importancia de la familia ante las adversidades e invita a la reflexi\u00f3n ante el cambio de valores de las generaciones m\u00e1s j\u00f3venes.\u00a0<\/p>\t\t\t\t\t\t\t\t<\/div>\n\t\t\t\t<\/div>\n\t\t\t\t\t<\/div>\n\t\t<\/div>\n\t\t\t\t\t<\/div>\n\t\t<\/section>\n\t\t\t\t<section class=\"elementor-section elementor-top-section elementor-element elementor-element-b4c734e elementor-section-boxed elementor-section-height-default elementor-section-height-default\" data-id=\"b4c734e\" data-element_type=\"section\" data-e-type=\"section\">\n\t\t\t\t\t\t<div class=\"elementor-container elementor-column-gap-default\">\n\t\t\t\t\t<div class=\"elementor-column elementor-col-100 elementor-top-column elementor-element elementor-element-ea1ffb6\" data-id=\"ea1ffb6\" data-element_type=\"column\" data-e-type=\"column\">\n\t\t\t<div class=\"elementor-widget-wrap elementor-element-populated\">\n\t\t\t\t\t\t<div class=\"elementor-element elementor-element-f42b0fd elementor-widget elementor-widget-video\" data-id=\"f42b0fd\" data-element_type=\"widget\" data-e-type=\"widget\" data-settings=\"{&quot;youtube_url&quot;:&quot;https:\\\/\\\/www.youtube.com\\\/watch?v=5aRuFpXuJI0&quot;,&quot;autoplay&quot;:&quot;yes&quot;,&quot;video_type&quot;:&quot;youtube&quot;,&quot;controls&quot;:&quot;yes&quot;}\" data-widget_type=\"video.default\">\n\t\t\t\t<div class=\"elementor-widget-container\">\n\t\t\t\t\t\t\t<div class=\"elementor-wrapper elementor-open-inline\">\n\t\t\t<div class=\"elementor-video\"><\/div>\t\t<\/div>\n\t\t\t\t\t\t<\/div>\n\t\t\t\t<\/div>\n\t\t\t\t\t<\/div>\n\t\t<\/div>\n\t\t\t\t\t<\/div>\n\t\t<\/section>\n\t\t\t\t<section class=\"elementor-section elementor-top-section elementor-element elementor-element-bca8569 elementor-section-boxed elementor-section-height-default elementor-section-height-default\" data-id=\"bca8569\" data-element_type=\"section\" data-e-type=\"section\">\n\t\t\t\t\t\t<div class=\"elementor-container elementor-column-gap-default\">\n\t\t\t\t\t<div class=\"elementor-column elementor-col-100 elementor-top-column elementor-element elementor-element-9888f67\" data-id=\"9888f67\" data-element_type=\"column\" data-e-type=\"column\">\n\t\t\t<div class=\"elementor-widget-wrap elementor-element-populated\">\n\t\t\t\t\t\t<div class=\"elementor-element elementor-element-a2c9760 elementor-arrows-position-inside elementor-pagination-position-outside elementor-widget elementor-widget-image-carousel\" data-id=\"a2c9760\" data-element_type=\"widget\" data-e-type=\"widget\" data-settings=\"{&quot;slides_to_show&quot;:&quot;1&quot;,&quot;navigation&quot;:&quot;both&quot;,&quot;autoplay&quot;:&quot;yes&quot;,&quot;pause_on_hover&quot;:&quot;yes&quot;,&quot;pause_on_interaction&quot;:&quot;yes&quot;,&quot;autoplay_speed&quot;:5000,&quot;infinite&quot;:&quot;yes&quot;,&quot;effect&quot;:&quot;slide&quot;,&quot;speed&quot;:500}\" data-widget_type=\"image-carousel.default\">\n\t\t\t\t<div class=\"elementor-widget-container\">\n\t\t\t\t\t\t\t<div class=\"elementor-image-carousel-wrapper swiper\" role=\"region\" aria-roledescription=\"carousel\" aria-label=\"Carrusel de im\u00e1genes\" dir=\"ltr\">\n\t\t\t<div class=\"elementor-image-carousel swiper-wrapper\" aria-live=\"off\">\n\t\t\t\t\t\t\t\t<div class=\"swiper-slide\" role=\"group\" aria-roledescription=\"slide\" aria-label=\"1 de 5\"><figure class=\"swiper-slide-inner\"><img decoding=\"async\" class=\"swiper-slide-image\" src=\"https:\/\/casamagina.fundacionindex.com\/wp-content\/uploads\/2023\/05\/1-1-1024x612.jpg\" alt=\"1\" \/><\/figure><\/div><div class=\"swiper-slide\" role=\"group\" aria-roledescription=\"slide\" aria-label=\"2 de 5\"><figure class=\"swiper-slide-inner\"><img decoding=\"async\" class=\"swiper-slide-image\" src=\"https:\/\/casamagina.fundacionindex.com\/wp-content\/uploads\/2023\/05\/2-1-1024x559.jpg\" alt=\"2\" \/><\/figure><\/div><div class=\"swiper-slide\" role=\"group\" aria-roledescription=\"slide\" aria-label=\"3 de 5\"><figure class=\"swiper-slide-inner\"><img decoding=\"async\" class=\"swiper-slide-image\" src=\"https:\/\/casamagina.fundacionindex.com\/wp-content\/uploads\/2023\/05\/4-1-1024x677.jpg\" alt=\"4\" \/><\/figure><\/div><div class=\"swiper-slide\" role=\"group\" aria-roledescription=\"slide\" aria-label=\"4 de 5\"><figure class=\"swiper-slide-inner\"><img decoding=\"async\" class=\"swiper-slide-image\" src=\"https:\/\/casamagina.fundacionindex.com\/wp-content\/uploads\/2023\/05\/padres-1024x546.jpg\" alt=\"padres\" \/><\/figure><\/div><div class=\"swiper-slide\" role=\"group\" aria-roledescription=\"slide\" aria-label=\"5 de 5\"><figure class=\"swiper-slide-inner\"><img decoding=\"async\" class=\"swiper-slide-image\" src=\"https:\/\/casamagina.fundacionindex.com\/wp-content\/uploads\/2023\/05\/amigas-1024x558.jpg\" alt=\"amigas\" \/><\/figure><\/div>\t\t\t<\/div>\n\t\t\t\t\t\t\t\t\t\t\t\t<div class=\"elementor-swiper-button elementor-swiper-button-prev\" role=\"button\" tabindex=\"0\">\n\t\t\t\t\t\t<i aria-hidden=\"true\" class=\"eicon-chevron-left\"><\/i>\t\t\t\t\t<\/div>\n\t\t\t\t\t<div class=\"elementor-swiper-button elementor-swiper-button-next\" role=\"button\" tabindex=\"0\">\n\t\t\t\t\t\t<i aria-hidden=\"true\" class=\"eicon-chevron-right\"><\/i>\t\t\t\t\t<\/div>\n\t\t\t\t\n\t\t\t\t\t\t\t\t\t<div class=\"swiper-pagination\"><\/div>\n\t\t\t\t\t\t\t\t\t<\/div>\n\t\t\t\t\t\t<\/div>\n\t\t\t\t<\/div>\n\t\t\t\t\t<\/div>\n\t\t<\/div>\n\t\t\t\t\t<\/div>\n\t\t<\/section>\n\t\t\t\t<section class=\"elementor-section elementor-top-section elementor-element elementor-element-f4f1b8b elementor-section-boxed elementor-section-height-default elementor-section-height-default\" data-id=\"f4f1b8b\" data-element_type=\"section\" data-e-type=\"section\">\n\t\t\t\t\t\t<div class=\"elementor-container elementor-column-gap-default\">\n\t\t\t\t\t<div class=\"elementor-column elementor-col-33 elementor-top-column elementor-element elementor-element-ec8cf5a\" data-id=\"ec8cf5a\" data-element_type=\"column\" data-e-type=\"column\">\n\t\t\t<div class=\"elementor-widget-wrap elementor-element-populated\">\n\t\t\t\t\t\t<div class=\"elementor-element elementor-element-43e6cbc elementor-widget elementor-widget-image\" data-id=\"43e6cbc\" data-element_type=\"widget\" data-e-type=\"widget\" data-widget_type=\"image.default\">\n\t\t\t\t<div class=\"elementor-widget-container\">\n\t\t\t\t\t\t\t\t\t\t\t\t<figure class=\"wp-caption\">\n\t\t\t\t\t\t\t\t\t\t\t<a href=\"http:\/\/www.fundacionindex.com\/casamagina\/?p=757\">\n\t\t\t\t\t\t\t<img decoding=\"async\" width=\"211\" height=\"300\" src=\"https:\/\/casamagina.fundacionindex.com\/wp-content\/uploads\/2023\/05\/Antonia-nube-211x300.png\" class=\"elementor-animation-grow attachment-medium size-medium wp-image-749\" alt=\"\" srcset=\"https:\/\/casamagina.fundacionindex.com\/wp-content\/uploads\/2023\/05\/Antonia-nube-211x300.png 211w, https:\/\/casamagina.fundacionindex.com\/wp-content\/uploads\/2023\/05\/Antonia-nube.png 442w\" sizes=\"(max-width: 211px) 100vw, 211px\" \/>\t\t\t\t\t\t\t\t<\/a>\n\t\t\t\t\t\t\t\t\t\t\t<figcaption class=\"widget-image-caption wp-caption-text\">Mi historia<\/figcaption>\n\t\t\t\t\t\t\t\t\t\t<\/figure>\n\t\t\t\t\t\t\t\t\t<\/div>\n\t\t\t\t<\/div>\n\t\t\t\t\t<\/div>\n\t\t<\/div>\n\t\t\t\t<div class=\"elementor-column elementor-col-33 elementor-top-column elementor-element elementor-element-1c9530f\" data-id=\"1c9530f\" data-element_type=\"column\" data-e-type=\"column\">\n\t\t\t<div class=\"elementor-widget-wrap\">\n\t\t\t\t\t\t\t<\/div>\n\t\t<\/div>\n\t\t\t\t<div class=\"elementor-column elementor-col-33 elementor-top-column elementor-element elementor-element-94a29da\" data-id=\"94a29da\" data-element_type=\"column\" data-e-type=\"column\">\n\t\t\t<div class=\"elementor-widget-wrap\">\n\t\t\t\t\t\t\t<\/div>\n\t\t<\/div>\n\t\t\t\t\t<\/div>\n\t\t<\/section>\n\t\t\t\t<\/div>\n\t\t","protected":false},"excerpt":{"rendered":"<p>El sufrimiento es aprender. Antes no nos lo daban todo hecho, ahora ni sabemos remendar. Todo lo queremos nuevo.\u00a0 Antonia del R\u00edo Rodr\u00edguez, de 88 a\u00f1os, viuda, nacida en Cabra del Santo Cristo (Ja\u00e9n), es ama de casa y madre de seis hijos. Su experiencia de vida est\u00e1 marcada por la posguerra.\u00a0Como tantas mujeres humildes &hellip; <a href=\"https:\/\/casamagina.fundacionindex.com\/?page_id=737\" class=\"more-link\">Seguir leyendo <span class=\"screen-reader-text\">Antonia del R\u00edo Rodr\u00edguez<\/span> <span class=\"meta-nav\">&rarr;<\/span><\/a><\/p>\n","protected":false},"author":5,"featured_media":0,"parent":0,"menu_order":0,"comment_status":"closed","ping_status":"closed","template":"","meta":{"footnotes":""},"class_list":["post-737","page","type-page","status-publish","hentry"],"_links":{"self":[{"href":"https:\/\/casamagina.fundacionindex.com\/index.php?rest_route=\/wp\/v2\/pages\/737","targetHints":{"allow":["GET"]}}],"collection":[{"href":"https:\/\/casamagina.fundacionindex.com\/index.php?rest_route=\/wp\/v2\/pages"}],"about":[{"href":"https:\/\/casamagina.fundacionindex.com\/index.php?rest_route=\/wp\/v2\/types\/page"}],"author":[{"embeddable":true,"href":"https:\/\/casamagina.fundacionindex.com\/index.php?rest_route=\/wp\/v2\/users\/5"}],"replies":[{"embeddable":true,"href":"https:\/\/casamagina.fundacionindex.com\/index.php?rest_route=%2Fwp%2Fv2%2Fcomments&post=737"}],"version-history":[{"count":17,"href":"https:\/\/casamagina.fundacionindex.com\/index.php?rest_route=\/wp\/v2\/pages\/737\/revisions"}],"predecessor-version":[{"id":963,"href":"https:\/\/casamagina.fundacionindex.com\/index.php?rest_route=\/wp\/v2\/pages\/737\/revisions\/963"}],"wp:attachment":[{"href":"https:\/\/casamagina.fundacionindex.com\/index.php?rest_route=%2Fwp%2Fv2%2Fmedia&parent=737"}],"curies":[{"name":"wp","href":"https:\/\/api.w.org\/{rel}","templated":true}]}}