{"id":785,"date":"2023-07-16T11:05:17","date_gmt":"2023-07-16T09:05:17","guid":{"rendered":"http:\/\/www.fundacionindex.com\/casamagina\/?page_id=785"},"modified":"2023-08-16T13:52:25","modified_gmt":"2023-08-16T11:52:25","slug":"in-dei-nomine-amen","status":"publish","type":"page","link":"https:\/\/casamagina.fundacionindex.com\/?page_id=785","title":{"rendered":"In Dei nomine amen"},"content":{"rendered":"\n<figure class=\"wp-block-image size-large\"><img fetchpriority=\"high\" decoding=\"async\" width=\"1024\" height=\"633\" src=\"http:\/\/casamagina.fundacionindex.com\/wp-content\/uploads\/2023\/07\/escorial3-1024x633.png\" alt=\"\" class=\"wp-image-786\" srcset=\"https:\/\/casamagina.fundacionindex.com\/wp-content\/uploads\/2023\/07\/escorial3-1024x633.png 1024w, https:\/\/casamagina.fundacionindex.com\/wp-content\/uploads\/2023\/07\/escorial3-300x185.png 300w, https:\/\/casamagina.fundacionindex.com\/wp-content\/uploads\/2023\/07\/escorial3-768x475.png 768w, https:\/\/casamagina.fundacionindex.com\/wp-content\/uploads\/2023\/07\/escorial3.png 1037w\" sizes=\"(max-width: 1024px) 100vw, 1024px\" \/><\/figure>\n\n\n\n<p><\/p>\n\n\n\n<p class=\"has-medium-brown-color has-text-color has-medium-font-size\">As\u00ed, tan devotamente, comienza el testamento de Menc\u00eda de Salcedo, la dama renacentista tras cuyos pasos he recorrido algunos archivos en los \u00faltimos d\u00edas. Pero en el documento de postreras voluntades dejaba trazado un proyecto m\u00e1s material que espiritual: la creaci\u00f3n de un se\u00f1or\u00edo en tierras que fueron del viejo Reino de Granada. Esto ocurr\u00eda en el siglo XVI y podr\u00edamos pensar que fue un intento m\u00e1s de repoblaci\u00f3n, si no fuera porque quien lo promov\u00eda era una mujer muy singular. Y como lo prometido es deuda, compartir\u00e9 algunas de sus noticias.<\/p>\n\n\n\n<p>Pero antes dejadme que os cuente que me encontr\u00e9 por primera vez con ella cuando a finales de los a\u00f1os 70 tuve mi primer destino como enfermero en un peque\u00f1o pueblo de la provincia de Ja\u00e9n llamado Noalejo. Al llegar al pueblo, no recuerdo bien, pero alguien me llev\u00f3 a la fuente del Pilarillo para se\u00f1alar el lugar donde cierta dama, hac\u00eda siglos, cur\u00f3 con sus aguas unos retorcijones que le aquejaron cuando acompa\u00f1aba a su se\u00f1ora la emperatriz Isabel de Portugal camino de Granada. \u201cDe aqu\u00ed no me alejo\u201d dicen que exclam\u00f3, y al hacerlo le puso nombre al lugar.<\/p>\n\n\n\n<p>Su existencia legendaria cobr\u00f3 carta de naturaleza hist\u00f3rica a trav\u00e9s de una prospecci\u00f3n de archivos que dur\u00f3 a\u00f1os. Y as\u00ed pude saber que Menc\u00eda de Salcedo existi\u00f3 de verdad, que era m\u00e1s que una leyenda, porque fue camarera de la esposa de Carlos I con cargo de lavandera, y que a su muerte continu\u00f3 en la casa de Felipe II. Pero en el entretanto tuvo la audacia de aprovechar su posici\u00f3n en la corte para hacerse con una luenga franja de tierra fronteriza llamada los Entredichos, que desde hac\u00eda a\u00f1os se disputaban los concejos de Ja\u00e9n y Granada. Y all\u00ed, en el lugar de su curaci\u00f3n, decidi\u00f3 erigir una parroquia que por m\u00e1s independencia situ\u00f3 bajo la jurisdicci\u00f3n de la abad\u00eda de Alcal\u00e1 la Real.<\/p>\n\n\n\n<p>No se conform\u00f3 con fundar un pueblo para los labradores de sus tierras, sino que quiso proyectarlo hacia el exterior como foco de peregrinaci\u00f3n, para lo cual erigi\u00f3 un convento de frailes M\u00ednimos con la idea de albergar su imponente colecci\u00f3n de reliquias que hab\u00eda atesorado durante su estancia en la corte. Al tiempo de su testamento permanec\u00eda soltera, por lo que hubo de constituir el mayorazgo en la persona de su m\u00e1s \u00edntimo amigo y compa\u00f1ero en la corte, el acemilero mayor Diego Maldonado, iniciador de una saga que con el tiempo se vincular\u00eda a la nobleza, durando el se\u00f1or\u00edo hasta su extinci\u00f3n a comienzos del siglo XIX.<\/p>\n\n\n\n<p>De Menc\u00eda de Salcedo subsisten a\u00fan no pocas inc\u00f3gnitas que intentamos despejar en nuevas prospecciones como la de la pasada semana. Una de ellas era la de su origen familiar, pues su rastro se perd\u00eda en las n\u00f3minas de la casa real, por lo que llegu\u00e9 a pensar que debi\u00f3 haber venido a Espa\u00f1a con el s\u00e9quito de Isabel de Portugal, pero no era as\u00ed. El Archivo de la Nobleza de Toledo conserva las claves de su ascendencia castellana. Sus padres eran tambi\u00e9n criados de la casa de los Reyes Cat\u00f3licos, de manera que el desempe\u00f1o de lavandera lo hered\u00f3 de su propia madre. El oficio de lavandera era mucho m\u00e1s importante de lo que pudiera parecer, dado el lujo de las prendas puestas a su cuidado.<\/p>\n\n\n\n<p>Lo \u00faltimo que hemos conocido de ella es que pertenec\u00eda a una familia enraizada en una de las sagas m\u00e1s antiguas del Pa\u00eds Vasco. De hecho, ya en su madurez reclamar\u00e1 los derechos de propiedad sobre las tierras que su familia pose\u00eda en el valle de los Salcedo, y m\u00e1s concretamente en el concejo de Zalla. Este pueblo, situado en la antigua comarca de las Encartaciones de Vizcaya, es especialmente conocido por su mitolog\u00eda, adornada de seres sobrenaturales y hechiceras, entre las que destac\u00f3 la adivina y curandera Luc\u00eda de Aretxaga, que termin\u00f3 quemada por la Inquisici\u00f3n.<\/p>\n\n\n\n<p>La ascendencia vasca de Menc\u00eda de Salcedo nos ayuda a comprender esa vetusta personalidad que deja entrever en sus ansias por establecer una casa solariega superando el limitante de la carencia de descendientes directos. Tambi\u00e9n la obstinaci\u00f3n y la audacia con la que afront\u00f3 su empresa, en un itinerario interminable de pleitos y litigios contra todos los poderes temporales y espirituales que intentaron infructuosamente oponerse a sus planes. De nuestra dama renacentista queda mucho por conocer a\u00fan, y me alegra que cuatro d\u00e9cadas despu\u00e9s de darla a conocer se est\u00e9 despertando el inter\u00e9s de historiadores e intelectuales por su figura, pues representa un arquetipo de mujer que hoy nos mira desafiante invit\u00e1ndonos a reivindicar el lugar que en justicia le corresponde en la historia. <em>Manuel Amezcua<\/em><\/p>\n\n\n\n<p>Continuar\u00e9 indagando sobre Menc\u00eda de Salcedo, la dama solitaria sobre la que ya escrib\u00ed en:<\/p>\n\n\n\n<p>-Una cortesana renacentista en el Santo Reino. Diario Ja\u00e9n, 14.05.1989: 27-29.<\/p>\n\n\n\n<p>-El Mayorazgo de Noalejo. Historia y etnograf\u00eda de la comunidad rural. Ayuntamiento de Noalejo (Ja\u00e9n). 1992. <a href=\"http:\/\/ciberindex.com\/index.php\/proT\/article\/view\/pt20092\">http:\/\/ciberindex.com\/index.php\/proT\/article\/view\/pt20092<\/a>.<\/p>\n\n\n\n<p class=\"has-small-font-size\">&#8230;&#8230;&#8230;&#8230;&#8230;&#8230;&#8230;&#8230;&#8230;&#8230;.<br>Si te gustan mis relatos breves puedes encontrar algunos m\u00e1s en la secci\u00f3n #<a href=\"http:\/\/casamagina.fundacionindex.com\/?page_id=476\">TierraVac\u00eda<\/a> de la #CasaDeM\u00e1gina. Tambi\u00e9n puedes dejarme un comentario con lo que m\u00e1s te haya gustado, te quedar\u00e9 agradecido.<\/p>\n","protected":false},"excerpt":{"rendered":"<p>As\u00ed, tan devotamente, comienza el testamento de Menc\u00eda de Salcedo, la dama renacentista tras cuyos pasos he recorrido algunos archivos en los \u00faltimos d\u00edas. Pero en el documento de postreras voluntades dejaba trazado un proyecto m\u00e1s material que espiritual: la creaci\u00f3n de un se\u00f1or\u00edo en tierras que fueron del viejo Reino de Granada. Esto ocurr\u00eda &hellip; <a href=\"https:\/\/casamagina.fundacionindex.com\/?page_id=785\" class=\"more-link\">Seguir leyendo <span class=\"screen-reader-text\">In Dei nomine amen<\/span> <span class=\"meta-nav\">&rarr;<\/span><\/a><\/p>\n","protected":false},"author":3,"featured_media":0,"parent":0,"menu_order":0,"comment_status":"open","ping_status":"closed","template":"","meta":{"footnotes":""},"class_list":["post-785","page","type-page","status-publish","hentry"],"_links":{"self":[{"href":"https:\/\/casamagina.fundacionindex.com\/index.php?rest_route=\/wp\/v2\/pages\/785","targetHints":{"allow":["GET"]}}],"collection":[{"href":"https:\/\/casamagina.fundacionindex.com\/index.php?rest_route=\/wp\/v2\/pages"}],"about":[{"href":"https:\/\/casamagina.fundacionindex.com\/index.php?rest_route=\/wp\/v2\/types\/page"}],"author":[{"embeddable":true,"href":"https:\/\/casamagina.fundacionindex.com\/index.php?rest_route=\/wp\/v2\/users\/3"}],"replies":[{"embeddable":true,"href":"https:\/\/casamagina.fundacionindex.com\/index.php?rest_route=%2Fwp%2Fv2%2Fcomments&post=785"}],"version-history":[{"count":4,"href":"https:\/\/casamagina.fundacionindex.com\/index.php?rest_route=\/wp\/v2\/pages\/785\/revisions"}],"predecessor-version":[{"id":831,"href":"https:\/\/casamagina.fundacionindex.com\/index.php?rest_route=\/wp\/v2\/pages\/785\/revisions\/831"}],"wp:attachment":[{"href":"https:\/\/casamagina.fundacionindex.com\/index.php?rest_route=%2Fwp%2Fv2%2Fmedia&parent=785"}],"curies":[{"name":"wp","href":"https:\/\/api.w.org\/{rel}","templated":true}]}}