{"id":845,"date":"2023-08-17T14:32:30","date_gmt":"2023-08-17T12:32:30","guid":{"rendered":"http:\/\/www.fundacionindex.com\/casamagina\/?page_id=845"},"modified":"2025-03-21T12:18:45","modified_gmt":"2025-03-21T11:18:45","slug":"noalejo-regreso-a-los-entredichos","status":"publish","type":"page","link":"https:\/\/casamagina.fundacionindex.com\/?page_id=845","title":{"rendered":"Noalejo, regreso a los Entredichos"},"content":{"rendered":"\n<div class=\"wp-block-media-text alignwide is-stacked-on-mobile is-vertically-aligned-top\" style=\"grid-template-columns:28% auto\"><figure class=\"wp-block-media-text__media\"><img fetchpriority=\"high\" decoding=\"async\" width=\"226\" height=\"712\" src=\"http:\/\/casamagina.fundacionindex.com\/wp-content\/uploads\/2023\/08\/noalejo.png\" alt=\"\" class=\"wp-image-849 size-full\" srcset=\"https:\/\/casamagina.fundacionindex.com\/wp-content\/uploads\/2023\/08\/noalejo.png 226w, https:\/\/casamagina.fundacionindex.com\/wp-content\/uploads\/2023\/08\/noalejo-95x300.png 95w\" sizes=\"(max-width: 226px) 100vw, 226px\" \/><\/figure><div class=\"wp-block-media-text__content\">\n<p class=\"has-off-white-background-color has-background has-small-font-size\">Preg\u00f3n de las fiestas patronales de Noalejo (Ja\u00e9n), pronunciado el 17 de agosto de 1994 por  <a rel=\"noreferrer noopener\" href=\"http:\/\/www.fundacionindex.com\/gomeres\/?cat=79\" target=\"_blank\">Manuel Amezcua.<\/a><\/p>\n\n\n\n<p>Ilustr\u00edsimas autoridades, queridas amigas y amigos<\/p>\n\n\n\n<p>Hace ahora doscientos a\u00f1os que en este mismo estrado, cierto ilustrado juez venido de Granada para entender en las cuentas del cabildo, tuvo que soportar la rega\u00f1ina de todo el pueblo de Noalejo, incluidas mujeres y ni\u00f1os, que se levantaron contra \u00e9l porque tuvo la ingenua idea de prohibir el que es el rito profano m\u00e1s sagrado de sus fiestas: los encierros de toros. Pues el vapuleado ministro chancilleril, que tuvo que poner los pies en polvorosa, me recuerda los riesgos que ha de sufrir todo forastero que pretenda conocer m\u00e1s de la cuenta sobre corral ajeno, que puede ser el caso de este pregonero, si no ten\u00e9is la benevolencia de soportar los pocos minutos que me han pedido que os hable como anuncio de las fiestas.<\/p>\n<\/div><\/div>\n\n\n\n<p>No acierto a saber el extra\u00f1o desagravio que habr\u00e1n maquinado estos mun\u00edcipes, que a\u00f1os ha se dec\u00edan mis amigos, para subirme a esta balconada, con el solo amparo de este San Francisco de Paula embutido en los muros capitulares, que con su gesto paciente y su mirada et\u00e9rea parece incapaz de sorprenderse ya de las cosas de este mundo. Si pudiera hablarnos, cu\u00e1nto nos podr\u00eda contar de las ocurrencias que durante siglos ha oteado desde su privilegiada peana. <\/p>\n\n\n\n<p>Si el haber compartido con vosotros unos pocos inviernos es motivo suficiente para que merezca la pena escucharme, eso es algo que os honra a vosotros mucho m\u00e1s que a m\u00ed, pues pone de manifiesto la enorme generosidad con que sois capaces de acoger al forastero. Aunque, bien pensado, hay demasiadas cosas en mi coraz\u00f3n pertenecientes a este pueblo como para que tambi\u00e9n me sienta una parte de \u00e9l.<\/p>\n\n\n\n<p>Dicen los sabios que tras este ritual de la fiesta, la fiesta grande, la que es capaz de reunir a las familias que se desmembraron en los a\u00f1os de la emigraci\u00f3n, desempe\u00f1a funciones&nbsp; que transcienden al simple divertimento. Y es que parece que la fiesta obliga a los hijos de Noalejo a revalidar cada a\u00f1o su condici\u00f3n de ciudadanos, independientemente de que est\u00e9n en el pueblo o fuera de \u00e9l. Que uno no parece del pueblo si no acude a las fiestas a correr, o ver correr, una tarde de toros, a conocer a los que han llegado al mundo en la \u00faltima a\u00f1ada, o a renovar una s\u00faplica a la Virgen de Bel\u00e9n. Ahora veo, con esto de haberme requerido despu\u00e9s de tantos a\u00f1os, que vosotros no sois capaces de olvidar f\u00e1cilmente, que ten\u00e9is la paciencia del padre del hijo pr\u00f3digo que se fue para no volver. Supongo que con ello acab\u00e1is de atar mi voluntad para que en el futuro no deje pasar los a\u00f1os sin venir a las fiestas.<\/p>\n\n\n\n<p>Tengo que confesaros que aquel verano que llegu\u00e9 Noalejo, hace ahora casi una veintena de a\u00f1os, con la sana intenci\u00f3n de iniciar el ejercicio de mi flamante profesi\u00f3n, no sab\u00eda del pueblo m\u00e1s que lo que me indicaba el mapa de carreteras. El aspecto era bien diferente: todav\u00eda el empedrado superaba al asfalto y en las calles a\u00fan circulaban m\u00e1s cuadr\u00fapedos que coches. A la primera de cambio augur\u00e9 no permanecer en \u00e9l m\u00e1s de unos meses, y as\u00ed hubiera sido si no fuera porque bien pronto me hechizasteis de tal manera que durante m\u00e1s de un lustro me tuvisteis atrapado entre vuestros brazos.<\/p>\n\n\n\n<p>\u00bfQu\u00e9 hubiera sido de aquel imberbe practicante si <em>Pepe Pela\u00edlla<\/em> no le hubiera orientado como el mejor cicerone?, \u00bfsi otros jovenzuelos amigos de la talla de <em>Paco Mart\u00edn<\/em>, el carpintero, <em>Malap\u00faa<\/em>, <em>Moch\u00f3n <\/em>o el <em>Civilillo <\/em>no me hubieran adentrado en la marcha nocturna de Noalejo y de otros pueblos comarcanos?, \u00bfo no me hubieran aireado por Navalc\u00e1n y Navalconejo en busca de las preciadas setas de cardo, que tan bien sab\u00edan en los refrigerios de aquella min\u00fascula vivienda del callej\u00f3n de la sacrist\u00eda? Sobrevivir a los helaeros inviernos de este pueblo solo es posible cultivando las buenas amistades y algunas migas matanceras, sobre todo aquellas que aderezaba con mano diestra <em>Frasquito el de Gabino<\/em>.<\/p>\n\n\n\n<p>A m\u00ed me fue bien peg\u00e1ndome a la vieja botica de <em>don Luis<\/em>, de cuya memoria y la de su esposa <em>Pepita <\/em>no puedo evitar un sentido recuerdo en este d\u00eda de alegr\u00eda, pues fueron, m\u00e1s que amigos, unos padres para m\u00ed. En aquella rebotica siempre encontr\u00e9 un fresco <em>bisc\u00fater <\/em>y una interminable conversaci\u00f3n con el triunvirato que me introdujo en el verdadero sentir y vivir de Noalejo: <em>Don Luis<\/em>, <em>Antonio Santos<\/em> y <em>Gerardo<\/em>, que no se les ocurri\u00f3 otro rito de fuego que colgarme una escopeta al hombro y echarme al monte. Y yo que me cre\u00eda un hombre de paz. No ser\u00eda justo que olvidara las muchas horas de sabias ense\u00f1anzas que aprend\u00ed compartiendo barra en escolan\u00edas tan ilustradas como las de <em>Arc\u00e1ngel<\/em>, <em>Canana <\/em>o el <em>Campero<\/em>. No dir\u00e9 el nombre de mis maestros, por el riesgo a que me falle la memoria y me deje a alguien, pero alguno veo entre los que hab\u00e9is venido esta tarde a escucharme.<\/p>\n\n\n\n<figure class=\"wp-block-image size-large\"><img decoding=\"async\" width=\"895\" height=\"1024\" src=\"http:\/\/casamagina.fundacionindex.com\/wp-content\/uploads\/2023\/08\/noalejo-895x1024.jpg\" alt=\"\" class=\"wp-image-854\" srcset=\"https:\/\/casamagina.fundacionindex.com\/wp-content\/uploads\/2023\/08\/noalejo-895x1024.jpg 895w, https:\/\/casamagina.fundacionindex.com\/wp-content\/uploads\/2023\/08\/noalejo-262x300.jpg 262w, https:\/\/casamagina.fundacionindex.com\/wp-content\/uploads\/2023\/08\/noalejo-768x879.jpg 768w, https:\/\/casamagina.fundacionindex.com\/wp-content\/uploads\/2023\/08\/noalejo.jpg 1041w\" sizes=\"(max-width: 895px) 100vw, 895px\" \/><\/figure>\n\n\n\n<p>Quise alardear ejerciendo la mucha enfermer\u00eda para la que hab\u00eda sido preparado y termin\u00e9 aprendiendo de vosotros durante a\u00f1os en esa zona oscura que es el lado humano del dolor y la enfermedad y del que nada se nos dice en la Universidad. Ahora me pregunto qu\u00e9 hubiera sido de aquellos ni\u00f1os que les dio por venir al mundo en su casa de Noalejo si no hubiera contado con la inestimable experiencia de mi colaboradora en asuntos de partos: <em>Paca la Cachorra<\/em>. Mi trayectoria asistencial comenz\u00f3 y termin\u00f3 en Noalejo, pero cuando, desde otras esferas laborales, me veo obligado a tomar decisiones que tienen que ver con la salud de otros, los a\u00f1os de Noalejo se me ponen delante de los ojos como el mejor vadem\u00e9cum, como un libro abierto que me se\u00f1ala el camino cierto.<\/p>\n\n\n\n<p>Son muchas las grandezas de Noalejo, que todos conoc\u00e9is bien, como su privilegiado enclave, entre Ja\u00e9n y Granada, siendo balc\u00f3n hacia los dos reinos donde se pueden gozar los mejores paisajes.&nbsp; Su clima ambiguo: duro en invierno, pero que hace que el veraneo aqu\u00ed se disfrute como gloria bendita. Y una floreciente industria, la chacina, que aventura un futuro esperanzador hacia el desarrollo econ\u00f3mico del municipio, que tendr\u00e1 su broche de oro cuando se culmine esa importante v\u00eda que construyen a tiro de piedra. Pero Noalejo tiene algo m\u00e1s, algo misterioso que cautiva al visitante. Quiz\u00e1 lo mismo que cautiv\u00f3 a aquella dama renacentista que, por pararse a descansar un rato junto a las frescas aguas de los Entredichos, no ces\u00f3 hasta no hacer suyo el pueblo que tambi\u00e9n hoy debiera honrarle con su memoria. \u00abDe aqu\u00ed no me alejo\u00bb:  el lugar le quit\u00f3 el dolor de barriga y se qued\u00f3 con el nombre.<\/p>\n\n\n\n<p>Do\u00f1a Menc\u00eda de Salcedo pele\u00f3 con regidores y cl\u00e9rigos de una parte y otra de la frontera hasta hacer de Noalejo uno de los pueblos m\u00e1s independientes que se conocen, y eso es algo de lo que a\u00fan pueden alardear sus ciudadanos. Pero, adem\u00e1s, fue la promotora de una cultura popular que desde mi punto de vista es el mayor tesoro que alberga el pueblo, y a la vez un legado que entre todos deb\u00e9is cuidar de transmitir a vuestros descendientes de la misma forma que vosotros lo recibisteis de vuestros progenitores, porque ha de ser patrimonio de todas las generaciones. Un tesoro que se manifiesta en lo sagrado y en lo profano y que estos d\u00edas&nbsp; de fiesta se desbordar\u00e1 en un torrente devocional a su patrona, la Virgen de Bel\u00e9n, y en un regocijo que despertar\u00e1 el alma valiente de los m\u00e1s j\u00f3venes para enfrentarse a la bravura del toro. Y a los pocos d\u00edas, la feria de ganados, otro acontecimiento que en tiempos pret\u00e9ritos contribuy\u00f3 a mantener viva la grandeza econ\u00f3mica de Andaluc\u00eda.<\/p>\n\n\n\n<p>De ese tesoro de la cultura popular os puedo decir que sal\u00ed bien saciado en mis a\u00f1os de Noalejo, a base de interminables tertulias con personajes tan populares como <em>Jos\u00e9 Lerma<\/em>, la <em>Feliz de Segundillo<\/em>, la <em>Mariquita de Rompe<\/em>, <em>Visita la Quirona<\/em>, una lista que me resultar\u00eda interminable. Algunos de los cuales ya no est\u00e1n hoy entre nosotros, pero con su reconocimiento y respeto quisiera llegar a tantos otros que hicieron de mi estancia en Noalejo una experiencia inolvidable.<\/p>\n\n\n\n<p>Ahora, desde el fugaz privilegio que me otorga la condici\u00f3n de pregonero de estas fiestas, quiero pediros que calent\u00e9is los \u00e1nimos hasta hacer de ellas las mejores fiestas que se hayan conocido en Noalejo. Que atraig\u00e1is a todos vuestros familiares y amigos, y a toda la foraster\u00eda que acude a envidiar las formas con las que sab\u00e9is divertiros. Demostradles a ellos, como cada a\u00f1o, qui\u00e9nes son los m\u00e1s valientes frente a las astas de un toro enfurecido. Pero no olvid\u00e9is luego ense\u00f1ar a vuestros hijos ese tesoro que cada uno de vosotros llev\u00e1is dentro: vuestras costumbres ancestrales, vuestras creencias, vuestras devociones y vuestros divertimentos.<\/p>\n\n\n\n<p>Hijos e hijas de Noalejo, paisanos por los a\u00f1os que lo fui de verdad: os deseo unas fiestas repletas de ilusi\u00f3n, de alegr\u00eda sin l\u00edmite, de toros, de foraster\u00eda y, sobre todo, de sana y pac\u00edfica convivencia entre hombres y mujeres de buena voluntad.<\/p>\n\n\n\n<p>\u00a1Viva Noalejo y su patrona la Virgen de Bel\u00e9n!<br>\u00a1Felices fiestas!<\/p>\n\n\n\n<p><strong>_________________________<br><mark style=\"background-color:rgba(0, 0, 0, 0)\" class=\"has-inline-color has-light-orange-color\">C\u00f3mo citar este documento<\/mark><\/strong><br>Amezcua, Manuel. Noalejo, regreso a los Entredichos [Preg\u00f3n de las Fiestas de Noalejo, Ja\u00e9n, 1994]. Casa de M\u00e1gina, 17.08.2023. Disponible en&nbsp;<a href=\"http:\/\/casamagina.fundacionindex.com\/?page_id=845\">http:\/\/casamagina.fundacionindex.com\/?page_id=845<\/a>. <\/p>\n","protected":false},"excerpt":{"rendered":"<p>Preg\u00f3n de las fiestas patronales de Noalejo (Ja\u00e9n), pronunciado el 17 de agosto de 1994 por Manuel Amezcua. Ilustr\u00edsimas autoridades, queridas amigas y amigos Hace ahora doscientos a\u00f1os que en este mismo estrado, cierto ilustrado juez venido de Granada para entender en las cuentas del cabildo, tuvo que soportar la rega\u00f1ina de todo el pueblo &hellip; <a href=\"https:\/\/casamagina.fundacionindex.com\/?page_id=845\" class=\"more-link\">Seguir leyendo <span class=\"screen-reader-text\">Noalejo, regreso a los Entredichos<\/span> <span class=\"meta-nav\">&rarr;<\/span><\/a><\/p>\n","protected":false},"author":3,"featured_media":0,"parent":0,"menu_order":0,"comment_status":"open","ping_status":"closed","template":"","meta":{"footnotes":""},"class_list":["post-845","page","type-page","status-publish","hentry"],"_links":{"self":[{"href":"https:\/\/casamagina.fundacionindex.com\/index.php?rest_route=\/wp\/v2\/pages\/845","targetHints":{"allow":["GET"]}}],"collection":[{"href":"https:\/\/casamagina.fundacionindex.com\/index.php?rest_route=\/wp\/v2\/pages"}],"about":[{"href":"https:\/\/casamagina.fundacionindex.com\/index.php?rest_route=\/wp\/v2\/types\/page"}],"author":[{"embeddable":true,"href":"https:\/\/casamagina.fundacionindex.com\/index.php?rest_route=\/wp\/v2\/users\/3"}],"replies":[{"embeddable":true,"href":"https:\/\/casamagina.fundacionindex.com\/index.php?rest_route=%2Fwp%2Fv2%2Fcomments&post=845"}],"version-history":[{"count":12,"href":"https:\/\/casamagina.fundacionindex.com\/index.php?rest_route=\/wp\/v2\/pages\/845\/revisions"}],"predecessor-version":[{"id":1487,"href":"https:\/\/casamagina.fundacionindex.com\/index.php?rest_route=\/wp\/v2\/pages\/845\/revisions\/1487"}],"wp:attachment":[{"href":"https:\/\/casamagina.fundacionindex.com\/index.php?rest_route=%2Fwp%2Fv2%2Fmedia&parent=845"}],"curies":[{"name":"wp","href":"https:\/\/api.w.org\/{rel}","templated":true}]}}