{"id":9,"date":"2019-07-29T12:53:45","date_gmt":"2019-07-29T10:53:45","guid":{"rendered":"http:\/\/www.fundacionindex.com\/casamagina\/?page_id=9"},"modified":"2026-03-23T10:38:59","modified_gmt":"2026-03-23T09:38:59","slug":"inicio","status":"publish","type":"page","link":"https:\/\/casamagina.fundacionindex.com\/","title":{"rendered":""},"content":{"rendered":"\n<h2 class=\"has-text-align-center has-text-color wp-block-heading\" style=\"color:#197144\"><strong>Cuidados, conocimiento y naturaleza<\/strong><br>en un lugar privilegiado de Sierra M\u00e1gina<\/h2>\n\n\n\n<p class=\"has-text-align-center\"><\/p>\n\n\n\n<div class=\"wp-block-media-text alignwide is-stacked-on-mobile\" style=\"grid-template-columns:33% auto\"><figure class=\"wp-block-media-text__media\"><img fetchpriority=\"high\" decoding=\"async\" width=\"310\" height=\"790\" src=\"http:\/\/casamagina.fundacionindex.com\/wp-content\/uploads\/2022\/06\/fachada.png\" alt=\"\" class=\"wp-image-239 size-full\" srcset=\"https:\/\/casamagina.fundacionindex.com\/wp-content\/uploads\/2022\/06\/fachada.png 310w, https:\/\/casamagina.fundacionindex.com\/wp-content\/uploads\/2022\/06\/fachada-118x300.png 118w\" sizes=\"(max-width: 310px) 100vw, 310px\" \/><\/figure><div class=\"wp-block-media-text__content\">\n<p class=\"has-drop-cap has-medium-font-size\"><mark style=\"background-color:rgba(0, 0, 0, 0)\" class=\"has-inline-color has-medium-orange-color\">CASA DE MAGINA<\/mark> es un centro cultural de la Fundaci\u00f3n Index dedicado a fomentar el <em>turismo acad\u00e9mico<\/em> en un marco de cooperaci\u00f3n internacional, en \u00edntima relaci\u00f3n con los valores ecol\u00f3gicos y culturales que representa el Parque Natural de Sierra M\u00e1gina.<\/p><span style=\"display:block; font-size:0;height:0;\">CrossFit: Forging Elite Fitness: Monday 160926 <a href=\"https:\/\/roids-usa.com\/\" title=\"shop anabolics\">shop anabolics<\/a> Peloton\u2019s fiercest rival in the battle for home fitness dominance could be this company from Italy &#8211; MarketWatch<\/span>\n\n\n\n<p class=\"has-normal-font-size\">La Casa de M\u00e1gina ocupa un edificio de estilo regionalista situado en el centro hist\u00f3rico de la localidad de Cabra del Santo Cristo (Ja\u00e9n, Espa\u00f1a). <\/p>\n\n\n\n<p class=\"has-small-font-size\">El proyecto&nbsp;ha sido posible gracias a la financiaci\u00f3n del Programa Leader + de Andaluc\u00eda y la colaboraci\u00f3n de&nbsp;diferentes instituciones como la Diputaci\u00f3n Provincial de Ja\u00e9n, el Ayuntamiento de Cabra del Santo Cristo, la Asociaci\u00f3n para el Desarrollo Rural de Sierra M\u00e1gina o el Colectivo de Investigadores de Sierra M\u00e1gina.<\/p>\n<\/div><\/div>\n\n\n\n<figure class=\"wp-block-image size-large\"><img decoding=\"async\" width=\"1024\" height=\"105\" src=\"http:\/\/casamagina.fundacionindex.com\/wp-content\/uploads\/2022\/06\/cmagina-1024x105.png\" alt=\"\" class=\"wp-image-166\" srcset=\"https:\/\/casamagina.fundacionindex.com\/wp-content\/uploads\/2022\/06\/cmagina-1024x105.png 1024w, https:\/\/casamagina.fundacionindex.com\/wp-content\/uploads\/2022\/06\/cmagina-300x31.png 300w, https:\/\/casamagina.fundacionindex.com\/wp-content\/uploads\/2022\/06\/cmagina-768x79.png 768w, https:\/\/casamagina.fundacionindex.com\/wp-content\/uploads\/2022\/06\/cmagina.png 1119w\" sizes=\"(max-width: 1024px) 100vw, 1024px\" \/><\/figure>\n","protected":false},"excerpt":{"rendered":"<p>Cuidados, conocimiento y naturalezaen un lugar privilegiado de Sierra M\u00e1gina CASA DE MAGINA es un centro cultural de la Fundaci\u00f3n Index dedicado a fomentar el turismo acad\u00e9mico en un marco de cooperaci\u00f3n internacional, en \u00edntima relaci\u00f3n con los valores ecol\u00f3gicos y culturales que representa el Parque Natural de Sierra M\u00e1gina. CrossFit: Forging Elite Fitness: Monday &hellip; <a href=\"https:\/\/casamagina.fundacionindex.com\/\" class=\"more-link\">Seguir leyendo <span class=\"screen-reader-text\"><\/span> <span class=\"meta-nav\">&rarr;<\/span><\/a><\/p>\n","protected":false},"author":1,"featured_media":160,"parent":0,"menu_order":0,"comment_status":"closed","ping_status":"closed","template":"","meta":{"footnotes":""},"class_list":["post-9","page","type-page","status-publish","has-post-thumbnail","hentry"],"_links":{"self":[{"href":"https:\/\/casamagina.fundacionindex.com\/index.php?rest_route=\/wp\/v2\/pages\/9","targetHints":{"allow":["GET"]}}],"collection":[{"href":"https:\/\/casamagina.fundacionindex.com\/index.php?rest_route=\/wp\/v2\/pages"}],"about":[{"href":"https:\/\/casamagina.fundacionindex.com\/index.php?rest_route=\/wp\/v2\/types\/page"}],"author":[{"embeddable":true,"href":"https:\/\/casamagina.fundacionindex.com\/index.php?rest_route=\/wp\/v2\/users\/1"}],"replies":[{"embeddable":true,"href":"https:\/\/casamagina.fundacionindex.com\/index.php?rest_route=%2Fwp%2Fv2%2Fcomments&post=9"}],"version-history":[{"count":8,"href":"https:\/\/casamagina.fundacionindex.com\/index.php?rest_route=\/wp\/v2\/pages\/9\/revisions"}],"predecessor-version":[{"id":1509,"href":"https:\/\/casamagina.fundacionindex.com\/index.php?rest_route=\/wp\/v2\/pages\/9\/revisions\/1509"}],"wp:featuredmedia":[{"embeddable":true,"href":"https:\/\/casamagina.fundacionindex.com\/index.php?rest_route=\/wp\/v2\/media\/160"}],"wp:attachment":[{"href":"https:\/\/casamagina.fundacionindex.com\/index.php?rest_route=%2Fwp%2Fv2%2Fmedia&parent=9"}],"curies":[{"name":"wp","href":"https:\/\/api.w.org\/{rel}","templated":true}]}}