{"id":908,"date":"2023-10-12T18:33:49","date_gmt":"2023-10-12T16:33:49","guid":{"rendered":"https:\/\/www.fundacionindex.com\/casamagina\/?page_id=908"},"modified":"2023-10-12T20:17:19","modified_gmt":"2023-10-12T18:17:19","slug":"elementor-908","status":"publish","type":"page","link":"https:\/\/casamagina.fundacionindex.com\/?page_id=908","title":{"rendered":"M\u00aa Teresa P\u00e9rez Garc\u00eda"},"content":{"rendered":"\t\t<div data-elementor-type=\"wp-page\" data-elementor-id=\"908\" class=\"elementor elementor-908\">\n\t\t\t\t\t\t<section class=\"elementor-section elementor-top-section elementor-element elementor-element-a04bc53 elementor-section-boxed elementor-section-height-default elementor-section-height-default\" data-id=\"a04bc53\" data-element_type=\"section\" data-e-type=\"section\">\n\t\t\t\t\t\t<div class=\"elementor-container elementor-column-gap-default\">\n\t\t\t\t\t<div class=\"elementor-column elementor-col-33 elementor-top-column elementor-element elementor-element-a042f13\" data-id=\"a042f13\" data-element_type=\"column\" data-e-type=\"column\">\n\t\t\t<div class=\"elementor-widget-wrap\">\n\t\t\t\t\t\t\t<\/div>\n\t\t<\/div>\n\t\t\t\t<div class=\"elementor-column elementor-col-66 elementor-top-column elementor-element elementor-element-7b50615\" data-id=\"7b50615\" data-element_type=\"column\" data-e-type=\"column\">\n\t\t\t<div class=\"elementor-widget-wrap elementor-element-populated\">\n\t\t\t\t\t\t<div class=\"elementor-element elementor-element-570f2cd elementor-widget elementor-widget-text-editor\" data-id=\"570f2cd\" data-element_type=\"widget\" data-e-type=\"widget\" data-widget_type=\"text-editor.default\">\n\t\t\t\t<div class=\"elementor-widget-container\">\n\t\t\t\t\t\t\t\t\t<p><em>Antes los m\u00e9dicos eran las madres. Le tengo m\u00e1s fe a los remedios que a cualquier medicamento.<\/em><\/p>\t\t\t\t\t\t\t\t<\/div>\n\t\t\t\t<\/div>\n\t\t\t\t\t<\/div>\n\t\t<\/div>\n\t\t\t\t\t<\/div>\n\t\t<\/section>\n\t\t\t\t<section class=\"elementor-section elementor-top-section elementor-element elementor-element-6a7fd5f elementor-section-boxed elementor-section-height-default elementor-section-height-default\" data-id=\"6a7fd5f\" data-element_type=\"section\" data-e-type=\"section\">\n\t\t\t\t\t\t<div class=\"elementor-container elementor-column-gap-default\">\n\t\t\t\t\t<div class=\"elementor-column elementor-col-50 elementor-top-column elementor-element elementor-element-6e8861e\" data-id=\"6e8861e\" data-element_type=\"column\" data-e-type=\"column\">\n\t\t\t<div class=\"elementor-widget-wrap elementor-element-populated\">\n\t\t\t\t\t\t<div class=\"elementor-element elementor-element-db0fab8 elementor-widget elementor-widget-image\" data-id=\"db0fab8\" data-element_type=\"widget\" data-e-type=\"widget\" data-widget_type=\"image.default\">\n\t\t\t\t<div class=\"elementor-widget-container\">\n\t\t\t\t\t\t\t\t\t\t\t\t\t\t\t<img fetchpriority=\"high\" decoding=\"async\" width=\"604\" height=\"990\" src=\"https:\/\/casamagina.fundacionindex.com\/wp-content\/uploads\/2023\/10\/Teresa1-625x1024.jpeg\" class=\"attachment-large size-large wp-image-920\" alt=\"\" srcset=\"https:\/\/casamagina.fundacionindex.com\/wp-content\/uploads\/2023\/10\/Teresa1-625x1024.jpeg 625w, https:\/\/casamagina.fundacionindex.com\/wp-content\/uploads\/2023\/10\/Teresa1-183x300.jpeg 183w, https:\/\/casamagina.fundacionindex.com\/wp-content\/uploads\/2023\/10\/Teresa1-768x1258.jpeg 768w, https:\/\/casamagina.fundacionindex.com\/wp-content\/uploads\/2023\/10\/Teresa1.jpeg 921w\" sizes=\"(max-width: 604px) 100vw, 604px\" \/>\t\t\t\t\t\t\t\t\t\t\t\t\t\t\t<\/div>\n\t\t\t\t<\/div>\n\t\t\t\t\t<\/div>\n\t\t<\/div>\n\t\t\t\t<div class=\"elementor-column elementor-col-50 elementor-top-column elementor-element elementor-element-38e695e\" data-id=\"38e695e\" data-element_type=\"column\" data-e-type=\"column\">\n\t\t\t<div class=\"elementor-widget-wrap elementor-element-populated\">\n\t\t\t\t\t\t<div class=\"elementor-element elementor-element-ec496ae elementor-widget elementor-widget-text-editor\" data-id=\"ec496ae\" data-element_type=\"widget\" data-e-type=\"widget\" data-widget_type=\"text-editor.default\">\n\t\t\t\t<div class=\"elementor-widget-container\">\n\t\t\t\t\t\t\t\t\t<p>M.\u00aa Teresa P\u00e9rez Garc\u00eda, de 87 a\u00f1os, casada, nacida en Cabra del Santo Cristo (Ja\u00e9n), es ama de casa y madre de cuatro hijos. Su experiencia de vida est\u00e1 marcada por la prematura muerte de un hijo. Teresa, se refugi\u00f3 en el cuidado de su familia, en aquellas pr\u00e1cticas que su madre le ense\u00f1\u00f3.\u00a0 Hoy habita en ella el recuerdo de aquellos d\u00edas en el cortijo y de los compartidos con sus hijos y su marido.<\/p>\t\t\t\t\t\t\t\t<\/div>\n\t\t\t\t<\/div>\n\t\t\t\t\t<\/div>\n\t\t<\/div>\n\t\t\t\t\t<\/div>\n\t\t<\/section>\n\t\t\t\t<section class=\"elementor-section elementor-top-section elementor-element elementor-element-bd2920e elementor-section-boxed elementor-section-height-default elementor-section-height-default\" data-id=\"bd2920e\" data-element_type=\"section\" data-e-type=\"section\">\n\t\t\t\t\t\t<div class=\"elementor-container elementor-column-gap-default\">\n\t\t\t\t\t<div class=\"elementor-column elementor-col-100 elementor-top-column elementor-element elementor-element-1932f7a\" data-id=\"1932f7a\" data-element_type=\"column\" data-e-type=\"column\">\n\t\t\t<div class=\"elementor-widget-wrap elementor-element-populated\">\n\t\t\t\t\t\t<div class=\"elementor-element elementor-element-710e256 elementor-widget elementor-widget-text-editor\" data-id=\"710e256\" data-element_type=\"widget\" data-e-type=\"widget\" data-widget_type=\"text-editor.default\">\n\t\t\t\t<div class=\"elementor-widget-container\">\n\t\t\t\t\t\t\t\t\t<p>La entrevista se realiz\u00f3 en junio de 2023. El marido de Teresa, Francisco, dispuesto para su paseo matutino, abri\u00f3 la puerta de casa. \u00a0Ella ya estaba acomodada en la salita. La voz y las palabras de Teresa transportaban a otros tiempos, a los de su infancia y a aquellos d\u00edas m\u00e1s grises que logr\u00f3 superar de la mano de su familia.<br \/><span style=\"color: var( --e-global-color-text ); font-family: var( --e-global-typography-text-font-family ), Sans-serif; font-weight: var( --e-global-typography-text-font-weight );\">En la narrativa, se puede apreciar el acopio de remedios naturales que Teresa aprendi\u00f3 de su madre y de otras mujeres. Todos ellos hicieron posible el cuidado de su familia. Tambi\u00e9n el sentido cr\u00edtico con el que se refiere a la sociedad del presente y a los valores que hoy gu\u00edan a las nuevas generaciones.<\/span><\/p>\t\t\t\t\t\t\t\t<\/div>\n\t\t\t\t<\/div>\n\t\t\t\t\t<\/div>\n\t\t<\/div>\n\t\t\t\t\t<\/div>\n\t\t<\/section>\n\t\t\t\t<section class=\"elementor-section elementor-top-section elementor-element elementor-element-d523503 elementor-section-boxed elementor-section-height-default elementor-section-height-default\" data-id=\"d523503\" data-element_type=\"section\" data-e-type=\"section\">\n\t\t\t\t\t\t<div class=\"elementor-container elementor-column-gap-default\">\n\t\t\t\t\t<div class=\"elementor-column elementor-col-33 elementor-top-column elementor-element elementor-element-2515f09\" data-id=\"2515f09\" data-element_type=\"column\" data-e-type=\"column\">\n\t\t\t<div class=\"elementor-widget-wrap elementor-element-populated\">\n\t\t\t\t\t\t<div class=\"elementor-element elementor-element-06d0960 elementor-widget elementor-widget-image\" data-id=\"06d0960\" data-element_type=\"widget\" data-e-type=\"widget\" data-widget_type=\"image.default\">\n\t\t\t\t<div class=\"elementor-widget-container\">\n\t\t\t\t\t\t\t\t\t\t\t\t<figure class=\"wp-caption\">\n\t\t\t\t\t\t\t\t\t\t\t<a href=\"https:\/\/www.fundacionindex.com\/casamagina\/?p=914\">\n\t\t\t\t\t\t\t<img decoding=\"async\" width=\"471\" height=\"710\" src=\"https:\/\/casamagina.fundacionindex.com\/wp-content\/uploads\/2023\/10\/Teresa.png\" class=\"attachment-large size-large wp-image-915\" alt=\"\" srcset=\"https:\/\/casamagina.fundacionindex.com\/wp-content\/uploads\/2023\/10\/Teresa.png 471w, https:\/\/casamagina.fundacionindex.com\/wp-content\/uploads\/2023\/10\/Teresa-199x300.png 199w\" sizes=\"(max-width: 471px) 100vw, 471px\" \/>\t\t\t\t\t\t\t\t<\/a>\n\t\t\t\t\t\t\t\t\t\t\t<figcaption class=\"widget-image-caption wp-caption-text\">Mi historia<\/figcaption>\n\t\t\t\t\t\t\t\t\t\t<\/figure>\n\t\t\t\t\t\t\t\t\t<\/div>\n\t\t\t\t<\/div>\n\t\t\t\t\t<\/div>\n\t\t<\/div>\n\t\t\t\t<div class=\"elementor-column elementor-col-33 elementor-top-column elementor-element elementor-element-e49bb99\" data-id=\"e49bb99\" data-element_type=\"column\" data-e-type=\"column\">\n\t\t\t<div class=\"elementor-widget-wrap\">\n\t\t\t\t\t\t\t<\/div>\n\t\t<\/div>\n\t\t\t\t<div class=\"elementor-column elementor-col-33 elementor-top-column elementor-element elementor-element-4bf545f\" data-id=\"4bf545f\" data-element_type=\"column\" data-e-type=\"column\">\n\t\t\t<div class=\"elementor-widget-wrap\">\n\t\t\t\t\t\t\t<\/div>\n\t\t<\/div>\n\t\t\t\t\t<\/div>\n\t\t<\/section>\n\t\t\t\t<\/div>\n\t\t","protected":false},"excerpt":{"rendered":"<p>Antes los m\u00e9dicos eran las madres. Le tengo m\u00e1s fe a los remedios que a cualquier medicamento. M.\u00aa Teresa P\u00e9rez Garc\u00eda, de 87 a\u00f1os, casada, nacida en Cabra del Santo Cristo (Ja\u00e9n), es ama de casa y madre de cuatro hijos. Su experiencia de vida est\u00e1 marcada por la prematura muerte de un hijo. Teresa, &hellip; <a href=\"https:\/\/casamagina.fundacionindex.com\/?page_id=908\" class=\"more-link\">Seguir leyendo <span class=\"screen-reader-text\">M\u00aa Teresa P\u00e9rez Garc\u00eda<\/span> <span class=\"meta-nav\">&rarr;<\/span><\/a><\/p>\n","protected":false},"author":5,"featured_media":0,"parent":0,"menu_order":0,"comment_status":"closed","ping_status":"closed","template":"","meta":{"footnotes":""},"class_list":["post-908","page","type-page","status-publish","hentry"],"_links":{"self":[{"href":"https:\/\/casamagina.fundacionindex.com\/index.php?rest_route=\/wp\/v2\/pages\/908","targetHints":{"allow":["GET"]}}],"collection":[{"href":"https:\/\/casamagina.fundacionindex.com\/index.php?rest_route=\/wp\/v2\/pages"}],"about":[{"href":"https:\/\/casamagina.fundacionindex.com\/index.php?rest_route=\/wp\/v2\/types\/page"}],"author":[{"embeddable":true,"href":"https:\/\/casamagina.fundacionindex.com\/index.php?rest_route=\/wp\/v2\/users\/5"}],"replies":[{"embeddable":true,"href":"https:\/\/casamagina.fundacionindex.com\/index.php?rest_route=%2Fwp%2Fv2%2Fcomments&post=908"}],"version-history":[{"count":8,"href":"https:\/\/casamagina.fundacionindex.com\/index.php?rest_route=\/wp\/v2\/pages\/908\/revisions"}],"predecessor-version":[{"id":926,"href":"https:\/\/casamagina.fundacionindex.com\/index.php?rest_route=\/wp\/v2\/pages\/908\/revisions\/926"}],"wp:attachment":[{"href":"https:\/\/casamagina.fundacionindex.com\/index.php?rest_route=%2Fwp%2Fv2%2Fmedia&parent=908"}],"curies":[{"name":"wp","href":"https:\/\/api.w.org\/{rel}","templated":true}]}}