{"id":961,"date":"2024-02-19T20:17:15","date_gmt":"2024-02-19T19:17:15","guid":{"rendered":"https:\/\/www.fundacionindex.com\/casamagina\/?page_id=961"},"modified":"2024-02-26T20:49:16","modified_gmt":"2024-02-26T19:49:16","slug":"ma-josefa-perez-perez","status":"publish","type":"page","link":"https:\/\/casamagina.fundacionindex.com\/?page_id=961","title":{"rendered":"M.\u00aa Josefa P\u00e9rez P\u00e9rez"},"content":{"rendered":"\t\t<div data-elementor-type=\"wp-page\" data-elementor-id=\"961\" class=\"elementor elementor-961\">\n\t\t\t\t\t\t<section class=\"elementor-section elementor-top-section elementor-element elementor-element-738f220 elementor-section-boxed elementor-section-height-default elementor-section-height-default\" data-id=\"738f220\" data-element_type=\"section\" data-e-type=\"section\">\n\t\t\t\t\t\t<div class=\"elementor-container elementor-column-gap-default\">\n\t\t\t\t\t<div class=\"elementor-column elementor-col-33 elementor-top-column elementor-element elementor-element-f90381d\" data-id=\"f90381d\" data-element_type=\"column\" data-e-type=\"column\">\n\t\t\t<div class=\"elementor-widget-wrap\">\n\t\t\t\t\t\t\t<\/div>\n\t\t<\/div>\n\t\t\t\t<div class=\"elementor-column elementor-col-66 elementor-top-column elementor-element elementor-element-9055718\" data-id=\"9055718\" data-element_type=\"column\" data-e-type=\"column\">\n\t\t\t<div class=\"elementor-widget-wrap elementor-element-populated\">\n\t\t\t\t\t\t<div class=\"elementor-element elementor-element-2adacdd elementor-widget elementor-widget-text-editor\" data-id=\"2adacdd\" data-element_type=\"widget\" data-e-type=\"widget\" data-widget_type=\"text-editor.default\">\n\t\t\t\t<div class=\"elementor-widget-container\">\n\t\t\t\t\t\t\t\t\t<p><em>Recuerdo la valent\u00eda de mi madre, a pesar de lo malo de aquellos tiempos, siempre sab\u00eda como sacarnos adelante.<\/em><\/p>\t\t\t\t\t\t\t\t<\/div>\n\t\t\t\t<\/div>\n\t\t\t\t\t<\/div>\n\t\t<\/div>\n\t\t\t\t\t<\/div>\n\t\t<\/section>\n\t\t\t\t<section class=\"elementor-section elementor-top-section elementor-element elementor-element-c21b542 elementor-section-boxed elementor-section-height-default elementor-section-height-default\" data-id=\"c21b542\" data-element_type=\"section\" data-e-type=\"section\">\n\t\t\t\t\t\t<div class=\"elementor-container elementor-column-gap-default\">\n\t\t\t\t\t<div class=\"elementor-column elementor-col-50 elementor-top-column elementor-element elementor-element-fc700db\" data-id=\"fc700db\" data-element_type=\"column\" data-e-type=\"column\">\n\t\t\t<div class=\"elementor-widget-wrap elementor-element-populated\">\n\t\t\t\t\t\t<div class=\"elementor-element elementor-element-72895cc elementor-widget elementor-widget-image\" data-id=\"72895cc\" data-element_type=\"widget\" data-e-type=\"widget\" data-widget_type=\"image.default\">\n\t\t\t\t<div class=\"elementor-widget-container\">\n\t\t\t\t\t\t\t\t\t\t\t\t\t\t\t<img fetchpriority=\"high\" decoding=\"async\" width=\"532\" height=\"1024\" src=\"https:\/\/casamagina.fundacionindex.com\/wp-content\/uploads\/2024\/02\/Josefa-def-532x1024.jpeg\" class=\"attachment-large size-large wp-image-964\" alt=\"\" srcset=\"https:\/\/casamagina.fundacionindex.com\/wp-content\/uploads\/2024\/02\/Josefa-def-532x1024.jpeg 532w, https:\/\/casamagina.fundacionindex.com\/wp-content\/uploads\/2024\/02\/Josefa-def-156x300.jpeg 156w, https:\/\/casamagina.fundacionindex.com\/wp-content\/uploads\/2024\/02\/Josefa-def-768x1478.jpeg 768w, https:\/\/casamagina.fundacionindex.com\/wp-content\/uploads\/2024\/02\/Josefa-def-798x1536.jpeg 798w, https:\/\/casamagina.fundacionindex.com\/wp-content\/uploads\/2024\/02\/Josefa-def.jpeg 921w\" sizes=\"(max-width: 532px) 100vw, 532px\" \/>\t\t\t\t\t\t\t\t\t\t\t\t\t\t\t<\/div>\n\t\t\t\t<\/div>\n\t\t\t\t\t<\/div>\n\t\t<\/div>\n\t\t\t\t<div class=\"elementor-column elementor-col-50 elementor-top-column elementor-element elementor-element-30c6ead\" data-id=\"30c6ead\" data-element_type=\"column\" data-e-type=\"column\">\n\t\t\t<div class=\"elementor-widget-wrap elementor-element-populated\">\n\t\t\t\t\t\t<div class=\"elementor-element elementor-element-30cb8e5 elementor-widget elementor-widget-text-editor\" data-id=\"30cb8e5\" data-element_type=\"widget\" data-e-type=\"widget\" data-widget_type=\"text-editor.default\">\n\t\t\t\t<div class=\"elementor-widget-container\">\n\t\t\t\t\t\t\t\t\t<p>Josefa, una mujer casada con Ram\u00f3n y madre de dos hijas y un hijo, vio la luz en un cortijo cercano a Cabra del Santo Cristo. Su vida est\u00e1 \u00edntimamente ligada al trabajo de la tierra, donde ha experimentado las dificultades y los desaf\u00edos de vivir en el campo. Sin embargo, tambi\u00e9n ha adquirido una sabidur\u00eda invaluable a trav\u00e9s de esas experiencias.\u00a0<br \/>Hoy, Josefa comparte el sof\u00e1 con su esposo, deleit\u00e1ndose en rememorar los viejos tiempos. Reviven juntos c\u00f3mo lograron criar a sus hijos y perseverar en sus caminos a pesar de la adversidad.<\/p>\t\t\t\t\t\t\t\t<\/div>\n\t\t\t\t<\/div>\n\t\t\t\t\t<\/div>\n\t\t<\/div>\n\t\t\t\t\t<\/div>\n\t\t<\/section>\n\t\t\t\t<section class=\"elementor-section elementor-top-section elementor-element elementor-element-0ae5dde elementor-section-boxed elementor-section-height-default elementor-section-height-default\" data-id=\"0ae5dde\" data-element_type=\"section\" data-e-type=\"section\">\n\t\t\t\t\t\t<div class=\"elementor-container elementor-column-gap-default\">\n\t\t\t\t\t<div class=\"elementor-column elementor-col-100 elementor-top-column elementor-element elementor-element-2186e97\" data-id=\"2186e97\" data-element_type=\"column\" data-e-type=\"column\">\n\t\t\t<div class=\"elementor-widget-wrap elementor-element-populated\">\n\t\t\t\t\t\t<div class=\"elementor-element elementor-element-a8bfb10 elementor-widget elementor-widget-text-editor\" data-id=\"a8bfb10\" data-element_type=\"widget\" data-e-type=\"widget\" data-widget_type=\"text-editor.default\">\n\t\t\t\t<div class=\"elementor-widget-container\">\n\t\t\t\t\t\t\t\t\t<p>La entrevista se realiz\u00f3 en junio de 2023. Josefa y Ram\u00f3n esperaban en silencio la visita de una joven desconocida. Ambos la recibieron con entusiasmo y ansias de conversaci\u00f3n. Al comenzar la entrevista, Pepa, como prefiere que la llamen, se acomod\u00f3 en su silla y, con miradas c\u00f3mplices hacia su esposo, empez\u00f3 a relatar su historia, una historia que comparten.<br \/>En su narrativa, destaca la importancia de la uni\u00f3n familiar y las tradiciones que han mantenido s\u00f3lida a su familia a lo largo de los a\u00f1os. Describe c\u00f3mo la vida en un cortijo, a pesar de su dureza, se convierte en una experiencia perdurable.<\/p>\t\t\t\t\t\t\t\t<\/div>\n\t\t\t\t<\/div>\n\t\t\t\t\t<\/div>\n\t\t<\/div>\n\t\t\t\t\t<\/div>\n\t\t<\/section>\n\t\t\t\t<section class=\"elementor-section elementor-top-section elementor-element elementor-element-b58d14f elementor-section-boxed elementor-section-height-default elementor-section-height-default\" data-id=\"b58d14f\" data-element_type=\"section\" data-e-type=\"section\">\n\t\t\t\t\t\t<div class=\"elementor-container elementor-column-gap-default\">\n\t\t\t\t\t<div class=\"elementor-column elementor-col-100 elementor-top-column elementor-element elementor-element-de7f95f\" data-id=\"de7f95f\" data-element_type=\"column\" data-e-type=\"column\">\n\t\t\t<div class=\"elementor-widget-wrap elementor-element-populated\">\n\t\t\t\t\t\t<div class=\"elementor-element elementor-element-7c0a8c6 elementor-arrows-position-inside elementor-pagination-position-outside elementor-widget elementor-widget-image-carousel\" data-id=\"7c0a8c6\" data-element_type=\"widget\" data-e-type=\"widget\" data-settings=\"{&quot;slides_to_show&quot;:&quot;1&quot;,&quot;navigation&quot;:&quot;both&quot;,&quot;autoplay&quot;:&quot;yes&quot;,&quot;pause_on_hover&quot;:&quot;yes&quot;,&quot;pause_on_interaction&quot;:&quot;yes&quot;,&quot;autoplay_speed&quot;:5000,&quot;infinite&quot;:&quot;yes&quot;,&quot;effect&quot;:&quot;slide&quot;,&quot;speed&quot;:500}\" data-widget_type=\"image-carousel.default\">\n\t\t\t\t<div class=\"elementor-widget-container\">\n\t\t\t\t\t\t\t<div class=\"elementor-image-carousel-wrapper swiper\" role=\"region\" aria-roledescription=\"carousel\" aria-label=\"Carrusel de im\u00e1genes\" dir=\"ltr\">\n\t\t\t<div class=\"elementor-image-carousel swiper-wrapper\" aria-live=\"off\">\n\t\t\t\t\t\t\t\t<div class=\"swiper-slide\" role=\"group\" aria-roledescription=\"slide\" aria-label=\"1 de 3\"><figure class=\"swiper-slide-inner\"><img decoding=\"async\" class=\"swiper-slide-image\" src=\"https:\/\/casamagina.fundacionindex.com\/wp-content\/uploads\/2024\/02\/Ramon-y-Josefa.jpeg\" alt=\"Ramon y Josefa\" \/><\/figure><\/div><div class=\"swiper-slide\" role=\"group\" aria-roledescription=\"slide\" aria-label=\"2 de 3\"><figure class=\"swiper-slide-inner\"><img decoding=\"async\" class=\"swiper-slide-image\" src=\"https:\/\/casamagina.fundacionindex.com\/wp-content\/uploads\/2024\/02\/Ramony-josefa-con-su-hija.jpeg\" alt=\"Ramony josefa con su hija\" \/><\/figure><\/div><div class=\"swiper-slide\" role=\"group\" aria-roledescription=\"slide\" aria-label=\"3 de 3\"><figure class=\"swiper-slide-inner\"><img decoding=\"async\" class=\"swiper-slide-image\" src=\"https:\/\/casamagina.fundacionindex.com\/wp-content\/uploads\/2024\/02\/Josefa-y-su-marido-2-1536x691.jpeg\" alt=\"Josefa y su marido (2)\" \/><\/figure><\/div>\t\t\t<\/div>\n\t\t\t\t\t\t\t\t\t\t\t\t<div class=\"elementor-swiper-button elementor-swiper-button-prev\" role=\"button\" tabindex=\"0\">\n\t\t\t\t\t\t<i aria-hidden=\"true\" class=\"eicon-chevron-left\"><\/i>\t\t\t\t\t<\/div>\n\t\t\t\t\t<div class=\"elementor-swiper-button elementor-swiper-button-next\" role=\"button\" tabindex=\"0\">\n\t\t\t\t\t\t<i aria-hidden=\"true\" class=\"eicon-chevron-right\"><\/i>\t\t\t\t\t<\/div>\n\t\t\t\t\n\t\t\t\t\t\t\t\t\t<div class=\"swiper-pagination\"><\/div>\n\t\t\t\t\t\t\t\t\t<\/div>\n\t\t\t\t\t\t<\/div>\n\t\t\t\t<\/div>\n\t\t\t\t\t<\/div>\n\t\t<\/div>\n\t\t\t\t\t<\/div>\n\t\t<\/section>\n\t\t\t\t<section class=\"elementor-section elementor-top-section elementor-element elementor-element-b9e4df9 elementor-section-boxed elementor-section-height-default elementor-section-height-default\" data-id=\"b9e4df9\" data-element_type=\"section\" data-e-type=\"section\">\n\t\t\t\t\t\t<div class=\"elementor-container elementor-column-gap-default\">\n\t\t\t\t\t<div class=\"elementor-column elementor-col-33 elementor-top-column elementor-element elementor-element-0c82060\" data-id=\"0c82060\" data-element_type=\"column\" data-e-type=\"column\">\n\t\t\t<div class=\"elementor-widget-wrap elementor-element-populated\">\n\t\t\t\t\t\t<div class=\"elementor-element elementor-element-1234379 elementor-widget elementor-widget-image\" data-id=\"1234379\" data-element_type=\"widget\" data-e-type=\"widget\" data-widget_type=\"image.default\">\n\t\t\t\t<div class=\"elementor-widget-container\">\n\t\t\t\t\t\t\t\t\t\t\t\t<figure class=\"wp-caption\">\n\t\t\t\t\t\t\t\t\t\t\t<a href=\"https:\/\/www.fundacionindex.com\/casamagina\/?p=954\">\n\t\t\t\t\t\t\t<img decoding=\"async\" width=\"171\" height=\"300\" src=\"https:\/\/casamagina.fundacionindex.com\/wp-content\/uploads\/2024\/02\/Josefa-Perez-171x300.png\" class=\"elementor-animation-grow attachment-medium size-medium wp-image-955\" alt=\"\" srcset=\"https:\/\/casamagina.fundacionindex.com\/wp-content\/uploads\/2024\/02\/Josefa-Perez-171x300.png 171w, https:\/\/casamagina.fundacionindex.com\/wp-content\/uploads\/2024\/02\/Josefa-Perez.png 501w\" sizes=\"(max-width: 171px) 100vw, 171px\" \/>\t\t\t\t\t\t\t\t<\/a>\n\t\t\t\t\t\t\t\t\t\t\t<figcaption class=\"widget-image-caption wp-caption-text\">Mi historia<\/figcaption>\n\t\t\t\t\t\t\t\t\t\t<\/figure>\n\t\t\t\t\t\t\t\t\t<\/div>\n\t\t\t\t<\/div>\n\t\t\t\t\t<\/div>\n\t\t<\/div>\n\t\t\t\t<div class=\"elementor-column elementor-col-33 elementor-top-column elementor-element elementor-element-a6f888a\" data-id=\"a6f888a\" data-element_type=\"column\" data-e-type=\"column\">\n\t\t\t<div class=\"elementor-widget-wrap\">\n\t\t\t\t\t\t\t<\/div>\n\t\t<\/div>\n\t\t\t\t<div class=\"elementor-column elementor-col-33 elementor-top-column elementor-element elementor-element-348a886\" data-id=\"348a886\" data-element_type=\"column\" data-e-type=\"column\">\n\t\t\t<div class=\"elementor-widget-wrap\">\n\t\t\t\t\t\t\t<\/div>\n\t\t<\/div>\n\t\t\t\t\t<\/div>\n\t\t<\/section>\n\t\t\t\t<\/div>\n\t\t","protected":false},"excerpt":{"rendered":"<p>Recuerdo la valent\u00eda de mi madre, a pesar de lo malo de aquellos tiempos, siempre sab\u00eda como sacarnos adelante. Josefa, una mujer casada con Ram\u00f3n y madre de dos hijas y un hijo, vio la luz en un cortijo cercano a Cabra del Santo Cristo. Su vida est\u00e1 \u00edntimamente ligada al trabajo de la tierra, &hellip; <a href=\"https:\/\/casamagina.fundacionindex.com\/?page_id=961\" class=\"more-link\">Seguir leyendo <span class=\"screen-reader-text\">M.\u00aa Josefa P\u00e9rez P\u00e9rez<\/span> <span class=\"meta-nav\">&rarr;<\/span><\/a><\/p>\n","protected":false},"author":5,"featured_media":0,"parent":0,"menu_order":0,"comment_status":"closed","ping_status":"closed","template":"","meta":{"footnotes":""},"class_list":["post-961","page","type-page","status-publish","hentry"],"_links":{"self":[{"href":"https:\/\/casamagina.fundacionindex.com\/index.php?rest_route=\/wp\/v2\/pages\/961","targetHints":{"allow":["GET"]}}],"collection":[{"href":"https:\/\/casamagina.fundacionindex.com\/index.php?rest_route=\/wp\/v2\/pages"}],"about":[{"href":"https:\/\/casamagina.fundacionindex.com\/index.php?rest_route=\/wp\/v2\/types\/page"}],"author":[{"embeddable":true,"href":"https:\/\/casamagina.fundacionindex.com\/index.php?rest_route=\/wp\/v2\/users\/5"}],"replies":[{"embeddable":true,"href":"https:\/\/casamagina.fundacionindex.com\/index.php?rest_route=%2Fwp%2Fv2%2Fcomments&post=961"}],"version-history":[{"count":9,"href":"https:\/\/casamagina.fundacionindex.com\/index.php?rest_route=\/wp\/v2\/pages\/961\/revisions"}],"predecessor-version":[{"id":992,"href":"https:\/\/casamagina.fundacionindex.com\/index.php?rest_route=\/wp\/v2\/pages\/961\/revisions\/992"}],"wp:attachment":[{"href":"https:\/\/casamagina.fundacionindex.com\/index.php?rest_route=%2Fwp%2Fv2%2Fmedia&parent=961"}],"curies":[{"name":"wp","href":"https:\/\/api.w.org\/{rel}","templated":true}]}}