{"id":983,"date":"2024-02-26T20:45:29","date_gmt":"2024-02-26T19:45:29","guid":{"rendered":"https:\/\/www.fundacionindex.com\/casamagina\/?page_id=983"},"modified":"2024-02-26T20:50:01","modified_gmt":"2024-02-26T19:50:01","slug":"isabel-antonia-justicia-arias","status":"publish","type":"page","link":"https:\/\/casamagina.fundacionindex.com\/?page_id=983","title":{"rendered":"Isabel Antonia Justicia Arias"},"content":{"rendered":"\t\t<div data-elementor-type=\"wp-page\" data-elementor-id=\"983\" class=\"elementor elementor-983\">\n\t\t\t\t\t\t<section class=\"elementor-section elementor-top-section elementor-element elementor-element-f085025 elementor-section-boxed elementor-section-height-default elementor-section-height-default\" data-id=\"f085025\" data-element_type=\"section\" data-e-type=\"section\">\n\t\t\t\t\t\t<div class=\"elementor-container elementor-column-gap-default\">\n\t\t\t\t\t<div class=\"elementor-column elementor-col-33 elementor-top-column elementor-element elementor-element-2c85d28\" data-id=\"2c85d28\" data-element_type=\"column\" data-e-type=\"column\">\n\t\t\t<div class=\"elementor-widget-wrap\">\n\t\t\t\t\t\t\t<\/div>\n\t\t<\/div>\n\t\t\t\t<div class=\"elementor-column elementor-col-66 elementor-top-column elementor-element elementor-element-33fd3d0\" data-id=\"33fd3d0\" data-element_type=\"column\" data-e-type=\"column\">\n\t\t\t<div class=\"elementor-widget-wrap elementor-element-populated\">\n\t\t\t\t\t\t<div class=\"elementor-element elementor-element-b321cae elementor-widget elementor-widget-text-editor\" data-id=\"b321cae\" data-element_type=\"widget\" data-e-type=\"widget\" data-widget_type=\"text-editor.default\">\n\t\t\t\t<div class=\"elementor-widget-container\">\n\t\t\t\t\t\t\t\t\t<p><em>Mi madre nos crio sola y con mucho esfuerzo. Por eso, yo si creo en las cosas de Dios , en lo que dicen los dem\u00e1s no.<\/em><\/p>\t\t\t\t\t\t\t\t<\/div>\n\t\t\t\t<\/div>\n\t\t\t\t\t<\/div>\n\t\t<\/div>\n\t\t\t\t\t<\/div>\n\t\t<\/section>\n\t\t\t\t<section class=\"elementor-section elementor-top-section elementor-element elementor-element-058b7b4 elementor-section-boxed elementor-section-height-default elementor-section-height-default\" data-id=\"058b7b4\" data-element_type=\"section\" data-e-type=\"section\">\n\t\t\t\t\t\t<div class=\"elementor-container elementor-column-gap-default\">\n\t\t\t\t\t<div class=\"elementor-column elementor-col-50 elementor-top-column elementor-element elementor-element-c1b8ee5\" data-id=\"c1b8ee5\" data-element_type=\"column\" data-e-type=\"column\">\n\t\t\t<div class=\"elementor-widget-wrap elementor-element-populated\">\n\t\t\t\t\t\t<div class=\"elementor-element elementor-element-47f5f53 elementor-widget elementor-widget-image\" data-id=\"47f5f53\" data-element_type=\"widget\" data-e-type=\"widget\" data-widget_type=\"image.default\">\n\t\t\t\t<div class=\"elementor-widget-container\">\n\t\t\t\t\t\t\t\t\t\t\t\t\t\t\t<img fetchpriority=\"high\" decoding=\"async\" width=\"569\" height=\"1024\" src=\"https:\/\/casamagina.fundacionindex.com\/wp-content\/uploads\/2024\/02\/Isabel-569x1024.jpeg\" class=\"attachment-large size-large wp-image-986\" alt=\"\" srcset=\"https:\/\/casamagina.fundacionindex.com\/wp-content\/uploads\/2024\/02\/Isabel-569x1024.jpeg 569w, https:\/\/casamagina.fundacionindex.com\/wp-content\/uploads\/2024\/02\/Isabel-167x300.jpeg 167w, https:\/\/casamagina.fundacionindex.com\/wp-content\/uploads\/2024\/02\/Isabel-768x1383.jpeg 768w, https:\/\/casamagina.fundacionindex.com\/wp-content\/uploads\/2024\/02\/Isabel-853x1536.jpeg 853w, https:\/\/casamagina.fundacionindex.com\/wp-content\/uploads\/2024\/02\/Isabel.jpeg 921w\" sizes=\"(max-width: 569px) 100vw, 569px\" \/>\t\t\t\t\t\t\t\t\t\t\t\t\t\t\t<\/div>\n\t\t\t\t<\/div>\n\t\t\t\t\t<\/div>\n\t\t<\/div>\n\t\t\t\t<div class=\"elementor-column elementor-col-50 elementor-top-column elementor-element elementor-element-1d830a3\" data-id=\"1d830a3\" data-element_type=\"column\" data-e-type=\"column\">\n\t\t\t<div class=\"elementor-widget-wrap elementor-element-populated\">\n\t\t\t\t\t\t<div class=\"elementor-element elementor-element-8468b3a elementor-widget elementor-widget-text-editor\" data-id=\"8468b3a\" data-element_type=\"widget\" data-e-type=\"widget\" data-widget_type=\"text-editor.default\">\n\t\t\t\t<div class=\"elementor-widget-container\">\n\t\t\t\t\t\t\t\t\t<p>Isabel, viuda y madre de cuatro hijos, guarda en su memoria las cicatrices del pasado desde su nacimiento en Cabra del Santo Cristo. La partida temprana de su padre y hermano la sumi\u00f3 en una traves\u00eda donde la fe y los valores familiares moldearon su cotidianidad.\u00a0 En su cocina, santuario de recuerdos, los remedios y plantas medicinales que su madre le transmiti\u00f3, se convierten en s\u00edmbolo del cuidado perpetuando el legado familiar.<\/p>\t\t\t\t\t\t\t\t<\/div>\n\t\t\t\t<\/div>\n\t\t\t\t\t<\/div>\n\t\t<\/div>\n\t\t\t\t\t<\/div>\n\t\t<\/section>\n\t\t\t\t<section class=\"elementor-section elementor-top-section elementor-element elementor-element-fde2104 elementor-section-boxed elementor-section-height-default elementor-section-height-default\" data-id=\"fde2104\" data-element_type=\"section\" data-e-type=\"section\">\n\t\t\t\t\t\t<div class=\"elementor-container elementor-column-gap-default\">\n\t\t\t\t\t<div class=\"elementor-column elementor-col-100 elementor-top-column elementor-element elementor-element-7656fb0\" data-id=\"7656fb0\" data-element_type=\"column\" data-e-type=\"column\">\n\t\t\t<div class=\"elementor-widget-wrap elementor-element-populated\">\n\t\t\t\t\t\t<div class=\"elementor-element elementor-element-03f9152 elementor-widget elementor-widget-text-editor\" data-id=\"03f9152\" data-element_type=\"widget\" data-e-type=\"widget\" data-widget_type=\"text-editor.default\">\n\t\t\t\t<div class=\"elementor-widget-container\">\n\t\t\t\t\t\t\t\t\t<p>La entrevista se realiz\u00f3 una c\u00e1lida tarde de junio de 2023. Isabel, con la vivacidad de quien anticipa un relato entra\u00f1able, nos recibi\u00f3 en su hogar. Sentada en su butaca, con una serenidad que revelaba la sabidur\u00eda de los a\u00f1os, comenz\u00f3 narrar su vida. Entre cada pausa, su mirada se dirig\u00eda hacia los tarros de cristal,\u00a0 custodios silenciosos de las plantas medicinales que, a\u00fan hoy, velan por su bienestar. En su narrativa, destaca la presencia de la muerte, la importancia de los cuidados maternos y el papel de la naturaleza como protectora y cuidadora de la vida.<\/p>\t\t\t\t\t\t\t\t<\/div>\n\t\t\t\t<\/div>\n\t\t\t\t\t<\/div>\n\t\t<\/div>\n\t\t\t\t\t<\/div>\n\t\t<\/section>\n\t\t\t\t<section class=\"elementor-section elementor-top-section elementor-element elementor-element-473d8d9 elementor-section-boxed elementor-section-height-default elementor-section-height-default\" data-id=\"473d8d9\" data-element_type=\"section\" data-e-type=\"section\">\n\t\t\t\t\t\t<div class=\"elementor-container elementor-column-gap-default\">\n\t\t\t\t\t<div class=\"elementor-column elementor-col-100 elementor-top-column elementor-element elementor-element-b4a62d3\" data-id=\"b4a62d3\" data-element_type=\"column\" data-e-type=\"column\">\n\t\t\t<div class=\"elementor-widget-wrap elementor-element-populated\">\n\t\t\t\t\t\t<div class=\"elementor-element elementor-element-5b0f64a elementor-arrows-position-inside elementor-pagination-position-outside elementor-widget elementor-widget-image-carousel\" data-id=\"5b0f64a\" data-element_type=\"widget\" data-e-type=\"widget\" data-settings=\"{&quot;slides_to_show&quot;:&quot;1&quot;,&quot;navigation&quot;:&quot;both&quot;,&quot;autoplay&quot;:&quot;yes&quot;,&quot;pause_on_hover&quot;:&quot;yes&quot;,&quot;pause_on_interaction&quot;:&quot;yes&quot;,&quot;autoplay_speed&quot;:5000,&quot;infinite&quot;:&quot;yes&quot;,&quot;effect&quot;:&quot;slide&quot;,&quot;speed&quot;:500}\" data-widget_type=\"image-carousel.default\">\n\t\t\t\t<div class=\"elementor-widget-container\">\n\t\t\t\t\t\t\t<div class=\"elementor-image-carousel-wrapper swiper\" role=\"region\" aria-roledescription=\"carousel\" aria-label=\"Carrusel de im\u00e1genes\" dir=\"ltr\">\n\t\t\t<div class=\"elementor-image-carousel swiper-wrapper\" aria-live=\"off\">\n\t\t\t\t\t\t\t\t<div class=\"swiper-slide\" role=\"group\" aria-roledescription=\"slide\" aria-label=\"1 de 3\"><figure class=\"swiper-slide-inner\"><img decoding=\"async\" class=\"swiper-slide-image\" src=\"https:\/\/casamagina.fundacionindex.com\/wp-content\/uploads\/2024\/02\/Foto-isabel-3.jpeg\" alt=\"Foto isabel (3)\" \/><\/figure><\/div><div class=\"swiper-slide\" role=\"group\" aria-roledescription=\"slide\" aria-label=\"2 de 3\"><figure class=\"swiper-slide-inner\"><img decoding=\"async\" class=\"swiper-slide-image\" src=\"https:\/\/casamagina.fundacionindex.com\/wp-content\/uploads\/2024\/02\/Foto-Isabel-4.jpeg\" alt=\"Foto Isabel (4)\" \/><\/figure><\/div><div class=\"swiper-slide\" role=\"group\" aria-roledescription=\"slide\" aria-label=\"3 de 3\"><figure class=\"swiper-slide-inner\"><img decoding=\"async\" class=\"swiper-slide-image\" src=\"https:\/\/casamagina.fundacionindex.com\/wp-content\/uploads\/2024\/02\/Padres-de-Isabel.jpeg\" alt=\"Padres de Isabel\" \/><\/figure><\/div>\t\t\t<\/div>\n\t\t\t\t\t\t\t\t\t\t\t\t<div class=\"elementor-swiper-button elementor-swiper-button-prev\" role=\"button\" tabindex=\"0\">\n\t\t\t\t\t\t<i aria-hidden=\"true\" class=\"eicon-chevron-left\"><\/i>\t\t\t\t\t<\/div>\n\t\t\t\t\t<div class=\"elementor-swiper-button elementor-swiper-button-next\" role=\"button\" tabindex=\"0\">\n\t\t\t\t\t\t<i aria-hidden=\"true\" class=\"eicon-chevron-right\"><\/i>\t\t\t\t\t<\/div>\n\t\t\t\t\n\t\t\t\t\t\t\t\t\t<div class=\"swiper-pagination\"><\/div>\n\t\t\t\t\t\t\t\t\t<\/div>\n\t\t\t\t\t\t<\/div>\n\t\t\t\t<\/div>\n\t\t\t\t\t<\/div>\n\t\t<\/div>\n\t\t\t\t\t<\/div>\n\t\t<\/section>\n\t\t\t\t<section class=\"elementor-section elementor-top-section elementor-element elementor-element-f685f97 elementor-section-boxed elementor-section-height-default elementor-section-height-default\" data-id=\"f685f97\" data-element_type=\"section\" data-e-type=\"section\">\n\t\t\t\t\t\t<div class=\"elementor-container elementor-column-gap-default\">\n\t\t\t\t\t<div class=\"elementor-column elementor-col-33 elementor-top-column elementor-element elementor-element-9cbd2a1\" data-id=\"9cbd2a1\" data-element_type=\"column\" data-e-type=\"column\">\n\t\t\t<div class=\"elementor-widget-wrap elementor-element-populated\">\n\t\t\t\t\t\t<div class=\"elementor-element elementor-element-9bcd9ab elementor-widget elementor-widget-image\" data-id=\"9bcd9ab\" data-element_type=\"widget\" data-e-type=\"widget\" data-widget_type=\"image.default\">\n\t\t\t\t<div class=\"elementor-widget-container\">\n\t\t\t\t\t\t\t\t\t\t\t\t<figure class=\"wp-caption\">\n\t\t\t\t\t\t\t\t\t\t\t<a href=\"https:\/\/www.fundacionindex.com\/casamagina\/?p=977\">\n\t\t\t\t\t\t\t<img decoding=\"async\" width=\"167\" height=\"300\" src=\"https:\/\/casamagina.fundacionindex.com\/wp-content\/uploads\/2024\/02\/Isabel-167x300.png\" class=\"elementor-animation-grow attachment-medium size-medium wp-image-978\" alt=\"\" srcset=\"https:\/\/casamagina.fundacionindex.com\/wp-content\/uploads\/2024\/02\/Isabel-167x300.png 167w, https:\/\/casamagina.fundacionindex.com\/wp-content\/uploads\/2024\/02\/Isabel.png 402w\" sizes=\"(max-width: 167px) 100vw, 167px\" \/>\t\t\t\t\t\t\t\t<\/a>\n\t\t\t\t\t\t\t\t\t\t\t<figcaption class=\"widget-image-caption wp-caption-text\">Mi historia<\/figcaption>\n\t\t\t\t\t\t\t\t\t\t<\/figure>\n\t\t\t\t\t\t\t\t\t<\/div>\n\t\t\t\t<\/div>\n\t\t\t\t\t<\/div>\n\t\t<\/div>\n\t\t\t\t<div class=\"elementor-column elementor-col-33 elementor-top-column elementor-element elementor-element-3a9b569\" data-id=\"3a9b569\" data-element_type=\"column\" data-e-type=\"column\">\n\t\t\t<div class=\"elementor-widget-wrap\">\n\t\t\t\t\t\t\t<\/div>\n\t\t<\/div>\n\t\t\t\t<div class=\"elementor-column elementor-col-33 elementor-top-column elementor-element elementor-element-e56f672\" data-id=\"e56f672\" data-element_type=\"column\" data-e-type=\"column\">\n\t\t\t<div class=\"elementor-widget-wrap\">\n\t\t\t\t\t\t\t<\/div>\n\t\t<\/div>\n\t\t\t\t\t<\/div>\n\t\t<\/section>\n\t\t\t\t<\/div>\n\t\t","protected":false},"excerpt":{"rendered":"<p>Mi madre nos crio sola y con mucho esfuerzo. Por eso, yo si creo en las cosas de Dios , en lo que dicen los dem\u00e1s no. Isabel, viuda y madre de cuatro hijos, guarda en su memoria las cicatrices del pasado desde su nacimiento en Cabra del Santo Cristo. La partida temprana de su &hellip; <a href=\"https:\/\/casamagina.fundacionindex.com\/?page_id=983\" class=\"more-link\">Seguir leyendo <span class=\"screen-reader-text\">Isabel Antonia Justicia Arias<\/span> <span class=\"meta-nav\">&rarr;<\/span><\/a><\/p>\n","protected":false},"author":5,"featured_media":0,"parent":0,"menu_order":0,"comment_status":"closed","ping_status":"closed","template":"","meta":{"footnotes":""},"class_list":["post-983","page","type-page","status-publish","hentry"],"_links":{"self":[{"href":"https:\/\/casamagina.fundacionindex.com\/index.php?rest_route=\/wp\/v2\/pages\/983","targetHints":{"allow":["GET"]}}],"collection":[{"href":"https:\/\/casamagina.fundacionindex.com\/index.php?rest_route=\/wp\/v2\/pages"}],"about":[{"href":"https:\/\/casamagina.fundacionindex.com\/index.php?rest_route=\/wp\/v2\/types\/page"}],"author":[{"embeddable":true,"href":"https:\/\/casamagina.fundacionindex.com\/index.php?rest_route=\/wp\/v2\/users\/5"}],"replies":[{"embeddable":true,"href":"https:\/\/casamagina.fundacionindex.com\/index.php?rest_route=%2Fwp%2Fv2%2Fcomments&post=983"}],"version-history":[{"count":4,"href":"https:\/\/casamagina.fundacionindex.com\/index.php?rest_route=\/wp\/v2\/pages\/983\/revisions"}],"predecessor-version":[{"id":995,"href":"https:\/\/casamagina.fundacionindex.com\/index.php?rest_route=\/wp\/v2\/pages\/983\/revisions\/995"}],"wp:attachment":[{"href":"https:\/\/casamagina.fundacionindex.com\/index.php?rest_route=%2Fwp%2Fv2%2Fmedia&parent=983"}],"curies":[{"name":"wp","href":"https:\/\/api.w.org\/{rel}","templated":true}]}}